{"id":401,"date":"2024-08-23T12:48:58","date_gmt":"2024-08-23T12:48:58","guid":{"rendered":"https:\/\/blog.racksweekend.com.br\/?page_id=401"},"modified":"2024-08-23T12:48:59","modified_gmt":"2024-08-23T12:48:59","slug":"sobre-nos","status":"publish","type":"page","link":"https:\/\/blog.racksweekend.com.br\/ar\/sobre-nos\/","title":{"rendered":"\u0645\u0639\u0644\u0648\u0645\u0627\u062a \u0639\u0646\u0627"},"content":{"rendered":"<p>\u0645\u0631\u062d\u0628\u0627\u064b \u0628\u0643\u0645 \u0641\u064a \u0645\u0648\u0642\u0639\u0646\u0627\u060c \u0646\u062d\u0648\u0651\u0644 \u0643\u0644 \u0646\u0647\u0627\u064a\u0629 \u0623\u0633\u0628\u0648\u0639 \u0625\u0644\u0649 \u0645\u063a\u0627\u0645\u0631\u0629 \u0644\u0627 \u062a\u064f\u0646\u0633\u0649 \u0648\u0643\u0644 \u0631\u062d\u0644\u0629 \u0625\u0644\u0649 \u062a\u062c\u0631\u0628\u0629 \u0641\u0631\u064a\u062f\u0629 \u0645\u0646 \u0646\u0648\u0639\u0647\u0627.<\/p>\n\n\n\n<p>\u0646\u062d\u0646 \u0645\u062a\u062d\u0645\u0633\u0648\u0646 \u0644\u0627\u0633\u062a\u0643\u0634\u0627\u0641 \u0627\u0644\u0639\u0627\u0644\u0645 \u0648\u0645\u0634\u0627\u0631\u0643\u0629 \u0647\u0630\u0647 \u0627\u0644\u0627\u0643\u062a\u0634\u0627\u0641\u0627\u062a \u0645\u0639\u0643 \u062d\u062a\u0649 \u062a\u062a\u0645\u0643\u0646 \u0645\u0646 \u062a\u062d\u0642\u064a\u0642 \u0623\u0642\u0635\u0649 \u0627\u0633\u062a\u0641\u0627\u062f\u0629 \u0645\u0646 \u0644\u062d\u0638\u0627\u062a \u0627\u0644\u0631\u0627\u062d\u0629 \u0648\u0627\u0644\u062a\u0631\u0641\u064a\u0647 \u0627\u0644\u062e\u0627\u0635\u0629 \u0628\u0643.<\/p>\n\n\n\n<h2 class=\"wp-block-heading\">\u062a\u0627\u0631\u064a\u062e\u0646\u0627<\/h2>\n\n\n\n<p>\u0628\u062f\u0623\u062a \u0631\u062d\u0644\u062a\u0646\u0627 \u0628\u0634\u063a\u0641 \u0628\u0633\u064a\u0637: \u0627\u0644\u0631\u063a\u0628\u0629 \u0641\u064a \u0627\u0644\u062e\u0631\u0648\u062c \u0639\u0646 \u0627\u0644\u0645\u0623\u0644\u0648\u0641 \u0648\u0627\u0643\u062a\u0634\u0627\u0641 \u0623\u0645\u0627\u0643\u0646 \u0648\u062b\u0642\u0627\u0641\u0627\u062a \u0648\u0646\u0643\u0647\u0627\u062a \u062c\u062f\u064a\u062f\u0629.<\/p>\n\n\n\n<p>\u0648\u0628\u0645\u0631\u0648\u0631 \u0627\u0644\u0648\u0642\u062a\u060c \u0623\u062f\u0631\u0643\u0646\u0627 \u0623\u0646 \u0627\u0644\u0643\u062b\u064a\u0631 \u0645\u0646 \u0627\u0644\u0623\u0634\u062e\u0627\u0635 \u064a\u0634\u0627\u0631\u0643\u0648\u0646\u0647\u0645 \u0647\u0630\u0647 \u0627\u0644\u0631\u063a\u0628\u0629\u060c \u0644\u0643\u0646\u0647\u0645 \u0644\u0627 \u064a\u0639\u0631\u0641\u0648\u0646 \u062f\u0627\u0626\u0645\u064b\u0627 \u0643\u064a\u0641 \u0623\u0648 \u0623\u064a\u0646 \u064a\u0645\u0643\u0646\u0647\u0645 \u0627\u0644\u0639\u062b\u0648\u0631 \u0639\u0644\u0649 \u0623\u0641\u0636\u0644 \u0627\u0644\u062e\u064a\u0627\u0631\u0627\u062a.<\/p>\n\n\n\n<p>\u0644\u0647\u0630\u0627 \u0627\u0644\u0633\u0628\u0628 \u0642\u0631\u0631\u0646\u0627 \u0625\u0646\u0634\u0627\u0621 \u0647\u0630\u0647 \u0627\u0644\u0645\u0633\u0627\u062d\u0629\u060c \u062d\u064a\u062b \u064a\u0645\u0643\u0646\u0643 \u0627\u0644\u0639\u062b\u0648\u0631 \u0639\u0644\u0649 \u0627\u0644\u0625\u0644\u0647\u0627\u0645 \u0648\u0627\u0644\u0645\u0639\u0644\u0648\u0645\u0627\u062a \u0644\u0644\u062a\u062e\u0637\u064a\u0637 \u0644\u0639\u0637\u0644\u0629 \u0646\u0647\u0627\u064a\u0629 \u0627\u0644\u0623\u0633\u0628\u0648\u0639 \u0627\u0644\u0642\u0627\u062f\u0645\u0629 \u0623\u0648 \u0631\u062d\u0644\u0629 \u0623\u062d\u0644\u0627\u0645\u0643.<\/p>\n\n\n\n<h2 class=\"wp-block-heading\">\u0645\u0647\u0645\u062a\u0646\u0627<\/h2>\n\n\n\n<p>\u0647\u062f\u0641\u0646\u0627 \u0627\u0644\u0631\u0626\u064a\u0633\u064a \u0647\u0648 \u0645\u0633\u0627\u0639\u062f\u062a\u0643 \u0639\u0644\u0649 \u062a\u062d\u0648\u064a\u0644 \u064a\u0648\u0645 \u0625\u062c\u0627\u0632\u062a\u0643 \u0625\u0644\u0649 \u062a\u062c\u0631\u0628\u0629 \u0645\u0630\u0647\u0644\u0629.<\/p>\n\n\n\n<p>\u0646\u062d\u0646 \u0646\u0639\u0644\u0645 \u0645\u062f\u0649 \u0623\u0647\u0645\u064a\u0629 \u0627\u0644\u0648\u0642\u062a \u0648\u0646\u0624\u0645\u0646 \u0623\u0646 \u0643\u0644 \u0639\u0637\u0644\u0629 \u0646\u0647\u0627\u064a\u0629 \u0623\u0633\u0628\u0648\u0639 \u064a\u0645\u0643\u0646 \u0623\u0646 \u062a\u0643\u0648\u0646 \u0641\u0631\u0635\u0629 \u0644\u0625\u0639\u0627\u062f\u0629 \u0634\u062d\u0646 \u0637\u0627\u0642\u062a\u0643 \u0648\u0627\u0633\u062a\u0643\u0634\u0627\u0641 \u0622\u0641\u0627\u0642 \u062c\u062f\u064a\u062f\u0629 \u0648\u062e\u0644\u0642 \u0627\u0644\u0630\u0643\u0631\u064a\u0627\u062a.<\/p>\n\n\n\n<p>\u0646\u0631\u064a\u062f\u0643 \u0623\u0646 \u062a\u062d\u0642\u0642 \u0623\u0642\u0635\u0649 \u0627\u0633\u062a\u0641\u0627\u062f\u0629 \u0645\u0646 \u0631\u062d\u0644\u062a\u0643\u060c \u0633\u0648\u0627\u0621 \u0643\u0627\u0646\u062a \u0648\u062c\u0647\u0629 \u0623\u0642\u0631\u0628 \u0625\u0644\u0649 \u0645\u0646\u0632\u0644\u0643 \u0623\u0648 \u0645\u063a\u0627\u0645\u0631\u0629 \u0641\u064a \u0628\u0644\u062f \u0622\u062e\u0631.<\/p>\n\n\n\n<p>\u0648\u0644\u0647\u0630\u0627 \u0627\u0644\u0633\u0628\u0628 \u0646\u0633\u0639\u0649 \u062c\u0627\u0647\u062f\u064a\u0646 \u0644\u062a\u0632\u0648\u064a\u062f\u0643 \u0628\u0627\u0644\u0646\u0635\u0627\u0626\u062d \u0627\u0644\u0639\u0645\u0644\u064a\u0629 \u0648\u0627\u0642\u062a\u0631\u0627\u062d\u0627\u062a \u062e\u0637 \u0633\u064a\u0631 \u0627\u0644\u0631\u062d\u0644\u0629 \u0648\u0643\u0644 \u0645\u0627 \u062a\u062d\u062a\u0627\u062c \u0625\u0644\u0649 \u0645\u0639\u0631\u0641\u062a\u0647 \u062d\u062a\u0649 \u062a\u062a\u0645\u0643\u0646 \u0645\u0646 \u0627\u0644\u0627\u0633\u062a\u0645\u062a\u0627\u0639 \u0628\u0631\u062d\u0644\u062a\u0643 \u0628\u0631\u0627\u062d\u0629 \u0627\u0644\u0628\u0627\u0644.<\/p>\n\n\n\n<h2 class=\"wp-block-heading\">\u0645\u0627\u0630\u0627 \u0646\u0642\u062f\u0645\u061f<\/h2>\n\n\n\n<p>\u0633\u062a\u062c\u062f \u0647\u0646\u0627 \u0643\u0644 \u0634\u064a\u0621\u060c \u0628\u062f\u0621\u064b\u0627 \u0645\u0646 \u0627\u0644\u0646\u0635\u0627\u0626\u062d \u062d\u0648\u0644 \u0627\u0644\u0648\u062c\u0647\u0627\u062a \u0627\u0644\u0645\u062b\u0627\u0644\u064a\u0629 \u0644\u0639\u0637\u0644\u0629 \u0646\u0647\u0627\u064a\u0629 \u0627\u0644\u0623\u0633\u0628\u0648\u0639 \u0648\u062d\u062a\u0649 \u0627\u0644\u0623\u062f\u0644\u0629 \u0627\u0644\u0643\u0627\u0645\u0644\u0629 \u0644\u0644\u0631\u062d\u0644\u0627\u062a \u0627\u0644\u0637\u0648\u064a\u0644\u0629.<\/p>\n\n\n\n<p>\u0646\u062d\u0646 \u0646\u0639\u0644\u0645 \u0623\u0646 \u0643\u0644 \u0634\u062e\u0635 \u0644\u062f\u064a\u0647 \u0637\u0631\u064a\u0642\u0629 \u0645\u062e\u062a\u0644\u0641\u0629 \u0644\u0644\u0633\u0641\u0631\u060c \u0648\u0644\u0647\u0630\u0627 \u0627\u0644\u0633\u0628\u0628 \u0646\u0633\u0639\u0649 \u0644\u0625\u0646\u0634\u0627\u0621 \u0645\u062d\u062a\u0648\u0649 \u0645\u062e\u062a\u0644\u0641 \u064a\u0644\u0628\u064a \u0627\u0644\u062a\u0641\u0636\u064a\u0644\u0627\u062a \u0627\u0644\u0623\u0643\u062b\u0631 \u062a\u0646\u0648\u0639\u064b\u0627.<\/p>\n\n\n\n<p>\u0633\u0648\u0627\u0621 \u0643\u0646\u062a \u0645\u0633\u0627\u0641\u0631\u064b\u0627 \u0645\u0646\u0641\u0631\u062f\u064b\u0627\u060c \u0623\u0648 \u0632\u0648\u062c\u064b\u0627 \u064a\u0628\u062d\u062b \u0639\u0646 \u0627\u0644\u0631\u0648\u0645\u0627\u0646\u0633\u064a\u0629 \u0623\u0648 \u0639\u0627\u0626\u0644\u0629 \u062a\u0628\u062d\u062b \u0639\u0646 \u0627\u0644\u0645\u062a\u0639\u0629\u060c \u0641\u0646\u062d\u0646 \u0646\u0648\u0641\u0631 \u0644\u0643 \u0643\u0644 \u0645\u0627 \u062a\u062d\u062a\u0627\u062c\u0647.<\/p>\n\n\n\n<ul class=\"wp-block-list\">\n<li><strong>\u0648\u062c\u0647\u0627\u062a \u0646\u0647\u0627\u064a\u0629 \u0627\u0644\u0623\u0633\u0628\u0648\u0639:<\/strong> \u0627\u0642\u062a\u0631\u0627\u062d\u0627\u062a \u0644\u0623\u0645\u0627\u0643\u0646 \u0631\u0627\u0626\u0639\u0629 \u0628\u0627\u0644\u0642\u0631\u0628 \u0645\u0646\u0643\u060c \u0645\u062b\u0627\u0644\u064a\u0629 \u0644\u0642\u0636\u0627\u0621 \u0639\u0637\u0644\u0629 \u0633\u0631\u064a\u0639\u0629. \u0627\u0643\u062a\u0634\u0641 \u0627\u0644\u0623\u0645\u0627\u0643\u0646 \u0627\u0644\u0633\u0627\u062d\u0631\u0629 \u0644\u0644\u0627\u0633\u062a\u0631\u062e\u0627\u0621 \u0648\u0627\u0644\u0627\u0633\u062a\u0645\u062a\u0627\u0639 \u0628\u0627\u0644\u0637\u0628\u064a\u0639\u0629 \u0623\u0648 \u0627\u0644\u0630\u0647\u0627\u0628 \u0641\u064a \u0645\u063a\u0627\u0645\u0631\u0629\u060c \u062f\u0648\u0646 \u0627\u0644\u062d\u0627\u062c\u0629 \u0625\u0644\u0649 \u0627\u0644\u0633\u0641\u0631 \u0628\u0639\u064a\u062f\u064b\u0627.<\/li>\n\n\n\n<li><strong>\u0645\u0633\u0627\u0631\u0627\u062a \u0645\u062e\u0635\u0635\u0629:<\/strong> \u0646\u0642\u0648\u0645 \u0628\u0625\u0646\u0634\u0627\u0621 \u0645\u0633\u0627\u0631\u0627\u062a \u0645\u0635\u0645\u0645\u0629 \u062e\u0635\u064a\u0635\u064b\u0627 \u0644\u0623\u0648\u0644\u0626\u0643 \u0627\u0644\u0630\u064a\u0646 \u064a\u0631\u063a\u0628\u0648\u0646 \u0641\u064a \u062a\u062d\u0633\u064a\u0646 \u0648\u0642\u062a\u0647\u0645 \u0648\u062a\u062d\u0642\u064a\u0642 \u0623\u0642\u0635\u0649 \u0627\u0633\u062a\u0641\u0627\u062f\u0629 \u0645\u0646 \u0643\u0644 \u0644\u062d\u0638\u0629. \u0645\u0646 \u062e\u0644\u0627\u0644 \u0627\u0642\u062a\u0631\u0627\u062d\u0627\u062a\u0646\u0627 \u0644\u062e\u0637 \u0633\u064a\u0631 \u0627\u0644\u0631\u062d\u0644\u0629\u060c \u0633\u062a\u0639\u0631\u0641 \u0628\u0627\u0644\u0636\u0628\u0637 \u0645\u0627 \u064a\u062c\u0628 \u0639\u0644\u064a\u0643 \u0641\u0639\u0644\u0647 \u0648\u0623\u064a\u0646 \u062a\u0630\u0647\u0628 \u0648\u0643\u064a\u0641\u064a\u0629 \u0627\u0644\u0627\u0633\u062a\u0645\u062a\u0627\u0639 \u0628\u0643\u0644 \u0648\u062c\u0647\u0629.<\/li>\n\n\n\n<li><strong>\u0646\u0635\u0627\u0626\u062d \u0639\u0645\u0644\u064a\u0629:<\/strong> \u0628\u0627\u0644\u0625\u0636\u0627\u0641\u0629 \u0625\u0644\u0649 \u0627\u0644\u0648\u062c\u0647\u0627\u062a \u0648\u0645\u0633\u0627\u0631\u0627\u062a \u0627\u0644\u0631\u062d\u0644\u0629\u060c \u0646\u0642\u062f\u0645 \u0646\u0635\u0627\u0626\u062d \u0623\u0633\u0627\u0633\u064a\u0629 \u0644\u062a\u0633\u0647\u064a\u0644 \u0631\u062d\u0644\u062a\u0643\u060c \u0645\u062b\u0644 \u0623\u0641\u0636\u0644 \u0627\u0644\u0623\u0648\u0642\u0627\u062a \u0644\u0632\u064a\u0627\u0631\u0629 \u0627\u0644\u0645\u0639\u0627\u0644\u0645 \u0627\u0644\u0633\u064a\u0627\u062d\u064a\u0629\u060c \u0648\u0643\u064a\u0641\u064a\u0629 \u062a\u0648\u0641\u064a\u0631 \u0627\u0644\u0645\u0627\u0644 \u0623\u062b\u0646\u0627\u0621 \u0631\u062d\u0644\u062a\u0643\u060c \u0648\u0645\u0627 \u0644\u0627 \u064a\u0645\u0643\u0646\u0643 \u062a\u0641\u0648\u064a\u062a\u0647 \u0641\u064a \u0623\u0645\u062a\u0639\u062a\u0643.<\/li>\n\n\n\n<li><strong>\u0625\u0644\u0647\u0627\u0645:<\/strong> \u0642\u0635\u0635 \u0645\u0644\u0647\u0645\u0629 \u0645\u0646 \u0645\u0633\u0627\u0641\u0631\u064a\u0646 \u0622\u062e\u0631\u064a\u0646\u060c \u0648\u0623\u0641\u0643\u0627\u0631 \u0644\u062a\u062c\u0627\u0631\u0628 \u0645\u062e\u062a\u0644\u0641\u0629 \u0648\u0627\u0642\u062a\u0631\u0627\u062d\u0627\u062a \u0644\u0631\u062d\u0644\u0627\u062a \u0630\u0627\u062a \u0637\u0627\u0628\u0639 \u062e\u0627\u0635 \u0644\u0623\u0648\u0644\u0626\u0643 \u0627\u0644\u0630\u064a\u0646 \u064a\u0628\u062d\u062b\u0648\u0646 \u0639\u0646 \u0634\u064a\u0621 \u062e\u0627\u0631\u062c \u0639\u0646 \u0627\u0644\u0645\u0623\u0644\u0648\u0641.<\/li>\n<\/ul>\n\n\n\n<h2 class=\"wp-block-heading\">\u0627\u0644\u062a\u0632\u0627\u0645\u0646\u0627<\/h2>\n\n\n\n<p>\u0646\u062d\u0646 \u0646\u0624\u0645\u0646 \u0628\u0623\u0646 \u0627\u0644\u0633\u0641\u0631 \u0647\u0648 \u0623\u0643\u062b\u0631 \u0645\u0646 \u0645\u062c\u0631\u062f \u0627\u0644\u0627\u0646\u062a\u0642\u0627\u0644 \u0645\u0646 \u0645\u0643\u0627\u0646 \u0625\u0644\u0649 \u0622\u062e\u0631.<\/p>\n\n\n\n<p>\u0625\u0646\u0647\u0627 \u0641\u0631\u0635\u0629 \u0644\u0644\u062a\u0639\u0631\u0641 \u0639\u0644\u0649 \u062b\u0642\u0627\u0641\u0629 \u062c\u062f\u064a\u062f\u0629 \u0648\u0627\u0644\u0627\u0644\u062a\u0642\u0627\u0621 \u0628\u0623\u0634\u062e\u0627\u0635 \u0645\u062e\u062a\u0644\u0641\u064a\u0646 \u0648\u062a\u062c\u0631\u0628\u0629 \u0627\u0644\u062a\u063a\u064a\u064a\u0631.<\/p>\n\n\n\n<p>\u0648\u0644\u0647\u0630\u0627 \u0627\u0644\u0633\u0628\u0628 \u0646\u062d\u0646 \u0645\u0644\u062a\u0632\u0645\u0648\u0646 \u062f\u0627\u0626\u0645\u064b\u0627 \u0628\u062a\u0642\u062f\u064a\u0645 \u0645\u062d\u062a\u0648\u0649 \u0639\u0627\u0644\u064a \u0627\u0644\u062c\u0648\u062f\u0629 \u064a\u0639\u062a\u0645\u062f \u0639\u0644\u0649 \u0627\u0644\u0623\u0628\u062d\u0627\u062b \u0648\u0627\u0644\u062a\u062c\u0627\u0631\u0628 \u0627\u0644\u0648\u0627\u0642\u0639\u064a\u0629 \u062d\u062a\u0649 \u062a\u062a\u0645\u0643\u0646 \u0645\u0646 \u0627\u0644\u0633\u0641\u0631 \u0628\u062b\u0642\u0629 \u0648\u0623\u0645\u0627\u0646.<\/p>\n\n\n\n<p>\u0639\u0644\u0627\u0648\u0629 \u0639\u0644\u0649 \u0630\u0644\u0643\u060c \u0646\u062d\u0646 \u062f\u0627\u0626\u0645\u064b\u0627 \u0639\u0644\u0649 \u062f\u0631\u0627\u064a\u0629 \u0628\u0627\u0644\u0627\u062a\u062c\u0627\u0647\u0627\u062a \u0648\u0627\u0644\u062a\u063a\u064a\u0631\u0627\u062a \u0641\u064a \u0639\u0627\u0644\u0645 \u0627\u0644\u0633\u0641\u0631.<\/p>\n\n\n\n<p>\u0633\u0648\u0627\u0621 \u0643\u0646\u062a \u0645\u0646 \u0645\u062d\u0628\u064a \u0627\u0644\u0633\u0641\u0631 \u0627\u0644\u062a\u0642\u0644\u064a\u062f\u064a \u0623\u0648 \u0634\u062e\u0635\u064b\u0627 \u064a\u0641\u0636\u0644 \u0627\u0644\u0633\u0641\u0631 \u0627\u0644\u0628\u062f\u064a\u0644\u060c \u0641\u0633\u0648\u0641 \u0646\u062a\u0623\u0643\u062f \u0645\u0646 \u062d\u0635\u0648\u0644\u0643 \u0639\u0644\u0649 \u0623\u0641\u0636\u0644 \u0627\u0644\u0645\u0639\u0644\u0648\u0645\u0627\u062a \u0641\u064a \u0645\u062a\u0646\u0627\u0648\u0644 \u064a\u062f\u0643.<\/p>\n\n\n\n<h2 class=\"wp-block-heading\"><strong>\u062f\u0639\u0648\u0646\u0627 \u0646\u0633\u0627\u0641\u0631 \u0645\u0639\u0627\u061f<\/strong><\/h2>\n\n\n\n<p>\u0645\u0631\u062d\u0628\u0627 \u0628\u0643\u0645 \u0641\u064a \u0645\u0648\u0642\u0639\u0646\u0627. \u0646\u0623\u0645\u0644 \u0623\u0646 \u062a\u0643\u0648\u0646 \u0643\u0644 \u0646\u0642\u0631\u0629 \u062a\u0642\u0648\u0645 \u0628\u0647\u0627 \u0647\u064a \u0628\u062f\u0627\u064a\u0629 \u0631\u062d\u0644\u0629 \u062c\u062f\u064a\u062f\u0629.<\/p>\n\n\n\n<p>\u062f\u0639\u0648\u0646\u0627 \u0646\u0633\u062a\u0643\u0634\u0641 \u0627\u0644\u0639\u0627\u0644\u0645 \u0645\u0639\u064b\u0627\u060c \u0641\u064a \u0639\u0637\u0644\u0629 \u0646\u0647\u0627\u064a\u0629 \u0623\u0633\u0628\u0648\u0639 \u0648\u0627\u062d\u062f\u0629 \u0648\u0631\u062d\u0644\u0629 \u0648\u0627\u062d\u062f\u0629 \u0641\u064a \u0643\u0644 \u0645\u0631\u0629.<\/p>\n\n\n\n<p>\u0628\u0639\u062f \u0643\u0644 \u0634\u064a\u0621\u060c \u0627\u0644\u062d\u064a\u0627\u0629 \u0642\u0635\u064a\u0631\u0629 \u062c\u062f\u064b\u0627 \u0628\u062d\u064a\u062b \u0644\u0627 \u064a\u0645\u0643\u0646\u0643 \u0623\u0646 \u062a\u0639\u064a\u0634\u0647\u0627 \u0639\u0644\u0649 \u0623\u0643\u0645\u0644 \u0648\u062c\u0647\u060c \u0648\u0646\u062d\u0646 \u0647\u0646\u0627 \u0644\u0646\u0636\u0645\u0646 \u0644\u0643 \u0623\u0646 \u062a\u0639\u064a\u0634\u0647\u0627 \u0628\u0623\u0641\u0636\u0644 \u0645\u0627 \u062a\u0633\u062a\u0637\u064a\u0639.<\/p>","protected":false},"excerpt":{"rendered":"<p>Bem-vindo ao nosso site, transformamos cada fim de semana numa aventura inesquec\u00edvel e cada viagem numa experi\u00eancia \u00fanica. Somos apaixonados por explorar o mundo e partilhar consigo estas descobertas para que possa aproveitar ao m\u00e1ximo os seus momentos de descanso e lazer. Nossa Hist\u00f3ria A nossa viagem come\u00e7ou com uma paix\u00e3o simples: a vontade de &hellip; <\/p>","protected":false},"author":1,"featured_media":0,"parent":0,"menu_order":0,"comment_status":"closed","ping_status":"closed","template":"","meta":{"footnotes":"[]"},"class_list":["post-401","page","type-page","status-publish","hentry","latest_post"],"yoast_head":"<!-- This site is optimized with the Yoast SEO plugin v27.1.1 - https:\/\/yoast.com\/product\/yoast-seo-wordpress\/ -->\n<title>Sobre N\u00f3s - Blog Racks<\/title>\n<meta name=\"description\" content=\"Bem-vindo ao nosso site, transformamos cada fim de semana numa aventura inesquec\u00edvel e cada viagem numa experi\u00eancia \u00fanica.\" \/>\n<meta name=\"robots\" content=\"index, follow, max-snippet:-1, max-image-preview:large, max-video-preview:-1\" \/>\n<link rel=\"canonical\" href=\"https:\/\/blog.racksweekend.com.br\/ar\/sobre-nos\/\" \/>\n<meta property=\"og:locale\" content=\"ar_AR\" \/>\n<meta property=\"og:type\" content=\"article\" \/>\n<meta property=\"og:title\" content=\"Sobre N\u00f3s - Blog Racks\" \/>\n<meta property=\"og:description\" content=\"Bem-vindo ao nosso site, transformamos cada fim de semana numa aventura inesquec\u00edvel e cada viagem numa experi\u00eancia \u00fanica.\" \/>\n<meta property=\"og:url\" content=\"https:\/\/blog.racksweekend.com.br\/ar\/sobre-nos\/\" \/>\n<meta property=\"og:site_name\" content=\"Blog Racks\" \/>\n<meta property=\"article:modified_time\" content=\"2024-08-23T12:48:59+00:00\" \/>\n<meta name=\"twitter:card\" content=\"summary_large_image\" \/>\n<meta name=\"twitter:label1\" content=\"\u0648\u0642\u062a \u0627\u0644\u0642\u0631\u0627\u0621\u0629 \u0627\u0644\u0645\u064f\u0642\u062f\u0651\u0631\" \/>\n\t<meta name=\"twitter:data1\" content=\"4 \u062f\u0642\u0627\u0626\u0642\" \/>\n<script type=\"application\/ld+json\" class=\"yoast-schema-graph\">{\"@context\":\"https:\/\/schema.org\",\"@graph\":[{\"@type\":\"WebPage\",\"@id\":\"https:\/\/blog.racksweekend.com.br\/sobre-nos\/\",\"url\":\"https:\/\/blog.racksweekend.com.br\/sobre-nos\/\",\"name\":\"Sobre N\u00f3s - Blog Racks\",\"isPartOf\":{\"@id\":\"https:\/\/blog.racksweekend.com.br\/en\/#website\"},\"datePublished\":\"2024-08-23T12:48:58+00:00\",\"dateModified\":\"2024-08-23T12:48:59+00:00\",\"description\":\"Bem-vindo ao nosso site, transformamos cada fim de semana numa aventura inesquec\u00edvel e cada viagem numa experi\u00eancia \u00fanica.\",\"breadcrumb\":{\"@id\":\"https:\/\/blog.racksweekend.com.br\/sobre-nos\/#breadcrumb\"},\"inLanguage\":\"ar\",\"potentialAction\":[{\"@type\":\"ReadAction\",\"target\":[\"https:\/\/blog.racksweekend.com.br\/sobre-nos\/\"]}]},{\"@type\":\"BreadcrumbList\",\"@id\":\"https:\/\/blog.racksweekend.com.br\/sobre-nos\/#breadcrumb\",\"itemListElement\":[{\"@type\":\"ListItem\",\"position\":1,\"name\":\"Home\",\"item\":\"https:\/\/blog.racksweekend.com.br\/en\/\"},{\"@type\":\"ListItem\",\"position\":2,\"name\":\"Sobre N\u00f3s\"}]},{\"@type\":\"WebSite\",\"@id\":\"https:\/\/blog.racksweekend.com.br\/en\/#website\",\"url\":\"https:\/\/blog.racksweekend.com.br\/en\/\",\"name\":\"Blog Racks\",\"description\":\"Weekend\",\"publisher\":{\"@id\":\"https:\/\/blog.racksweekend.com.br\/en\/#organization\"},\"potentialAction\":[{\"@type\":\"SearchAction\",\"target\":{\"@type\":\"EntryPoint\",\"urlTemplate\":\"https:\/\/blog.racksweekend.com.br\/en\/?s={search_term_string}\"},\"query-input\":{\"@type\":\"PropertyValueSpecification\",\"valueRequired\":true,\"valueName\":\"search_term_string\"}}],\"inLanguage\":\"ar\"},{\"@type\":\"Organization\",\"@id\":\"https:\/\/blog.racksweekend.com.br\/en\/#organization\",\"name\":\"Blog Racks\",\"url\":\"https:\/\/blog.racksweekend.com.br\/en\/\",\"logo\":{\"@type\":\"ImageObject\",\"inLanguage\":\"ar\",\"@id\":\"https:\/\/blog.racksweekend.com.br\/en\/#\/schema\/logo\/image\/\",\"url\":\"https:\/\/blog.racksweekend.com.br\/wp-content\/uploads\/2024\/02\/cropped-BLOG.png\",\"contentUrl\":\"https:\/\/blog.racksweekend.com.br\/wp-content\/uploads\/2024\/02\/cropped-BLOG.png\",\"width\":1248,\"height\":771,\"caption\":\"Blog Racks\"},\"image\":{\"@id\":\"https:\/\/blog.racksweekend.com.br\/en\/#\/schema\/logo\/image\/\"}}]}<\/script>\n<!-- \/ Yoast SEO plugin. -->","yoast_head_json":{"title":"Sobre N\u00f3s - Blog Racks","description":"\u0645\u0631\u062d\u0628\u0627\u064b \u0628\u0643\u0645 \u0641\u064a \u0645\u0648\u0642\u0639\u0646\u0627\u060c \u0646\u062d\u0648\u0651\u0644 \u0643\u0644 \u0646\u0647\u0627\u064a\u0629 \u0623\u0633\u0628\u0648\u0639 \u0625\u0644\u0649 \u0645\u063a\u0627\u0645\u0631\u0629 \u0644\u0627 \u062a\u064f\u0646\u0633\u0649 \u0648\u0643\u0644 \u0631\u062d\u0644\u0629 \u0625\u0644\u0649 \u062a\u062c\u0631\u0628\u0629 \u0641\u0631\u064a\u062f\u0629 \u0645\u0646 \u0646\u0648\u0639\u0647\u0627.","robots":{"index":"index","follow":"follow","max-snippet":"max-snippet:-1","max-image-preview":"max-image-preview:large","max-video-preview":"max-video-preview:-1"},"canonical":"https:\/\/blog.racksweekend.com.br\/ar\/sobre-nos\/","og_locale":"ar_AR","og_type":"article","og_title":"Sobre N\u00f3s - Blog Racks","og_description":"Bem-vindo ao nosso site, transformamos cada fim de semana numa aventura inesquec\u00edvel e cada viagem numa experi\u00eancia \u00fanica.","og_url":"https:\/\/blog.racksweekend.com.br\/ar\/sobre-nos\/","og_site_name":"Blog Racks","article_modified_time":"2024-08-23T12:48:59+00:00","twitter_card":"summary_large_image","twitter_misc":{"\u0648\u0642\u062a \u0627\u0644\u0642\u0631\u0627\u0621\u0629 \u0627\u0644\u0645\u064f\u0642\u062f\u0651\u0631":"4 \u062f\u0642\u0627\u0626\u0642"},"schema":{"@context":"https:\/\/schema.org","@graph":[{"@type":"WebPage","@id":"https:\/\/blog.racksweekend.com.br\/sobre-nos\/","url":"https:\/\/blog.racksweekend.com.br\/sobre-nos\/","name":"Sobre N\u00f3s - Blog Racks","isPartOf":{"@id":"https:\/\/blog.racksweekend.com.br\/en\/#website"},"datePublished":"2024-08-23T12:48:58+00:00","dateModified":"2024-08-23T12:48:59+00:00","description":"\u0645\u0631\u062d\u0628\u0627\u064b \u0628\u0643\u0645 \u0641\u064a \u0645\u0648\u0642\u0639\u0646\u0627\u060c \u0646\u062d\u0648\u0651\u0644 \u0643\u0644 \u0646\u0647\u0627\u064a\u0629 \u0623\u0633\u0628\u0648\u0639 \u0625\u0644\u0649 \u0645\u063a\u0627\u0645\u0631\u0629 \u0644\u0627 \u062a\u064f\u0646\u0633\u0649 \u0648\u0643\u0644 \u0631\u062d\u0644\u0629 \u0625\u0644\u0649 \u062a\u062c\u0631\u0628\u0629 \u0641\u0631\u064a\u062f\u0629 \u0645\u0646 \u0646\u0648\u0639\u0647\u0627.","breadcrumb":{"@id":"https:\/\/blog.racksweekend.com.br\/sobre-nos\/#breadcrumb"},"inLanguage":"ar","potentialAction":[{"@type":"ReadAction","target":["https:\/\/blog.racksweekend.com.br\/sobre-nos\/"]}]},{"@type":"BreadcrumbList","@id":"https:\/\/blog.racksweekend.com.br\/sobre-nos\/#breadcrumb","itemListElement":[{"@type":"ListItem","position":1,"name":"Home","item":"https:\/\/blog.racksweekend.com.br\/en\/"},{"@type":"ListItem","position":2,"name":"Sobre N\u00f3s"}]},{"@type":"WebSite","@id":"https:\/\/blog.racksweekend.com.br\/en\/#website","url":"https:\/\/blog.racksweekend.com.br\/en\/","name":"\u0631\u0641\u0648\u0641 \u0627\u0644\u0645\u062f\u0648\u0646\u0629","description":"\u0639\u0637\u0644\u0629 \u0646\u0647\u0627\u064a\u0629 \u0627\u0644\u0627\u0633\u0628\u0648\u0639","publisher":{"@id":"https:\/\/blog.racksweekend.com.br\/en\/#organization"},"potentialAction":[{"@type":"SearchAction","target":{"@type":"EntryPoint","urlTemplate":"https:\/\/blog.racksweekend.com.br\/en\/?s={search_term_string}"},"query-input":{"@type":"PropertyValueSpecification","valueRequired":true,"valueName":"search_term_string"}}],"inLanguage":"ar"},{"@type":"Organization","@id":"https:\/\/blog.racksweekend.com.br\/en\/#organization","name":"\u0631\u0641\u0648\u0641 \u0627\u0644\u0645\u062f\u0648\u0646\u0629","url":"https:\/\/blog.racksweekend.com.br\/en\/","logo":{"@type":"ImageObject","inLanguage":"ar","@id":"https:\/\/blog.racksweekend.com.br\/en\/#\/schema\/logo\/image\/","url":"https:\/\/blog.racksweekend.com.br\/wp-content\/uploads\/2024\/02\/cropped-BLOG.png","contentUrl":"https:\/\/blog.racksweekend.com.br\/wp-content\/uploads\/2024\/02\/cropped-BLOG.png","width":1248,"height":771,"caption":"Blog Racks"},"image":{"@id":"https:\/\/blog.racksweekend.com.br\/en\/#\/schema\/logo\/image\/"}}]}},"_links":{"self":[{"href":"https:\/\/blog.racksweekend.com.br\/ar\/wp-json\/wp\/v2\/pages\/401","targetHints":{"allow":["GET"]}}],"collection":[{"href":"https:\/\/blog.racksweekend.com.br\/ar\/wp-json\/wp\/v2\/pages"}],"about":[{"href":"https:\/\/blog.racksweekend.com.br\/ar\/wp-json\/wp\/v2\/types\/page"}],"author":[{"embeddable":true,"href":"https:\/\/blog.racksweekend.com.br\/ar\/wp-json\/wp\/v2\/users\/1"}],"replies":[{"embeddable":true,"href":"https:\/\/blog.racksweekend.com.br\/ar\/wp-json\/wp\/v2\/comments?post=401"}],"version-history":[{"count":1,"href":"https:\/\/blog.racksweekend.com.br\/ar\/wp-json\/wp\/v2\/pages\/401\/revisions"}],"predecessor-version":[{"id":402,"href":"https:\/\/blog.racksweekend.com.br\/ar\/wp-json\/wp\/v2\/pages\/401\/revisions\/402"}],"wp:attachment":[{"href":"https:\/\/blog.racksweekend.com.br\/ar\/wp-json\/wp\/v2\/media?parent=401"}],"curies":[{"name":"\u0648\u0648\u0631\u062f\u0628\u0631\u064a\u0633","href":"https:\/\/api.w.org\/{rel}","templated":true}]}}