{"id":2,"date":"2023-12-13T13:49:45","date_gmt":"2023-12-13T13:49:45","guid":{"rendered":"http:\/\/blog.racksweekend.com.br\/?page_id=2"},"modified":"2025-04-22T14:26:30","modified_gmt":"2025-04-22T14:26:30","slug":"sample-page","status":"publish","type":"page","link":"https:\/\/blog.racksweekend.com.br\/de\/sample-page\/","title":{"rendered":"Nutzungsbedingungen"},"content":{"rendered":"<h2 class=\"wp-block-heading\">1. Bedingungen<\/h2>\n\n\n\n<p>Mit dem Zugriff auf die Blog-Racksweekend-Website erkl\u00e4ren Sie sich mit diesen Nutzungsbedingungen sowie allen geltenden Gesetzen und Vorschriften einverstanden und erkl\u00e4ren sich damit einverstanden, dass Sie f\u00fcr die Einhaltung aller geltenden lokalen Gesetze verantwortlich sind. Wenn Sie mit diesen Bedingungen nicht einverstanden sind, ist Ihnen die Nutzung oder der Zugriff auf diese Website untersagt. Die auf dieser Website enthaltenen Materialien sind durch geltendes Urheber- und Markenrecht gesch\u00fctzt.<\/p>\n\n\n\n<h2 class=\"wp-block-heading\">2. Nutzungslizenz<\/h2>\n\n\n\n<p>Es wird die Erlaubnis erteilt, vor\u00fcbergehend eine Kopie der Materialien (Informationen oder Software) auf der Blog-Website racksweekend f\u00fcr den pers\u00f6nlichen, nicht kommerziellen Gebrauch herunterzuladen. Es handelt sich um die Erteilung einer Lizenz, nicht um eine \u00dcbertragung des Eigentums. Im Rahmen dieser Lizenz d\u00fcrfen Sie nicht:<\/p>\n\n\n\n<ol class=\"wp-block-list\">\n<li>die Materialien zu ver\u00e4ndern oder zu kopieren;<\/li>\n\n\n\n<li>die Materialien f\u00fcr kommerzielle Zwecke oder f\u00fcr eine \u00f6ffentliche Darstellung (kommerziell oder nicht kommerziell) zu verwenden;<\/li>\n\n\n\n<li>versuchen, die auf der Blog-Website von Racksweekend enthaltene Software zu dekompilieren oder zur\u00fcckzuentwickeln;<\/li>\n\n\n\n<li>jegliche Urheberrechts- oder sonstige Eigentumsvermerke aus den Materialien entfernen; oder<\/li>\n\n\n\n<li>die Materialien an eine andere Person \u00fcbertragen oder die Materialien auf einem anderen Server \u201espiegeln\u201c.<\/li>\n<\/ol>\n\n\n\n<p>Diese Lizenz erlischt automatisch, wenn Sie gegen eine dieser Einschr\u00e4nkungen versto\u00dfen, und kann von blogracksweekend jederzeit gek\u00fcndigt werden. Nach Beendigung der Nutzung dieser Materialien oder nach Beendigung dieser Lizenz m\u00fcssen Sie alle heruntergeladenen Materialien in Ihrem Besitz l\u00f6schen, egal ob in elektronischer oder gedruckter Form.<\/p>\n\n\n\n<h2 class=\"wp-block-heading\">3. Haftungsausschluss<\/h2>\n\n\n\n<ol class=\"wp-block-list\">\n<li>Die Materialien auf der Website von Blog Racksweekend werden \u201ewie besehen\u201c bereitgestellt. Blog Racksweekend \u00fcbernimmt keine ausdr\u00fccklichen oder stillschweigenden Garantien und schlie\u00dft hiermit alle anderen Garantien aus, einschlie\u00dflich, aber nicht beschr\u00e4nkt auf stillschweigende Garantien oder Bedingungen der Marktg\u00e4ngigkeit, Eignung f\u00fcr einen bestimmten Zweck oder Nichtverletzung von geistigem Eigentum oder andere Rechtsverletzungen.<\/li>\n\n\n\n<li>Dar\u00fcber hinaus \u00fcbernimmt der Racksweekend-Blog keine Garantie oder Zusicherung hinsichtlich der Genauigkeit, der wahrscheinlichen Ergebnisse oder der Zuverl\u00e4ssigkeit der Verwendung der Materialien auf seiner Website oder in sonstiger Weise in Bezug auf diese Materialien oder auf Websites, die mit dieser Website verlinkt sind.<\/li>\n<\/ol>\n\n\n\n<h2 class=\"wp-block-heading\">4. Einschr\u00e4nkungen<\/h2>\n\n\n\n<p>Blog Racksweekend oder seine Lieferanten haften in keinem Fall f\u00fcr Sch\u00e4den (einschlie\u00dflich, aber nicht beschr\u00e4nkt auf Sch\u00e4den durch Datenverlust, entgangenen Gewinn oder Betriebsunterbrechung), die aus der Nutzung oder der Unm\u00f6glichkeit der Nutzung der Materialien auf Blog Racksweekend entstehen, selbst wenn Blog Racksweekend oder ein autorisierter Vertreter von Blog Racksweekend m\u00fcndlich oder schriftlich auf die M\u00f6glichkeit solcher Sch\u00e4den hingewiesen wurde. Da in einigen Rechtsr\u00e4umen Beschr\u00e4nkungen stillschweigender Garantien oder Haftungsbeschr\u00e4nkungen f\u00fcr Folge- oder Nebensch\u00e4den nicht zul\u00e4ssig sind, gelten diese Beschr\u00e4nkungen m\u00f6glicherweise nicht f\u00fcr Sie.<\/p>\n\n\n\n<h2 class=\"wp-block-heading\">5. Genauigkeit der Materialien<\/h2>\n\n\n\n<p>Die auf der Website von Blog Racksweekend angezeigten Materialien k\u00f6nnen technische, typografische oder fotografische Fehler enthalten. Blog Racksweekend \u00fcbernimmt keine Gew\u00e4hr f\u00fcr die Richtigkeit, Vollst\u00e4ndigkeit und Aktualit\u00e4t der auf seiner Website bereitgestellten Materialien. Blog Racksweekend kann die auf seiner Website bereitgestellten Materialien jederzeit und ohne vorherige Ank\u00fcndigung \u00e4ndern. Blog Racksweekend \u00fcbernimmt jedoch keine Verpflichtung zur Aktualisierung der Materialien.<\/p>\n\n\n\n<h2 class=\"wp-block-heading\">6. Links<\/h2>\n\n\n\n<p>Der Racksweekend-Blog hat nicht alle mit seiner Website verlinkten Seiten \u00fcberpr\u00fcft und ist nicht f\u00fcr deren Inhalt verantwortlich. Die Bereitstellung eines Links bedeutet nicht, dass der Racksweekend-Blog die Seite unterst\u00fctzt. Die Nutzung verlinkter Seiten erfolgt auf eigene Gefahr des Nutzers.<\/p>\n\n\n\n<h3 class=\"wp-block-heading\">\u00c4nderungen<\/h3>\n\n\n\n<p>Der Racks Weekend Blog kann diese Nutzungsbedingungen f\u00fcr seine Website jederzeit und ohne Vorank\u00fcndigung \u00e4ndern. Durch die Nutzung dieser Website erkl\u00e4ren Sie sich mit der jeweils aktuellen Fassung dieser Nutzungsbedingungen einverstanden.<\/p>\n\n\n\n<h3 class=\"wp-block-heading\">Geltendes Recht<\/h3>\n\n\n\n<p>Diese Gesch\u00e4ftsbedingungen unterliegen den Gesetzen des Blogs racksweekend und werden in \u00dcbereinstimmung mit diesen ausgelegt. Sie unterwerfen sich unwiderruflich der ausschlie\u00dflichen Zust\u00e4ndigkeit der Gerichte in diesem Staat oder an diesem Ort.<\/p>","protected":false},"excerpt":{"rendered":"<p>1. Termos Ao acessar ao site\u00a0blog racksweekend, concorda em cumprir estes\u00a0termos de uso, todas as leis e regulamentos aplic\u00e1veis \u200b\u200be concorda que \u00e9 respons\u00e1vel pelo cumprimento de todas as leis locais aplic\u00e1veis. Se voc\u00ea n\u00e3o concordar com algum desses termos, est\u00e1 proibido de usar ou acessar este site. Os materiais contidos neste site s\u00e3o protegidos &hellip; <\/p>","protected":false},"author":1,"featured_media":0,"parent":0,"menu_order":0,"comment_status":"closed","ping_status":"open","template":"","meta":{"footnotes":""},"class_list":["post-2","page","type-page","status-publish","hentry","latest_post"],"yoast_head":"<!-- This site is optimized with the Yoast SEO plugin v27.1.1 - https:\/\/yoast.com\/product\/yoast-seo-wordpress\/ -->\n<title>Termos de Uso - Blog Racks<\/title>\n<meta name=\"robots\" content=\"index, follow, max-snippet:-1, max-image-preview:large, max-video-preview:-1\" \/>\n<link rel=\"canonical\" href=\"https:\/\/blog.racksweekend.com.br\/de\/sample-page\/\" \/>\n<meta property=\"og:locale\" content=\"de_DE\" \/>\n<meta property=\"og:type\" content=\"article\" \/>\n<meta property=\"og:title\" content=\"Termos de Uso - Blog Racks\" \/>\n<meta property=\"og:description\" content=\"1. Termos Ao acessar ao site\u00a0blog racksweekend, concorda em cumprir estes\u00a0termos de uso, todas as leis e regulamentos aplic\u00e1veis \u200b\u200be concorda que \u00e9 respons\u00e1vel pelo cumprimento de todas as leis locais aplic\u00e1veis. Se voc\u00ea n\u00e3o concordar com algum desses termos, est\u00e1 proibido de usar ou acessar este site. Os materiais contidos neste site s\u00e3o protegidos &hellip;\" \/>\n<meta property=\"og:url\" content=\"https:\/\/blog.racksweekend.com.br\/de\/sample-page\/\" \/>\n<meta property=\"og:site_name\" content=\"Blog Racks\" \/>\n<meta property=\"article:modified_time\" content=\"2025-04-22T14:26:30+00:00\" \/>\n<meta name=\"twitter:card\" content=\"summary_large_image\" \/>\n<meta name=\"twitter:label1\" content=\"Gesch\u00e4tzte Lesezeit\" \/>\n\t<meta name=\"twitter:data1\" content=\"4\u00a0Minuten\" \/>\n<script type=\"application\/ld+json\" class=\"yoast-schema-graph\">{\"@context\":\"https:\/\/schema.org\",\"@graph\":[{\"@type\":\"WebPage\",\"@id\":\"https:\/\/blog.racksweekend.com.br\/sample-page\/\",\"url\":\"https:\/\/blog.racksweekend.com.br\/sample-page\/\",\"name\":\"Termos de Uso - Blog Racks\",\"isPartOf\":{\"@id\":\"https:\/\/blog.racksweekend.com.br\/en\/#website\"},\"datePublished\":\"2023-12-13T13:49:45+00:00\",\"dateModified\":\"2025-04-22T14:26:30+00:00\",\"breadcrumb\":{\"@id\":\"https:\/\/blog.racksweekend.com.br\/sample-page\/#breadcrumb\"},\"inLanguage\":\"de-CH\",\"potentialAction\":[{\"@type\":\"ReadAction\",\"target\":[\"https:\/\/blog.racksweekend.com.br\/sample-page\/\"]}]},{\"@type\":\"BreadcrumbList\",\"@id\":\"https:\/\/blog.racksweekend.com.br\/sample-page\/#breadcrumb\",\"itemListElement\":[{\"@type\":\"ListItem\",\"position\":1,\"name\":\"Home\",\"item\":\"https:\/\/blog.racksweekend.com.br\/en\/\"},{\"@type\":\"ListItem\",\"position\":2,\"name\":\"Termos de Uso\"}]},{\"@type\":\"WebSite\",\"@id\":\"https:\/\/blog.racksweekend.com.br\/en\/#website\",\"url\":\"https:\/\/blog.racksweekend.com.br\/en\/\",\"name\":\"Blog Racks\",\"description\":\"Weekend\",\"publisher\":{\"@id\":\"https:\/\/blog.racksweekend.com.br\/en\/#organization\"},\"potentialAction\":[{\"@type\":\"SearchAction\",\"target\":{\"@type\":\"EntryPoint\",\"urlTemplate\":\"https:\/\/blog.racksweekend.com.br\/en\/?s={search_term_string}\"},\"query-input\":{\"@type\":\"PropertyValueSpecification\",\"valueRequired\":true,\"valueName\":\"search_term_string\"}}],\"inLanguage\":\"de-CH\"},{\"@type\":\"Organization\",\"@id\":\"https:\/\/blog.racksweekend.com.br\/en\/#organization\",\"name\":\"Blog Racks\",\"url\":\"https:\/\/blog.racksweekend.com.br\/en\/\",\"logo\":{\"@type\":\"ImageObject\",\"inLanguage\":\"de-CH\",\"@id\":\"https:\/\/blog.racksweekend.com.br\/en\/#\/schema\/logo\/image\/\",\"url\":\"https:\/\/blog.racksweekend.com.br\/wp-content\/uploads\/2024\/02\/cropped-BLOG.png\",\"contentUrl\":\"https:\/\/blog.racksweekend.com.br\/wp-content\/uploads\/2024\/02\/cropped-BLOG.png\",\"width\":1248,\"height\":771,\"caption\":\"Blog Racks\"},\"image\":{\"@id\":\"https:\/\/blog.racksweekend.com.br\/en\/#\/schema\/logo\/image\/\"}}]}<\/script>\n<!-- \/ Yoast SEO plugin. -->","yoast_head_json":{"title":"Termos de Uso - Blog Racks","robots":{"index":"index","follow":"follow","max-snippet":"max-snippet:-1","max-image-preview":"max-image-preview:large","max-video-preview":"max-video-preview:-1"},"canonical":"https:\/\/blog.racksweekend.com.br\/de\/sample-page\/","og_locale":"de_DE","og_type":"article","og_title":"Termos de Uso - Blog Racks","og_description":"1. Termos Ao acessar ao site\u00a0blog racksweekend, concorda em cumprir estes\u00a0termos de uso, todas as leis e regulamentos aplic\u00e1veis \u200b\u200be concorda que \u00e9 respons\u00e1vel pelo cumprimento de todas as leis locais aplic\u00e1veis. Se voc\u00ea n\u00e3o concordar com algum desses termos, est\u00e1 proibido de usar ou acessar este site. Os materiais contidos neste site s\u00e3o protegidos &hellip;","og_url":"https:\/\/blog.racksweekend.com.br\/de\/sample-page\/","og_site_name":"Blog Racks","article_modified_time":"2025-04-22T14:26:30+00:00","twitter_card":"summary_large_image","twitter_misc":{"Gesch\u00e4tzte Lesezeit":"4\u00a0Minuten"},"schema":{"@context":"https:\/\/schema.org","@graph":[{"@type":"WebPage","@id":"https:\/\/blog.racksweekend.com.br\/sample-page\/","url":"https:\/\/blog.racksweekend.com.br\/sample-page\/","name":"Termos de Uso - Blog Racks","isPartOf":{"@id":"https:\/\/blog.racksweekend.com.br\/en\/#website"},"datePublished":"2023-12-13T13:49:45+00:00","dateModified":"2025-04-22T14:26:30+00:00","breadcrumb":{"@id":"https:\/\/blog.racksweekend.com.br\/sample-page\/#breadcrumb"},"inLanguage":"de-CH","potentialAction":[{"@type":"ReadAction","target":["https:\/\/blog.racksweekend.com.br\/sample-page\/"]}]},{"@type":"BreadcrumbList","@id":"https:\/\/blog.racksweekend.com.br\/sample-page\/#breadcrumb","itemListElement":[{"@type":"ListItem","position":1,"name":"Home","item":"https:\/\/blog.racksweekend.com.br\/en\/"},{"@type":"ListItem","position":2,"name":"Termos de Uso"}]},{"@type":"WebSite","@id":"https:\/\/blog.racksweekend.com.br\/en\/#website","url":"https:\/\/blog.racksweekend.com.br\/en\/","name":"Blog-Racks","description":"Wochenende","publisher":{"@id":"https:\/\/blog.racksweekend.com.br\/en\/#organization"},"potentialAction":[{"@type":"SearchAction","target":{"@type":"EntryPoint","urlTemplate":"https:\/\/blog.racksweekend.com.br\/en\/?s={search_term_string}"},"query-input":{"@type":"PropertyValueSpecification","valueRequired":true,"valueName":"search_term_string"}}],"inLanguage":"de-CH"},{"@type":"Organization","@id":"https:\/\/blog.racksweekend.com.br\/en\/#organization","name":"Blog-Racks","url":"https:\/\/blog.racksweekend.com.br\/en\/","logo":{"@type":"ImageObject","inLanguage":"de-CH","@id":"https:\/\/blog.racksweekend.com.br\/en\/#\/schema\/logo\/image\/","url":"https:\/\/blog.racksweekend.com.br\/wp-content\/uploads\/2024\/02\/cropped-BLOG.png","contentUrl":"https:\/\/blog.racksweekend.com.br\/wp-content\/uploads\/2024\/02\/cropped-BLOG.png","width":1248,"height":771,"caption":"Blog Racks"},"image":{"@id":"https:\/\/blog.racksweekend.com.br\/en\/#\/schema\/logo\/image\/"}}]}},"_links":{"self":[{"href":"https:\/\/blog.racksweekend.com.br\/de\/wp-json\/wp\/v2\/pages\/2","targetHints":{"allow":["GET"]}}],"collection":[{"href":"https:\/\/blog.racksweekend.com.br\/de\/wp-json\/wp\/v2\/pages"}],"about":[{"href":"https:\/\/blog.racksweekend.com.br\/de\/wp-json\/wp\/v2\/types\/page"}],"author":[{"embeddable":true,"href":"https:\/\/blog.racksweekend.com.br\/de\/wp-json\/wp\/v2\/users\/1"}],"replies":[{"embeddable":true,"href":"https:\/\/blog.racksweekend.com.br\/de\/wp-json\/wp\/v2\/comments?post=2"}],"version-history":[{"count":4,"href":"https:\/\/blog.racksweekend.com.br\/de\/wp-json\/wp\/v2\/pages\/2\/revisions"}],"predecessor-version":[{"id":1469,"href":"https:\/\/blog.racksweekend.com.br\/de\/wp-json\/wp\/v2\/pages\/2\/revisions\/1469"}],"wp:attachment":[{"href":"https:\/\/blog.racksweekend.com.br\/de\/wp-json\/wp\/v2\/media?parent=2"}],"curies":[{"name":"wp","href":"https:\/\/api.w.org\/{rel}","templated":true}]}}