{"id":3,"date":"2023-12-13T13:49:45","date_gmt":"2023-12-13T13:49:45","guid":{"rendered":"http:\/\/blog.racksweekend.com.br\/?page_id=3"},"modified":"2024-08-23T14:34:09","modified_gmt":"2024-08-23T14:34:09","slug":"privacy-policy","status":"publish","type":"page","link":"https:\/\/blog.racksweekend.com.br\/de\/privacy-policy\/","title":{"rendered":"Datenschutzrichtlinie"},"content":{"rendered":"<p>Ihre Privatsph\u00e4re ist uns wichtig. Blog Racksweekend respektiert Ihre Privatsph\u00e4re in Bezug auf alle Informationen, die wir auf der Blog Racksweekend-Website und anderen Websites, die wir besitzen und betreiben, von Ihnen sammeln.<\/p>\n\n\n\n<p>Wir fragen nur dann nach personenbezogenen Daten, wenn wir diese wirklich ben\u00f6tigen, um Ihnen einen Service zu bieten. Wir erheben diese Daten auf faire und rechtm\u00e4\u00dfige Weise, mit Ihrem Wissen und Ihrer Zustimmung. Wir informieren Sie auch dar\u00fcber, warum wir diese Daten erheben und wie wir sie verwenden.<\/p>\n\n\n\n<p>Wir speichern die erhobenen Daten nur so lange, wie es f\u00fcr die Bereitstellung des gew\u00fcnschten Dienstes erforderlich ist. Die von uns gespeicherten Daten sch\u00fctzen wir mit kommerziell vertretbaren Mitteln, um Verlust und Diebstahl sowie unbefugten Zugriff, Offenlegung, Vervielf\u00e4ltigung, Nutzung oder \u00c4nderung zu verhindern.<\/p>\n\n\n\n<p>Wir geben personenbezogene Daten weder \u00f6ffentlich noch an Dritte weiter, es sei denn, dies ist gesetzlich vorgeschrieben. Unsere Website kann Links zu externen Websites enthalten, die nicht von uns betrieben werden.<\/p>\n\n\n\n<p>Bitte beachten Sie, dass wir keinen Einfluss auf den Inhalt und die Praktiken dieser Websites haben und keine Verantwortung f\u00fcr deren Datenschutzrichtlinien \u00fcbernehmen. Sie k\u00f6nnen unsere Anfrage nach Ihren pers\u00f6nlichen Daten jederzeit ablehnen, allerdings k\u00f6nnen wir Ihnen dann m\u00f6glicherweise einige der gew\u00fcnschten Dienste nicht anbieten.<\/p>\n\n\n\n<p>Ihre fortgesetzte Nutzung unserer Website gilt als Zustimmung zu unseren Datenschutzpraktiken und der Wahrung personenbezogener Daten. Wenn Sie Fragen zum Umgang mit Benutzerdaten und personenbezogenen Daten haben, kontaktieren Sie uns bitte.<\/p>\n\n\n\n<h2 class=\"wp-block-heading\">Racksweeken Blog-Website-Sicherheit<\/h2>\n\n\n\n<p>Die Website ist vertrauensw\u00fcrdig und sicher f\u00fcr den Benutzer, wie Site Check berichtet. Die Seite \u00fcberpr\u00fcft Website-Informationen, um potenzielle Sicherheitsprobleme zu identifizieren.<\/p>\n\n\n\n<h2 class=\"wp-block-heading\">Cookie-Richtlinien Blog Racksweekend<\/h2>\n\n\n\n<h3 class=\"wp-block-heading\">Was sind Cookies?<\/h3>\n\n\n\n<p>Wie bei fast allen professionellen Websites \u00fcblich, verwendet diese Website Cookies. Dabei handelt es sich um kleine Dateien, die auf Ihren Computer heruntergeladen werden, um Ihr Erlebnis zu verbessern. Auf dieser Seite wird beschrieben, welche Informationen sie sammeln, wie wir sie verwenden und warum wir diese Cookies manchmal speichern m\u00fcssen.<\/p>\n\n\n\n<p>Wir erkl\u00e4ren Ihnen auch, wie Sie die Speicherung dieser Cookies verhindern k\u00f6nnen. Dies kann jedoch dazu f\u00fchren, dass bestimmte Elemente der Website-Funktionalit\u00e4t beeintr\u00e4chtigt oder \u201ebesch\u00e4digt\u201c werden.<\/p>\n\n\n\n<h3 class=\"wp-block-heading\">Wie verwenden wir Cookies?<\/h3>\n\n\n\n<p>Wir verwenden Cookies aus verschiedenen Gr\u00fcnden, die im Folgenden n\u00e4her erl\u00e4utert werden. Leider gibt es in den meisten F\u00e4llen keine branchen\u00fcblichen Optionen zum Deaktivieren von Cookies, ohne die Funktionalit\u00e4t und die Funktionen, die sie dieser Website hinzuf\u00fcgen, vollst\u00e4ndig zu deaktivieren.<\/p>\n\n\n\n<p>Es wird empfohlen, alle Cookies aktiviert zu lassen, wenn Sie nicht sicher sind, ob Sie sie ben\u00f6tigen oder nicht, falls sie zur Bereitstellung eines von Ihnen genutzten Dienstes verwendet werden.<\/p>\n\n\n\n<p>Deaktivieren von Cookies Sie k\u00f6nnen das Setzen von Cookies verhindern, indem Sie Ihre Browsereinstellungen anpassen (Informationen hierzu finden Sie in der Hilfefunktion Ihres Browsers). Beachten Sie, dass das Deaktivieren von Cookies die Funktionalit\u00e4t dieser und vieler anderer von Ihnen besuchter Websites beeintr\u00e4chtigt.<\/p>\n\n\n\n<p>Das Deaktivieren von Cookies f\u00fchrt in der Regel auch zur Deaktivierung bestimmter Funktionen und Features dieser Website. Es wird daher empfohlen, Cookies nicht zu deaktivieren.<\/p>\n\n\n\n<p>Von uns gesetzte Cookies Kontobezogene Cookies Wenn Sie bei uns ein Konto erstellen, verwenden wir Cookies f\u00fcr die Verwaltung des Anmeldevorgangs und die allgemeine Verwaltung.<\/p>\n\n\n\n<p>Diese Cookies werden normalerweise gel\u00f6scht, wenn Sie sich abmelden. In einigen F\u00e4llen k\u00f6nnen sie jedoch auch danach noch vorhanden sein, um Ihre Site-Einstellungen zu speichern, wenn Sie abgemeldet sind.<\/p>\n\n\n\n<p>Login-bezogene Cookies Wir verwenden Cookies, wenn Sie eingeloggt sind, damit wir uns dies merken k\u00f6nnen. So m\u00fcssen Sie sich nicht bei jedem Besuch einer neuen Seite erneut anmelden.<\/p>\n\n\n\n<p>Diese Cookies werden normalerweise entfernt oder gel\u00f6scht, wenn Sie sich abmelden, um sicherzustellen, dass Sie nur auf eingeschr\u00e4nkte Funktionen und Bereiche zugreifen k\u00f6nnen, wenn Sie angemeldet sind.<\/p>\n\n\n\n<p>Cookies im Zusammenhang mit E-Mail-Newslettern Diese Site bietet Newsletter- oder E-Mail-Abonnementdienste an und Cookies k\u00f6nnen verwendet werden, um sich zu merken, ob Sie bereits registriert sind und ob bestimmte Benachrichtigungen angezeigt werden sollen, die m\u00f6glicherweise nur f\u00fcr abonnierte\/nicht abonnierte Benutzer g\u00fcltig sind.<\/p>\n\n\n\n<p>Cookies zur Auftragsabwicklung Diese Site bietet E-Commerce- oder Zahlungsm\u00f6glichkeiten und einige Cookies sind wichtig, um sicherzustellen, dass Ihre Bestellung zwischen den Seiten gespeichert wird, damit wir sie ordnungsgem\u00e4\u00df verarbeiten k\u00f6nnen.<\/p>\n\n\n\n<p>Umfragebezogene Cookies Wir bieten regelm\u00e4\u00dfig Umfragen und Frageb\u00f6gen an, um interessante Einblicke und hilfreiche Tools zu bieten oder um unsere Benutzerbasis genauer zu verstehen.<\/p>\n\n\n\n<p>Bei diesen Umfragen k\u00f6nnen Cookies verwendet werden, um sich zu merken, wer bereits an einer Umfrage teilgenommen hat, oder um nach einem Seitenwechsel genaue Ergebnisse bereitzustellen.<\/p>\n\n\n\n<p>Formularbezogene Cookies Wenn Sie Daten \u00fcber ein Formular \u00fcbermitteln, wie es beispielsweise auf Kontaktseiten oder Kommentarformularen zu finden ist, k\u00f6nnen Cookies gesetzt werden, um Ihre Benutzerdaten f\u00fcr zuk\u00fcnftige Korrespondenz zu speichern.<\/p>\n\n\n\n<p>Cookies f\u00fcr Site-Pr\u00e4ferenzen: Um Ihnen ein gro\u00dfartiges Erlebnis auf dieser Site zu bieten, stellen wir die Funktion bereit, mit der Sie Ihre Pr\u00e4ferenzen f\u00fcr die Ausf\u00fchrung dieser Site bei der Verwendung festlegen k\u00f6nnen.<\/p>\n\n\n\n<p>Um Ihre Pr\u00e4ferenzen zu speichern, m\u00fcssen wir Cookies setzen, damit diese Informationen abgerufen werden k\u00f6nnen, wenn Sie mit einer Seite interagieren, die von Ihren Pr\u00e4ferenzen betroffen ist.<\/p>\n\n\n\n<h3 class=\"wp-block-heading\">Cookies von Drittanbietern<\/h3>\n\n\n\n<p>In einigen Sonderf\u00e4llen verwenden wir auch Cookies von vertrauensw\u00fcrdigen Drittanbietern. Im folgenden Abschnitt erfahren Sie, welche Drittanbieter-Cookies Sie auf dieser Website m\u00f6glicherweise verwenden.<\/p>\n\n\n\n<p>Diese Site verwendet Google Analytics, eine der am weitesten verbreiteten und vertrauensw\u00fcrdigsten Analysel\u00f6sungen im Internet. Sie hilft uns zu verstehen, wie Sie die Site nutzen und wie wir Ihr Erlebnis verbessern k\u00f6nnen.<\/p>\n\n\n\n<p>Diese Cookies k\u00f6nnen beispielsweise Ihre Verweildauer auf der Site und die von Ihnen besuchten Seiten verfolgen, damit wir weiterhin ansprechende Inhalte erstellen k\u00f6nnen.<\/p>\n\n\n\n<p>Weitere Informationen zu Google Analytics-Cookies finden Sie auf der offiziellen Google Analytics-Seite. Mithilfe von Drittanbieter-Analysen verfolgen und messen wir die Nutzung dieser Website, damit wir weiterhin ansprechende Inhalte erstellen k\u00f6nnen.<\/p>\n\n\n\n<p>Diese Cookies erfassen beispielsweise Ihre Verweildauer auf der Website oder die von Ihnen besuchten Seiten. So k\u00f6nnen wir die Website f\u00fcr Sie verbessern. Wir testen regelm\u00e4\u00dfig neue Funktionen und nehmen geringf\u00fcgige \u00c4nderungen am Erscheinungsbild der Website vor.<\/p>\n\n\n\n<p>Wenn wir noch neue Funktionen testen, k\u00f6nnen diese Cookies verwendet werden, um sicherzustellen, dass Sie auf der Site ein konsistentes Erlebnis erhalten und wir gleichzeitig verstehen, welche Optimierungen unsere Benutzer am meisten sch\u00e4tzen.<\/p>\n\n\n\n<p>Da wir Produkte verkaufen, ist es f\u00fcr uns wichtig, Statistiken dar\u00fcber zu erhalten, wie viele Besucher unserer Website tats\u00e4chlich einen Kauf t\u00e4tigen. Genau diese Daten werden von diesen Cookies erfasst. Dies ist f\u00fcr Sie wichtig, da wir so pr\u00e4zise Gesch\u00e4ftsprognosen erstellen und unsere Werbe- und Produktkosten \u00fcberwachen k\u00f6nnen, um den bestm\u00f6glichen Preis zu gew\u00e4hrleisten.<\/p>\n\n\n\n<h3 class=\"wp-block-heading\">Benutzerverpflichtung<\/h3>\n\n\n\n<p>Der Benutzer verpflichtet sich, die Inhalte und Informationen, die der Racksweekend-Blog auf der Website anbietet, angemessen zu nutzen, und zwar beispielsweise, aber nicht ausschlie\u00dflich:<\/p>\n\n\n\n<ul class=\"wp-block-list\">\n<li>A) sich nicht an Aktivit\u00e4ten zu beteiligen, die illegal sind oder gegen Treu und Glauben und die \u00f6ffentliche Ordnung versto\u00dfen;<\/li>\n\n\n\n<li>B) Verbreiten Sie keine Propaganda oder Inhalte rassistischer oder fremdenfeindlicher Natur oder Wettb\u00fcros, Gl\u00fccksspiele, jede Art illegaler Pornografie, zur Unterst\u00fctzung des Terrorismus oder gegen die Menschenrechte;<\/li>\n\n\n\n<li>C) Keine Sch\u00e4den an den physischen (Hardware) und logischen (Software) Systemen des Racksweekend-Blogs, seiner Lieferanten oder Dritter zu verursachen, keine Computerviren oder andere Hardware- oder Softwaresysteme einzuf\u00fchren oder zu verbreiten, die die oben genannten Sch\u00e4den verursachen k\u00f6nnen.<\/li>\n<\/ul>\n\n\n\n<p>Cookies blockieren: Nutzer k\u00f6nnen Cookies von jeder Website, einschlie\u00dflich unserer, jederzeit blockieren und\/oder deaktivieren. Rufen Sie dazu Ihre Browsereinstellungen auf. Nachfolgend finden Sie Hilfeanleitungen f\u00fcr die wichtigsten Browser: Google Chrome Firefox Microsoft Edge Opera Safari .<\/p>\n\n\n\n<p>Hoffentlich hat dies die Dinge f\u00fcr Sie gekl\u00e4rt. Und wie bereits erw\u00e4hnt, ist es normalerweise sicherer, Cookies aktiviert zu lassen, falls Sie sich nicht sicher sind, ob Sie etwas ben\u00f6tigen oder nicht, f\u00fcr den Fall, dass es mit einer der Funktionen interagiert, die Sie auf unserer Site verwenden.<\/p>\n\n\n\n<p>Diese Richtlinie ist g\u00fcltig ab <strong>August 2024.<\/strong><\/p>","protected":false},"excerpt":{"rendered":"<p>A sua privacidade \u00e9 importante para n\u00f3s. \u00c9 pol\u00edtica do blog racksweekend respeitar a sua privacidade em rela\u00e7\u00e3o a qualquer informa\u00e7\u00e3o sua que possamos coletar no site blog racksweekend, e outros sites que possu\u00edmos e operamos. Solicitamos informa\u00e7\u00f5es pessoais apenas quando realmente precisamos delas para lhe fornecer um servi\u00e7o. Fazemo-lo por meios justos e legais, &hellip; <\/p>","protected":false},"author":1,"featured_media":0,"parent":0,"menu_order":0,"comment_status":"closed","ping_status":"open","template":"","meta":{"footnotes":""},"class_list":["post-3","page","type-page","status-publish","hentry","latest_post"],"yoast_head":"<!-- This site is optimized with the Yoast SEO plugin v27.1.1 - https:\/\/yoast.com\/product\/yoast-seo-wordpress\/ -->\n<title>Pol\u00edtica de Privacidade - Blog Racks<\/title>\n<meta name=\"robots\" content=\"index, follow, max-snippet:-1, max-image-preview:large, max-video-preview:-1\" \/>\n<link rel=\"canonical\" href=\"https:\/\/blog.racksweekend.com.br\/de\/privacy-policy\/\" \/>\n<meta property=\"og:locale\" content=\"de_DE\" \/>\n<meta property=\"og:type\" content=\"article\" \/>\n<meta property=\"og:title\" content=\"Pol\u00edtica de Privacidade - Blog Racks\" \/>\n<meta property=\"og:description\" content=\"A sua privacidade \u00e9 importante para n\u00f3s. \u00c9 pol\u00edtica do blog racksweekend respeitar a sua privacidade em rela\u00e7\u00e3o a qualquer informa\u00e7\u00e3o sua que possamos coletar no site blog racksweekend, e outros sites que possu\u00edmos e operamos. Solicitamos informa\u00e7\u00f5es pessoais apenas quando realmente precisamos delas para lhe fornecer um servi\u00e7o. Fazemo-lo por meios justos e legais, &hellip;\" \/>\n<meta property=\"og:url\" content=\"https:\/\/blog.racksweekend.com.br\/de\/privacy-policy\/\" \/>\n<meta property=\"og:site_name\" content=\"Blog Racks\" \/>\n<meta property=\"article:modified_time\" content=\"2024-08-23T14:34:09+00:00\" \/>\n<meta name=\"twitter:card\" content=\"summary_large_image\" \/>\n<meta name=\"twitter:label1\" content=\"Gesch\u00e4tzte Lesezeit\" \/>\n\t<meta name=\"twitter:data1\" content=\"8\u00a0Minuten\" \/>\n<script type=\"application\/ld+json\" class=\"yoast-schema-graph\">{\"@context\":\"https:\/\/schema.org\",\"@graph\":[{\"@type\":\"WebPage\",\"@id\":\"https:\/\/blog.racksweekend.com.br\/privacy-policy\/\",\"url\":\"https:\/\/blog.racksweekend.com.br\/privacy-policy\/\",\"name\":\"Pol\u00edtica de Privacidade - Blog Racks\",\"isPartOf\":{\"@id\":\"https:\/\/blog.racksweekend.com.br\/en\/#website\"},\"datePublished\":\"2023-12-13T13:49:45+00:00\",\"dateModified\":\"2024-08-23T14:34:09+00:00\",\"breadcrumb\":{\"@id\":\"https:\/\/blog.racksweekend.com.br\/privacy-policy\/#breadcrumb\"},\"inLanguage\":\"de-CH\",\"potentialAction\":[{\"@type\":\"ReadAction\",\"target\":[\"https:\/\/blog.racksweekend.com.br\/privacy-policy\/\"]}]},{\"@type\":\"BreadcrumbList\",\"@id\":\"https:\/\/blog.racksweekend.com.br\/privacy-policy\/#breadcrumb\",\"itemListElement\":[{\"@type\":\"ListItem\",\"position\":1,\"name\":\"Home\",\"item\":\"https:\/\/blog.racksweekend.com.br\/en\/\"},{\"@type\":\"ListItem\",\"position\":2,\"name\":\"Pol\u00edtica de Privacidade\"}]},{\"@type\":\"WebSite\",\"@id\":\"https:\/\/blog.racksweekend.com.br\/en\/#website\",\"url\":\"https:\/\/blog.racksweekend.com.br\/en\/\",\"name\":\"Blog Racks\",\"description\":\"Weekend\",\"publisher\":{\"@id\":\"https:\/\/blog.racksweekend.com.br\/en\/#organization\"},\"potentialAction\":[{\"@type\":\"SearchAction\",\"target\":{\"@type\":\"EntryPoint\",\"urlTemplate\":\"https:\/\/blog.racksweekend.com.br\/en\/?s={search_term_string}\"},\"query-input\":{\"@type\":\"PropertyValueSpecification\",\"valueRequired\":true,\"valueName\":\"search_term_string\"}}],\"inLanguage\":\"de-CH\"},{\"@type\":\"Organization\",\"@id\":\"https:\/\/blog.racksweekend.com.br\/en\/#organization\",\"name\":\"Blog Racks\",\"url\":\"https:\/\/blog.racksweekend.com.br\/en\/\",\"logo\":{\"@type\":\"ImageObject\",\"inLanguage\":\"de-CH\",\"@id\":\"https:\/\/blog.racksweekend.com.br\/en\/#\/schema\/logo\/image\/\",\"url\":\"https:\/\/blog.racksweekend.com.br\/wp-content\/uploads\/2024\/02\/cropped-BLOG.png\",\"contentUrl\":\"https:\/\/blog.racksweekend.com.br\/wp-content\/uploads\/2024\/02\/cropped-BLOG.png\",\"width\":1248,\"height\":771,\"caption\":\"Blog Racks\"},\"image\":{\"@id\":\"https:\/\/blog.racksweekend.com.br\/en\/#\/schema\/logo\/image\/\"}}]}<\/script>\n<!-- \/ Yoast SEO plugin. -->","yoast_head_json":{"title":"Pol\u00edtica de Privacidade - Blog Racks","robots":{"index":"index","follow":"follow","max-snippet":"max-snippet:-1","max-image-preview":"max-image-preview:large","max-video-preview":"max-video-preview:-1"},"canonical":"https:\/\/blog.racksweekend.com.br\/de\/privacy-policy\/","og_locale":"de_DE","og_type":"article","og_title":"Pol\u00edtica de Privacidade - Blog Racks","og_description":"A sua privacidade \u00e9 importante para n\u00f3s. \u00c9 pol\u00edtica do blog racksweekend respeitar a sua privacidade em rela\u00e7\u00e3o a qualquer informa\u00e7\u00e3o sua que possamos coletar no site blog racksweekend, e outros sites que possu\u00edmos e operamos. Solicitamos informa\u00e7\u00f5es pessoais apenas quando realmente precisamos delas para lhe fornecer um servi\u00e7o. Fazemo-lo por meios justos e legais, &hellip;","og_url":"https:\/\/blog.racksweekend.com.br\/de\/privacy-policy\/","og_site_name":"Blog Racks","article_modified_time":"2024-08-23T14:34:09+00:00","twitter_card":"summary_large_image","twitter_misc":{"Gesch\u00e4tzte Lesezeit":"8\u00a0Minuten"},"schema":{"@context":"https:\/\/schema.org","@graph":[{"@type":"WebPage","@id":"https:\/\/blog.racksweekend.com.br\/privacy-policy\/","url":"https:\/\/blog.racksweekend.com.br\/privacy-policy\/","name":"Pol\u00edtica de Privacidade - Blog Racks","isPartOf":{"@id":"https:\/\/blog.racksweekend.com.br\/en\/#website"},"datePublished":"2023-12-13T13:49:45+00:00","dateModified":"2024-08-23T14:34:09+00:00","breadcrumb":{"@id":"https:\/\/blog.racksweekend.com.br\/privacy-policy\/#breadcrumb"},"inLanguage":"de-CH","potentialAction":[{"@type":"ReadAction","target":["https:\/\/blog.racksweekend.com.br\/privacy-policy\/"]}]},{"@type":"BreadcrumbList","@id":"https:\/\/blog.racksweekend.com.br\/privacy-policy\/#breadcrumb","itemListElement":[{"@type":"ListItem","position":1,"name":"Home","item":"https:\/\/blog.racksweekend.com.br\/en\/"},{"@type":"ListItem","position":2,"name":"Pol\u00edtica de Privacidade"}]},{"@type":"WebSite","@id":"https:\/\/blog.racksweekend.com.br\/en\/#website","url":"https:\/\/blog.racksweekend.com.br\/en\/","name":"Blog-Racks","description":"Wochenende","publisher":{"@id":"https:\/\/blog.racksweekend.com.br\/en\/#organization"},"potentialAction":[{"@type":"SearchAction","target":{"@type":"EntryPoint","urlTemplate":"https:\/\/blog.racksweekend.com.br\/en\/?s={search_term_string}"},"query-input":{"@type":"PropertyValueSpecification","valueRequired":true,"valueName":"search_term_string"}}],"inLanguage":"de-CH"},{"@type":"Organization","@id":"https:\/\/blog.racksweekend.com.br\/en\/#organization","name":"Blog-Racks","url":"https:\/\/blog.racksweekend.com.br\/en\/","logo":{"@type":"ImageObject","inLanguage":"de-CH","@id":"https:\/\/blog.racksweekend.com.br\/en\/#\/schema\/logo\/image\/","url":"https:\/\/blog.racksweekend.com.br\/wp-content\/uploads\/2024\/02\/cropped-BLOG.png","contentUrl":"https:\/\/blog.racksweekend.com.br\/wp-content\/uploads\/2024\/02\/cropped-BLOG.png","width":1248,"height":771,"caption":"Blog Racks"},"image":{"@id":"https:\/\/blog.racksweekend.com.br\/en\/#\/schema\/logo\/image\/"}}]}},"_links":{"self":[{"href":"https:\/\/blog.racksweekend.com.br\/de\/wp-json\/wp\/v2\/pages\/3","targetHints":{"allow":["GET"]}}],"collection":[{"href":"https:\/\/blog.racksweekend.com.br\/de\/wp-json\/wp\/v2\/pages"}],"about":[{"href":"https:\/\/blog.racksweekend.com.br\/de\/wp-json\/wp\/v2\/types\/page"}],"author":[{"embeddable":true,"href":"https:\/\/blog.racksweekend.com.br\/de\/wp-json\/wp\/v2\/users\/1"}],"replies":[{"embeddable":true,"href":"https:\/\/blog.racksweekend.com.br\/de\/wp-json\/wp\/v2\/comments?post=3"}],"version-history":[{"count":5,"href":"https:\/\/blog.racksweekend.com.br\/de\/wp-json\/wp\/v2\/pages\/3\/revisions"}],"predecessor-version":[{"id":408,"href":"https:\/\/blog.racksweekend.com.br\/de\/wp-json\/wp\/v2\/pages\/3\/revisions\/408"}],"wp:attachment":[{"href":"https:\/\/blog.racksweekend.com.br\/de\/wp-json\/wp\/v2\/media?parent=3"}],"curies":[{"name":"wp","href":"https:\/\/api.w.org\/{rel}","templated":true}]}}