{"id":3,"date":"2023-12-13T13:49:45","date_gmt":"2023-12-13T13:49:45","guid":{"rendered":"http:\/\/blog.racksweekend.com.br\/?page_id=3"},"modified":"2024-08-23T14:34:09","modified_gmt":"2024-08-23T14:34:09","slug":"privacy-policy","status":"publish","type":"page","link":"https:\/\/blog.racksweekend.com.br\/es\/privacy-policy\/","title":{"rendered":"Pol\u00edtica de privacidad"},"content":{"rendered":"<p>Su privacidad es importante para nosotros. Es pol\u00edtica del blog de racksweekend respetar su privacidad con respecto a cualquier informaci\u00f3n que podamos recopilar de usted en el sitio web del blog de racksweekend y en otros sitios que poseemos y operamos.<\/p>\n\n\n\n<p>Solo solicitamos informaci\u00f3n personal cuando realmente la necesitamos para brindarle un servicio. Lo hacemos por medios justos y legales, con su conocimiento y consentimiento. Tambi\u00e9n te contamos por qu\u00e9 lo recogemos y c\u00f3mo se utilizar\u00e1.<\/p>\n\n\n\n<p>Solo conservamos la informaci\u00f3n recopilada durante el tiempo necesario para proporcionar el servicio solicitado. Cuando almacenamos datos, los protegemos dentro de medios comercialmente aceptables para evitar p\u00e9rdidas y robos, as\u00ed como el acceso, divulgaci\u00f3n, copia, uso o modificaci\u00f3n no autorizados.<\/p>\n\n\n\n<p>No compartimos informaci\u00f3n de identificaci\u00f3n personal p\u00fablicamente ni con terceros, excepto cuando lo exija la ley. Nuestro sitio web puede tener enlaces a sitios web externos que no son operados por nosotros.<\/p>\n\n\n\n<p>Tenga en cuenta que no tenemos control sobre el contenido y las pr\u00e1cticas de estos sitios y no podemos aceptar responsabilidad por sus respectivas pol\u00edticas de privacidad. Usted es libre de rechazar nuestra solicitud de su informaci\u00f3n personal, en el entendido de que es posible que no podamos brindarle algunos de los servicios que desea.<\/p>\n\n\n\n<p>Su uso continuado de nuestro sitio web se considerar\u00e1 la aceptaci\u00f3n de nuestras pr\u00e1cticas en materia de privacidad e informaci\u00f3n personal. Si tiene alguna pregunta sobre c\u00f3mo manejamos los datos de los usuarios y la informaci\u00f3n personal, comun\u00edquese con nosotros.<\/p>\n\n\n\n<h2 class=\"wp-block-heading\">Blog sobre seguridad del sitio web racksweeken<\/h2>\n\n\n\n<p>El sitio web es confiable y seguro para el usuario, seg\u00fan informa Site Check. La p\u00e1gina verifica la informaci\u00f3n del sitio web para identificar posibles problemas de seguridad.<\/p>\n\n\n\n<h2 class=\"wp-block-heading\">Blog sobre pol\u00edtica de cookiesfin de semana<\/h2>\n\n\n\n<h3 class=\"wp-block-heading\">\u00bfQu\u00e9 son las galletas?<\/h3>\n\n\n\n<p>Como es pr\u00e1ctica com\u00fan en casi todos los sitios web profesionales, este sitio utiliza cookies, que son peque\u00f1os archivos que se descargan en su computadora, para mejorar su experiencia. Esta p\u00e1gina describe qu\u00e9 informaci\u00f3n recopilan, c\u00f3mo la usamos y por qu\u00e9 a veces necesitamos almacenar estas cookies.<\/p>\n\n\n\n<p>Tambi\u00e9n compartiremos c\u00f3mo puede evitar que se almacenen estas cookies; sin embargo, esto puede degradar o &quot;romper&quot; ciertos elementos de la funcionalidad del sitio.<\/p>\n\n\n\n<h3 class=\"wp-block-heading\">C\u00f3mo usamos las cookies?<\/h3>\n\n\n\n<p>Utilizamos cookies por varios motivos, que se detallan a continuaci\u00f3n. Desafortunadamente, en la mayor\u00eda de los casos no existen opciones est\u00e1ndar de la industria para deshabilitar las cookies sin deshabilitar completamente la funcionalidad y las caracter\u00edsticas que agregan a este sitio.<\/p>\n\n\n\n<p>Se recomienda que deje todas las cookies si no est\u00e1 seguro de si las necesita o no en caso de que se utilicen para proporcionar un servicio que utiliza.<\/p>\n\n\n\n<p>Deshabilitar las cookies Puede evitar la configuraci\u00f3n de cookies ajustando la configuraci\u00f3n de su navegador (consulte la Ayuda de su navegador para saber c\u00f3mo hacerlo). Tenga en cuenta que deshabilitar las cookies afectar\u00e1 la funcionalidad de este y muchos otros sitios web que visite.<\/p>\n\n\n\n<p>Deshabilitar las cookies generalmente resultar\u00e1 en la deshabilitaci\u00f3n de ciertas funciones y caracter\u00edsticas de este sitio web. Por ello, se recomienda que no desactive las cookies.<\/p>\n\n\n\n<p>Cookies que configuramos Cookies relacionadas con la cuenta Si crea una cuenta con nosotros, usaremos cookies para gestionar el proceso de registro y la administraci\u00f3n general.<\/p>\n\n\n\n<p>Estas cookies generalmente se eliminan cuando cierra sesi\u00f3n; sin embargo, en algunos casos pueden permanecer despu\u00e9s para recordar las preferencias de su sitio cuando cierra sesi\u00f3n.<\/p>\n\n\n\n<p>Cookies relacionadas con el inicio de sesi\u00f3n Utilizamos cookies cuando usted inicia sesi\u00f3n para que podamos recordar esta acci\u00f3n. Esto le evita tener que iniciar sesi\u00f3n cada vez que visita una p\u00e1gina nueva.<\/p>\n\n\n\n<p>Estas cookies normalmente se eliminan o borran cuando cierra sesi\u00f3n para garantizar que solo pueda acceder a funciones y \u00e1reas restringidas cuando inicie sesi\u00f3n.<\/p>\n\n\n\n<p>Cookies relacionadas con boletines informativos por correo electr\u00f3nico Este sitio web ofrece servicios de suscripci\u00f3n a boletines informativos o correo electr\u00f3nico y las cookies pueden usarse para recordar si ya est\u00e1 registrado y si desea mostrar ciertas notificaciones v\u00e1lidas solo para usuarios suscritos o no suscritos.<\/p>\n\n\n\n<p>Cookies relacionadas con procesamiento de pedidos Este sitio ofrece servicios de pago o comercio electr\u00f3nico y algunas cookies son esenciales para garantizar que su pedido se recuerde entre p\u00e1ginas para que podamos procesarlo correctamente.<\/p>\n\n\n\n<p>Cookies relacionadas con encuestas De vez en cuando, ofrecemos encuestas y cuestionarios para proporcionar informaci\u00f3n interesante, herramientas \u00fatiles o para comprender nuestra base de usuarios con mayor precisi\u00f3n.<\/p>\n\n\n\n<p>Estas encuestas pueden utilizar cookies para recordar qui\u00e9n ya particip\u00f3 en una encuesta o para proporcionar resultados precisos despu\u00e9s de cambiar de p\u00e1gina.<\/p>\n\n\n\n<p>Cookies relacionadas con formularios Cuando env\u00eda datos a trav\u00e9s de un formulario como los que se encuentran en las p\u00e1ginas de contacto o formularios de comentarios, se pueden configurar cookies para recordar sus detalles de usuario para correspondencia futura.<\/p>\n\n\n\n<p>Cookies de preferencias del sitio Para brindarle una excelente experiencia en este sitio, brindamos la funcionalidad para configurar sus preferencias sobre c\u00f3mo se ejecuta este sitio cuando lo usa.<\/p>\n\n\n\n<p>Para recordar sus preferencias, necesitamos configurar cookies para que se pueda acceder a esta informaci\u00f3n cada vez que interact\u00fae con una p\u00e1gina que se vea afectada por sus preferencias.<\/p>\n\n\n\n<h3 class=\"wp-block-heading\">Cookies de terceros<\/h3>\n\n\n\n<p>En algunos casos especiales, tambi\u00e9n utilizamos cookies proporcionadas por terceros de confianza. La siguiente secci\u00f3n detalla qu\u00e9 cookies de terceros puede encontrar a trav\u00e9s de este sitio web.<\/p>\n\n\n\n<p>Este sitio utiliza Google Analytics, que es una de las soluciones de an\u00e1lisis m\u00e1s extendidas y confiables en la web para ayudarnos a comprender c\u00f3mo utiliza el sitio y las formas en que podemos mejorar su experiencia.<\/p>\n\n\n\n<p>Estas cookies pueden rastrear cosas como cu\u00e1nto tiempo pasa en el sitio y las p\u00e1ginas que visita para que podamos continuar produciendo contenido atractivo.<\/p>\n\n\n\n<p>Para obtener m\u00e1s informaci\u00f3n sobre las cookies de Google Analytics, consulte la p\u00e1gina oficial de Google Analytics. Se utilizan an\u00e1lisis de terceros para rastrear y medir el uso de este sitio para que podamos continuar produciendo contenido atractivo.<\/p>\n\n\n\n<p>Estas cookies pueden rastrear cosas como el tiempo que pasa en el sitio o las p\u00e1ginas que visita, lo que nos ayuda a comprender c\u00f3mo podemos mejorar el sitio para usted. Peri\u00f3dicamente, probamos nuevas funciones y realizamos cambios sutiles en la apariencia del sitio.<\/p>\n\n\n\n<p>Cuando todav\u00eda estamos probando nuevas funciones, estas cookies se pueden utilizar para garantizar que reciba una experiencia consistente mientras est\u00e9 en el sitio, mientras entendemos qu\u00e9 optimizaciones aprecian m\u00e1s nuestros usuarios.<\/p>\n\n\n\n<p>A medida que vendemos productos, es importante que comprendamos las estad\u00edsticas sobre cu\u00e1ntos visitantes de nuestro sitio web realmente compran, por lo que este es el tipo de datos que estas cookies rastrear\u00e1n. Esto es importante para usted, ya que significa que podemos realizar pron\u00f3sticos comerciales precisos que nos permitan analizar nuestros costos de publicidad y productos para garantizar el mejor precio posible.<\/p>\n\n\n\n<h3 class=\"wp-block-heading\">Compromiso del usuario<\/h3>\n\n\n\n<p>El usuario se compromete a hacer un uso adecuado de los contenidos e informaci\u00f3n que el blog racksweekend ofrece en el sitio web y con car\u00e1cter enunciativo pero no limitativo:<\/p>\n\n\n\n<ul class=\"wp-block-list\">\n<li>A) No realizar actividades il\u00edcitas o contrarias a la buena fe y al orden p\u00fablico;<\/li>\n\n\n\n<li>B) No difundir propaganda o contenidos de car\u00e1cter racista, xen\u00f3fobo, ni de casas de apuestas, juegos de azar, cualquier tipo de pornograf\u00eda ilegal, de apoyo al terrorismo o contra los derechos humanos;<\/li>\n\n\n\n<li>C) No provocar da\u00f1os en los sistemas f\u00edsicos (hardware) y l\u00f3gicos (software) del blog racksweekend, de sus proveedores o de terceras personas, introducir o difundir en la red virus inform\u00e1ticos o cualesquiera otros sistemas hardware o software que sean susceptibles de provocar los da\u00f1os anteriormente mencionados. .<\/li>\n<\/ul>\n\n\n\n<p>Bloquear cookies: El usuario puede bloquear y\/o deshabilitar las cookies de cualquier sitio web, incluido el nuestro, en cualquier momento. Para realizar este tr\u00e1mite acceda a la configuraci\u00f3n de su navegador. Consulte las gu\u00edas de ayuda para los principales navegadores a continuaci\u00f3n: Google Chrome Firefox Microsoft Edge Opera Safari.<\/p>\n\n\n\n<p>M\u00e1s informaci\u00f3n Esperemos que quede claro y, como se mencion\u00f3 anteriormente, si hay algo que no est\u00e1 seguro de necesitar o no, generalmente es m\u00e1s seguro dejar las cookies habilitadas en caso de que interact\u00fae con una de las funciones que utiliza en nuestro sitio.<\/p>\n\n\n\n<p>Esta pol\u00edtica es efectiva desde <strong>Ago\/2024.<\/strong><\/p>","protected":false},"excerpt":{"rendered":"<p>Su privacidad es importante para nosotros. Es pol\u00edtica del blog de racksweekend respetar su privacidad con respecto a cualquier informaci\u00f3n que podamos recopilar de usted en el sitio web del blog de racksweekend y en otros sitios que poseemos y operamos. Solo solicitamos informaci\u00f3n personal cuando realmente la necesitamos para brindarle un servicio. Lo hacemos por medios justos y legales,\u2026 <\/p>","protected":false},"author":1,"featured_media":0,"parent":0,"menu_order":0,"comment_status":"closed","ping_status":"open","template":"","meta":{"footnotes":""},"class_list":["post-3","page","type-page","status-publish","hentry","latest_post"],"yoast_head":"<!-- This site is optimized with the Yoast SEO plugin v27.1.1 - https:\/\/yoast.com\/product\/yoast-seo-wordpress\/ -->\n<title>Pol\u00edtica de Privacidade - Blog Racks<\/title>\n<meta name=\"robots\" content=\"index, follow, max-snippet:-1, max-image-preview:large, max-video-preview:-1\" \/>\n<link rel=\"canonical\" href=\"https:\/\/blog.racksweekend.com.br\/es\/privacy-policy\/\" \/>\n<meta property=\"og:locale\" content=\"es_MX\" \/>\n<meta property=\"og:type\" content=\"article\" \/>\n<meta property=\"og:title\" content=\"Pol\u00edtica de Privacidade - Blog Racks\" \/>\n<meta property=\"og:description\" content=\"A sua privacidade \u00e9 importante para n\u00f3s. \u00c9 pol\u00edtica do blog racksweekend respeitar a sua privacidade em rela\u00e7\u00e3o a qualquer informa\u00e7\u00e3o sua que possamos coletar no site blog racksweekend, e outros sites que possu\u00edmos e operamos. Solicitamos informa\u00e7\u00f5es pessoais apenas quando realmente precisamos delas para lhe fornecer um servi\u00e7o. Fazemo-lo por meios justos e legais, &hellip;\" \/>\n<meta property=\"og:url\" content=\"https:\/\/blog.racksweekend.com.br\/es\/privacy-policy\/\" \/>\n<meta property=\"og:site_name\" content=\"Blog Racks\" \/>\n<meta property=\"article:modified_time\" content=\"2024-08-23T14:34:09+00:00\" \/>\n<meta name=\"twitter:card\" content=\"summary_large_image\" \/>\n<meta name=\"twitter:label1\" content=\"Tiempo de lectura\" \/>\n\t<meta name=\"twitter:data1\" content=\"8 minutos\" \/>\n<script type=\"application\/ld+json\" class=\"yoast-schema-graph\">{\"@context\":\"https:\/\/schema.org\",\"@graph\":[{\"@type\":\"WebPage\",\"@id\":\"https:\/\/blog.racksweekend.com.br\/privacy-policy\/\",\"url\":\"https:\/\/blog.racksweekend.com.br\/privacy-policy\/\",\"name\":\"Pol\u00edtica de Privacidade - Blog Racks\",\"isPartOf\":{\"@id\":\"https:\/\/blog.racksweekend.com.br\/en\/#website\"},\"datePublished\":\"2023-12-13T13:49:45+00:00\",\"dateModified\":\"2024-08-23T14:34:09+00:00\",\"breadcrumb\":{\"@id\":\"https:\/\/blog.racksweekend.com.br\/privacy-policy\/#breadcrumb\"},\"inLanguage\":\"es\",\"potentialAction\":[{\"@type\":\"ReadAction\",\"target\":[\"https:\/\/blog.racksweekend.com.br\/privacy-policy\/\"]}]},{\"@type\":\"BreadcrumbList\",\"@id\":\"https:\/\/blog.racksweekend.com.br\/privacy-policy\/#breadcrumb\",\"itemListElement\":[{\"@type\":\"ListItem\",\"position\":1,\"name\":\"Home\",\"item\":\"https:\/\/blog.racksweekend.com.br\/en\/\"},{\"@type\":\"ListItem\",\"position\":2,\"name\":\"Pol\u00edtica de Privacidade\"}]},{\"@type\":\"WebSite\",\"@id\":\"https:\/\/blog.racksweekend.com.br\/en\/#website\",\"url\":\"https:\/\/blog.racksweekend.com.br\/en\/\",\"name\":\"Blog Racks\",\"description\":\"Weekend\",\"publisher\":{\"@id\":\"https:\/\/blog.racksweekend.com.br\/en\/#organization\"},\"potentialAction\":[{\"@type\":\"SearchAction\",\"target\":{\"@type\":\"EntryPoint\",\"urlTemplate\":\"https:\/\/blog.racksweekend.com.br\/en\/?s={search_term_string}\"},\"query-input\":{\"@type\":\"PropertyValueSpecification\",\"valueRequired\":true,\"valueName\":\"search_term_string\"}}],\"inLanguage\":\"es\"},{\"@type\":\"Organization\",\"@id\":\"https:\/\/blog.racksweekend.com.br\/en\/#organization\",\"name\":\"Blog Racks\",\"url\":\"https:\/\/blog.racksweekend.com.br\/en\/\",\"logo\":{\"@type\":\"ImageObject\",\"inLanguage\":\"es\",\"@id\":\"https:\/\/blog.racksweekend.com.br\/en\/#\/schema\/logo\/image\/\",\"url\":\"https:\/\/blog.racksweekend.com.br\/wp-content\/uploads\/2024\/02\/cropped-BLOG.png\",\"contentUrl\":\"https:\/\/blog.racksweekend.com.br\/wp-content\/uploads\/2024\/02\/cropped-BLOG.png\",\"width\":1248,\"height\":771,\"caption\":\"Blog Racks\"},\"image\":{\"@id\":\"https:\/\/blog.racksweekend.com.br\/en\/#\/schema\/logo\/image\/\"}}]}<\/script>\n<!-- \/ Yoast SEO plugin. -->","yoast_head_json":{"title":"Pol\u00edtica de Privacidade - Blog Racks","robots":{"index":"index","follow":"follow","max-snippet":"max-snippet:-1","max-image-preview":"max-image-preview:large","max-video-preview":"max-video-preview:-1"},"canonical":"https:\/\/blog.racksweekend.com.br\/es\/privacy-policy\/","og_locale":"es_MX","og_type":"article","og_title":"Pol\u00edtica de Privacidade - Blog Racks","og_description":"A sua privacidade \u00e9 importante para n\u00f3s. \u00c9 pol\u00edtica do blog racksweekend respeitar a sua privacidade em rela\u00e7\u00e3o a qualquer informa\u00e7\u00e3o sua que possamos coletar no site blog racksweekend, e outros sites que possu\u00edmos e operamos. Solicitamos informa\u00e7\u00f5es pessoais apenas quando realmente precisamos delas para lhe fornecer um servi\u00e7o. Fazemo-lo por meios justos e legais, &hellip;","og_url":"https:\/\/blog.racksweekend.com.br\/es\/privacy-policy\/","og_site_name":"Blog Racks","article_modified_time":"2024-08-23T14:34:09+00:00","twitter_card":"summary_large_image","twitter_misc":{"Tiempo de lectura":"8 minutos"},"schema":{"@context":"https:\/\/schema.org","@graph":[{"@type":"WebPage","@id":"https:\/\/blog.racksweekend.com.br\/privacy-policy\/","url":"https:\/\/blog.racksweekend.com.br\/privacy-policy\/","name":"Pol\u00edtica de Privacidade - Blog Racks","isPartOf":{"@id":"https:\/\/blog.racksweekend.com.br\/en\/#website"},"datePublished":"2023-12-13T13:49:45+00:00","dateModified":"2024-08-23T14:34:09+00:00","breadcrumb":{"@id":"https:\/\/blog.racksweekend.com.br\/privacy-policy\/#breadcrumb"},"inLanguage":"es","potentialAction":[{"@type":"ReadAction","target":["https:\/\/blog.racksweekend.com.br\/privacy-policy\/"]}]},{"@type":"BreadcrumbList","@id":"https:\/\/blog.racksweekend.com.br\/privacy-policy\/#breadcrumb","itemListElement":[{"@type":"ListItem","position":1,"name":"Home","item":"https:\/\/blog.racksweekend.com.br\/en\/"},{"@type":"ListItem","position":2,"name":"Pol\u00edtica de Privacidade"}]},{"@type":"WebSite","@id":"https:\/\/blog.racksweekend.com.br\/en\/#website","url":"https:\/\/blog.racksweekend.com.br\/en\/","name":"Estantes para blogs","description":"Fin de semana","publisher":{"@id":"https:\/\/blog.racksweekend.com.br\/en\/#organization"},"potentialAction":[{"@type":"SearchAction","target":{"@type":"EntryPoint","urlTemplate":"https:\/\/blog.racksweekend.com.br\/en\/?s={search_term_string}"},"query-input":{"@type":"PropertyValueSpecification","valueRequired":true,"valueName":"search_term_string"}}],"inLanguage":"es"},{"@type":"Organization","@id":"https:\/\/blog.racksweekend.com.br\/en\/#organization","name":"Estantes para blogs","url":"https:\/\/blog.racksweekend.com.br\/en\/","logo":{"@type":"ImageObject","inLanguage":"es","@id":"https:\/\/blog.racksweekend.com.br\/en\/#\/schema\/logo\/image\/","url":"https:\/\/blog.racksweekend.com.br\/wp-content\/uploads\/2024\/02\/cropped-BLOG.png","contentUrl":"https:\/\/blog.racksweekend.com.br\/wp-content\/uploads\/2024\/02\/cropped-BLOG.png","width":1248,"height":771,"caption":"Blog Racks"},"image":{"@id":"https:\/\/blog.racksweekend.com.br\/en\/#\/schema\/logo\/image\/"}}]}},"_links":{"self":[{"href":"https:\/\/blog.racksweekend.com.br\/es\/wp-json\/wp\/v2\/pages\/3","targetHints":{"allow":["GET"]}}],"collection":[{"href":"https:\/\/blog.racksweekend.com.br\/es\/wp-json\/wp\/v2\/pages"}],"about":[{"href":"https:\/\/blog.racksweekend.com.br\/es\/wp-json\/wp\/v2\/types\/page"}],"author":[{"embeddable":true,"href":"https:\/\/blog.racksweekend.com.br\/es\/wp-json\/wp\/v2\/users\/1"}],"replies":[{"embeddable":true,"href":"https:\/\/blog.racksweekend.com.br\/es\/wp-json\/wp\/v2\/comments?post=3"}],"version-history":[{"count":5,"href":"https:\/\/blog.racksweekend.com.br\/es\/wp-json\/wp\/v2\/pages\/3\/revisions"}],"predecessor-version":[{"id":408,"href":"https:\/\/blog.racksweekend.com.br\/es\/wp-json\/wp\/v2\/pages\/3\/revisions\/408"}],"wp:attachment":[{"href":"https:\/\/blog.racksweekend.com.br\/es\/wp-json\/wp\/v2\/media?parent=3"}],"curies":[{"name":"gracias","href":"https:\/\/api.w.org\/{rel}","templated":true}]}}