{"id":401,"date":"2024-08-23T12:48:58","date_gmt":"2024-08-23T12:48:58","guid":{"rendered":"https:\/\/blog.racksweekend.com.br\/?page_id=401"},"modified":"2024-08-23T12:48:59","modified_gmt":"2024-08-23T12:48:59","slug":"sobre-nos","status":"publish","type":"page","link":"https:\/\/blog.racksweekend.com.br\/es\/sobre-nos\/","title":{"rendered":"Sobre nosotros"},"content":{"rendered":"<p>Bienvenidos a nuestra web, transformamos cada fin de semana en una aventura inolvidable y cada viaje en una experiencia \u00fanica.<\/p>\n\n\n\n<p>Nos apasiona explorar el mundo y compartir contigo estos descubrimientos para que aproveches al m\u00e1ximo tus momentos de descanso y ocio.<\/p>\n\n\n\n<h2 class=\"wp-block-heading\">Nuestra Historia<\/h2>\n\n\n\n<p>Nuestro viaje comenz\u00f3 con una simple pasi\u00f3n: el deseo de romper con la norma y descubrir nuevos lugares, culturas y sabores.C<\/p>\n\n\n\n<p>Con el tiempo, nos dimos cuenta de que muchas personas comparten este deseo, pero no siempre saben c\u00f3mo ni d\u00f3nde encontrar las mejores opciones.<\/p>\n\n\n\n<p>Por eso decidimos crear este espacio, donde podr\u00e1s encontrar inspiraci\u00f3n e informaci\u00f3n para planificar tu pr\u00f3ximo fin de semana o viaje so\u00f1ado.<\/p>\n\n\n\n<h2 class=\"wp-block-heading\">Nuestra Misi\u00f3n<\/h2>\n\n\n\n<p>Nuestro principal objetivo es ayudarte a convertir tu d\u00eda libre en una experiencia incre\u00edble.<\/p>\n\n\n\n<p>Sabemos lo valioso que es el tiempo y creemos que cada fin de semana puede ser una oportunidad para recargar energ\u00edas, explorar nuevos horizontes y crear recuerdos.<\/p>\n\n\n\n<p>Queremos que aproveches al m\u00e1ximo tu viaje, ya sea un destino m\u00e1s cerca de casa o una aventura en otro pa\u00eds.<\/p>\n\n\n\n<p>Por eso nos esforzamos en brindarte consejos pr\u00e1cticos, sugerencias de itinerarios y todo lo que necesitas saber para que disfrutes tu viaje con tranquilidad.<\/p>\n\n\n\n<h2 class=\"wp-block-heading\">\u00bfQu\u00e9 ofrecemos?<\/h2>\n\n\n\n<p>Aqu\u00ed encontrar\u00e1s de todo, desde consejos sobre destinos ideales para el fin de semana hasta gu\u00edas completas para viajes m\u00e1s largos.<\/p>\n\n\n\n<p>Sabemos que cada persona tiene una forma diferente de viajar, por eso buscamos crear contenido diferente que atienda las m\u00e1s diversas preferencias.<\/p>\n\n\n\n<p>Ya sea que viaje solo, una pareja que busca romance o una familia que busca diversi\u00f3n, lo tenemos cubierto.<\/p>\n\n\n\n<ul class=\"wp-block-list\">\n<li><strong>Destinos de fin de semana:<\/strong> Sugerencias de lugares incre\u00edbles cerca de ti, perfectos para una escapada r\u00e1pida. Descubre lugares con encanto para relajarte, disfrutar de la naturaleza o emprender la aventura, sin tener que desplazarte muy lejos.<\/li>\n\n\n\n<li><strong>Itinerarios personalizados:<\/strong> Creamos itinerarios a medida para aquellos que quieren optimizar su tiempo y aprovechar al m\u00e1ximo cada momento. Con nuestras sugerencias de itinerarios sabr\u00e1s exactamente qu\u00e9 hacer, d\u00f3nde ir y c\u00f3mo disfrutar de cada destino.<\/li>\n\n\n\n<li><strong>Consejos pr\u00e1cticos:<\/strong> Adem\u00e1s de destinos e itinerarios, ofrecemos consejos esenciales para hacer tu viaje m\u00e1s f\u00e1cil, como los mejores momentos para visitar las atracciones, c\u00f3mo ahorrar dinero durante tu viaje y qu\u00e9 no puede faltar en tu equipaje.<\/li>\n\n\n\n<li><strong>Inspiraci\u00f3n:<\/strong> Historias inspiradoras de otros viajeros, ideas para diferentes experiencias y sugerencias de viajes tem\u00e1ticos para quienes buscan algo fuera de lo com\u00fan.<\/li>\n<\/ul>\n\n\n\n<h2 class=\"wp-block-heading\">Nuestro Compromiso<\/h2>\n\n\n\n<p>Creemos que viajar es m\u00e1s que desplazarse de un lugar a otro.<\/p>\n\n\n\n<p>Es una oportunidad para conocer una nueva cultura, conocer gente diferente y experimentar el cambio.<\/p>\n\n\n\n<p>Es por eso que siempre estamos comprometidos a brindar contenido de calidad basado en investigaciones y experiencias del mundo real para que pueda viajar con confianza y seguridad.<\/p>\n\n\n\n<p>Adem\u00e1s, siempre estamos al tanto de las tendencias y cambios en el mundo de los viajes.<\/p>\n\n\n\n<p>Si eres un fan\u00e1tico de los viajes tradicionales o alguien que prefiere los viajes alternativos, nos aseguraremos de que tengas la mejor informaci\u00f3n a tu alcance.<\/p>\n\n\n\n<h2 class=\"wp-block-heading\"><strong>\u00bfViajemos juntos?<\/strong><\/h2>\n\n\n\n<p>Bienvenido a nuestro sitio web. Esperamos que cada clic que hagas sea el comienzo de un nuevo viaje.<\/p>\n\n\n\n<p>Exploremos el mundo juntos, un fin de semana y un viaje a la vez.<\/p>\n\n\n\n<p>Despu\u00e9s de todo, la vida es demasiado corta para no vivirla al m\u00e1ximo y estamos aqu\u00ed para asegurarnos de que la vivas lo mejor que puedas.<\/p>","protected":false},"excerpt":{"rendered":"<p>Bienvenidos a nuestra web, transformamos cada fin de semana en una aventura inolvidable y cada viaje en una experiencia \u00fanica. Nos apasiona explorar el mundo y compartir contigo estos descubrimientos para que aproveches al m\u00e1ximo tus momentos de descanso y ocio. Nuestra Historia Nuestro viaje comenz\u00f3 con una simple pasi\u00f3n: el deseo de\u2026 <\/p>","protected":false},"author":1,"featured_media":0,"parent":0,"menu_order":0,"comment_status":"closed","ping_status":"closed","template":"","meta":{"footnotes":"[]"},"class_list":["post-401","page","type-page","status-publish","hentry","latest_post"],"yoast_head":"<!-- This site is optimized with the Yoast SEO plugin v27.1.1 - https:\/\/yoast.com\/product\/yoast-seo-wordpress\/ -->\n<title>Sobre N\u00f3s - Blog Racks<\/title>\n<meta name=\"description\" content=\"Bem-vindo ao nosso site, transformamos cada fim de semana numa aventura inesquec\u00edvel e cada viagem numa experi\u00eancia \u00fanica.\" \/>\n<meta name=\"robots\" content=\"index, follow, max-snippet:-1, max-image-preview:large, max-video-preview:-1\" \/>\n<link rel=\"canonical\" href=\"https:\/\/blog.racksweekend.com.br\/es\/sobre-nos\/\" \/>\n<meta property=\"og:locale\" content=\"es_MX\" \/>\n<meta property=\"og:type\" content=\"article\" \/>\n<meta property=\"og:title\" content=\"Sobre N\u00f3s - Blog Racks\" \/>\n<meta property=\"og:description\" content=\"Bem-vindo ao nosso site, transformamos cada fim de semana numa aventura inesquec\u00edvel e cada viagem numa experi\u00eancia \u00fanica.\" \/>\n<meta property=\"og:url\" content=\"https:\/\/blog.racksweekend.com.br\/es\/sobre-nos\/\" \/>\n<meta property=\"og:site_name\" content=\"Blog Racks\" \/>\n<meta property=\"article:modified_time\" content=\"2024-08-23T12:48:59+00:00\" \/>\n<meta name=\"twitter:card\" content=\"summary_large_image\" \/>\n<meta name=\"twitter:label1\" content=\"Tiempo de lectura\" \/>\n\t<meta name=\"twitter:data1\" content=\"4 minutos\" \/>\n<script type=\"application\/ld+json\" class=\"yoast-schema-graph\">{\"@context\":\"https:\/\/schema.org\",\"@graph\":[{\"@type\":\"WebPage\",\"@id\":\"https:\/\/blog.racksweekend.com.br\/sobre-nos\/\",\"url\":\"https:\/\/blog.racksweekend.com.br\/sobre-nos\/\",\"name\":\"Sobre N\u00f3s - Blog Racks\",\"isPartOf\":{\"@id\":\"https:\/\/blog.racksweekend.com.br\/en\/#website\"},\"datePublished\":\"2024-08-23T12:48:58+00:00\",\"dateModified\":\"2024-08-23T12:48:59+00:00\",\"description\":\"Bem-vindo ao nosso site, transformamos cada fim de semana numa aventura inesquec\u00edvel e cada viagem numa experi\u00eancia \u00fanica.\",\"breadcrumb\":{\"@id\":\"https:\/\/blog.racksweekend.com.br\/sobre-nos\/#breadcrumb\"},\"inLanguage\":\"es\",\"potentialAction\":[{\"@type\":\"ReadAction\",\"target\":[\"https:\/\/blog.racksweekend.com.br\/sobre-nos\/\"]}]},{\"@type\":\"BreadcrumbList\",\"@id\":\"https:\/\/blog.racksweekend.com.br\/sobre-nos\/#breadcrumb\",\"itemListElement\":[{\"@type\":\"ListItem\",\"position\":1,\"name\":\"Home\",\"item\":\"https:\/\/blog.racksweekend.com.br\/en\/\"},{\"@type\":\"ListItem\",\"position\":2,\"name\":\"Sobre N\u00f3s\"}]},{\"@type\":\"WebSite\",\"@id\":\"https:\/\/blog.racksweekend.com.br\/en\/#website\",\"url\":\"https:\/\/blog.racksweekend.com.br\/en\/\",\"name\":\"Blog Racks\",\"description\":\"Weekend\",\"publisher\":{\"@id\":\"https:\/\/blog.racksweekend.com.br\/en\/#organization\"},\"potentialAction\":[{\"@type\":\"SearchAction\",\"target\":{\"@type\":\"EntryPoint\",\"urlTemplate\":\"https:\/\/blog.racksweekend.com.br\/en\/?s={search_term_string}\"},\"query-input\":{\"@type\":\"PropertyValueSpecification\",\"valueRequired\":true,\"valueName\":\"search_term_string\"}}],\"inLanguage\":\"es\"},{\"@type\":\"Organization\",\"@id\":\"https:\/\/blog.racksweekend.com.br\/en\/#organization\",\"name\":\"Blog Racks\",\"url\":\"https:\/\/blog.racksweekend.com.br\/en\/\",\"logo\":{\"@type\":\"ImageObject\",\"inLanguage\":\"es\",\"@id\":\"https:\/\/blog.racksweekend.com.br\/en\/#\/schema\/logo\/image\/\",\"url\":\"https:\/\/blog.racksweekend.com.br\/wp-content\/uploads\/2024\/02\/cropped-BLOG.png\",\"contentUrl\":\"https:\/\/blog.racksweekend.com.br\/wp-content\/uploads\/2024\/02\/cropped-BLOG.png\",\"width\":1248,\"height\":771,\"caption\":\"Blog Racks\"},\"image\":{\"@id\":\"https:\/\/blog.racksweekend.com.br\/en\/#\/schema\/logo\/image\/\"}}]}<\/script>\n<!-- \/ Yoast SEO plugin. -->","yoast_head_json":{"title":"Sobre N\u00f3s - Blog Racks","description":"Bienvenidos a nuestra web, transformamos cada fin de semana en una aventura inolvidable y cada viaje en una experiencia \u00fanica.","robots":{"index":"index","follow":"follow","max-snippet":"max-snippet:-1","max-image-preview":"max-image-preview:large","max-video-preview":"max-video-preview:-1"},"canonical":"https:\/\/blog.racksweekend.com.br\/es\/sobre-nos\/","og_locale":"es_MX","og_type":"article","og_title":"Sobre N\u00f3s - Blog Racks","og_description":"Bem-vindo ao nosso site, transformamos cada fim de semana numa aventura inesquec\u00edvel e cada viagem numa experi\u00eancia \u00fanica.","og_url":"https:\/\/blog.racksweekend.com.br\/es\/sobre-nos\/","og_site_name":"Blog Racks","article_modified_time":"2024-08-23T12:48:59+00:00","twitter_card":"summary_large_image","twitter_misc":{"Tiempo de lectura":"4 minutos"},"schema":{"@context":"https:\/\/schema.org","@graph":[{"@type":"WebPage","@id":"https:\/\/blog.racksweekend.com.br\/sobre-nos\/","url":"https:\/\/blog.racksweekend.com.br\/sobre-nos\/","name":"Sobre N\u00f3s - Blog Racks","isPartOf":{"@id":"https:\/\/blog.racksweekend.com.br\/en\/#website"},"datePublished":"2024-08-23T12:48:58+00:00","dateModified":"2024-08-23T12:48:59+00:00","description":"Bienvenidos a nuestra web, transformamos cada fin de semana en una aventura inolvidable y cada viaje en una experiencia \u00fanica.","breadcrumb":{"@id":"https:\/\/blog.racksweekend.com.br\/sobre-nos\/#breadcrumb"},"inLanguage":"es","potentialAction":[{"@type":"ReadAction","target":["https:\/\/blog.racksweekend.com.br\/sobre-nos\/"]}]},{"@type":"BreadcrumbList","@id":"https:\/\/blog.racksweekend.com.br\/sobre-nos\/#breadcrumb","itemListElement":[{"@type":"ListItem","position":1,"name":"Home","item":"https:\/\/blog.racksweekend.com.br\/en\/"},{"@type":"ListItem","position":2,"name":"Sobre N\u00f3s"}]},{"@type":"WebSite","@id":"https:\/\/blog.racksweekend.com.br\/en\/#website","url":"https:\/\/blog.racksweekend.com.br\/en\/","name":"Estantes para blogs","description":"Fin de semana","publisher":{"@id":"https:\/\/blog.racksweekend.com.br\/en\/#organization"},"potentialAction":[{"@type":"SearchAction","target":{"@type":"EntryPoint","urlTemplate":"https:\/\/blog.racksweekend.com.br\/en\/?s={search_term_string}"},"query-input":{"@type":"PropertyValueSpecification","valueRequired":true,"valueName":"search_term_string"}}],"inLanguage":"es"},{"@type":"Organization","@id":"https:\/\/blog.racksweekend.com.br\/en\/#organization","name":"Estantes para blogs","url":"https:\/\/blog.racksweekend.com.br\/en\/","logo":{"@type":"ImageObject","inLanguage":"es","@id":"https:\/\/blog.racksweekend.com.br\/en\/#\/schema\/logo\/image\/","url":"https:\/\/blog.racksweekend.com.br\/wp-content\/uploads\/2024\/02\/cropped-BLOG.png","contentUrl":"https:\/\/blog.racksweekend.com.br\/wp-content\/uploads\/2024\/02\/cropped-BLOG.png","width":1248,"height":771,"caption":"Blog Racks"},"image":{"@id":"https:\/\/blog.racksweekend.com.br\/en\/#\/schema\/logo\/image\/"}}]}},"_links":{"self":[{"href":"https:\/\/blog.racksweekend.com.br\/es\/wp-json\/wp\/v2\/pages\/401","targetHints":{"allow":["GET"]}}],"collection":[{"href":"https:\/\/blog.racksweekend.com.br\/es\/wp-json\/wp\/v2\/pages"}],"about":[{"href":"https:\/\/blog.racksweekend.com.br\/es\/wp-json\/wp\/v2\/types\/page"}],"author":[{"embeddable":true,"href":"https:\/\/blog.racksweekend.com.br\/es\/wp-json\/wp\/v2\/users\/1"}],"replies":[{"embeddable":true,"href":"https:\/\/blog.racksweekend.com.br\/es\/wp-json\/wp\/v2\/comments?post=401"}],"version-history":[{"count":1,"href":"https:\/\/blog.racksweekend.com.br\/es\/wp-json\/wp\/v2\/pages\/401\/revisions"}],"predecessor-version":[{"id":402,"href":"https:\/\/blog.racksweekend.com.br\/es\/wp-json\/wp\/v2\/pages\/401\/revisions\/402"}],"wp:attachment":[{"href":"https:\/\/blog.racksweekend.com.br\/es\/wp-json\/wp\/v2\/media?parent=401"}],"curies":[{"name":"gracias","href":"https:\/\/api.w.org\/{rel}","templated":true}]}}