{"id":401,"date":"2024-08-23T12:48:58","date_gmt":"2024-08-23T12:48:58","guid":{"rendered":"https:\/\/blog.racksweekend.com.br\/?page_id=401"},"modified":"2024-08-23T12:48:59","modified_gmt":"2024-08-23T12:48:59","slug":"sobre-nos","status":"publish","type":"page","link":"https:\/\/blog.racksweekend.com.br\/fr\/sobre-nos\/","title":{"rendered":"\u00c0 propos de nous"},"content":{"rendered":"<p>Bienvenue sur notre site Internet, nous transformons chaque week-end en une aventure inoubliable et chaque voyage en une exp\u00e9rience unique.<\/p>\n\n\n\n<p>Nous avons la passion d&#039;explorer le monde et de partager ces d\u00e9couvertes avec vous afin que vous puissiez profiter au maximum de vos moments de repos et de loisirs.<\/p>\n\n\n\n<h2 class=\"wp-block-heading\">Notre histoire<\/h2>\n\n\n\n<p>Notre voyage a commenc\u00e9 avec une passion simple : l&#039;envie de rompre avec les normes et de d\u00e9couvrir de nouveaux lieux, cultures et saveurs.C<\/p>\n\n\n\n<p>Au fil du temps, nous avons r\u00e9alis\u00e9 que beaucoup de gens partagent ce d\u00e9sir, mais ne savent pas toujours comment ni o\u00f9 trouver les meilleures options.<\/p>\n\n\n\n<p>C&#039;est pourquoi nous avons d\u00e9cid\u00e9 de cr\u00e9er cet espace, o\u00f9 vous pourrez trouver de l&#039;inspiration et des informations pour planifier votre prochain week-end ou voyage de r\u00eave.<\/p>\n\n\n\n<h2 class=\"wp-block-heading\">Notre mission<\/h2>\n\n\n\n<p>Notre objectif principal est de vous aider \u00e0 transformer votre journ\u00e9e en une exp\u00e9rience incroyable.<\/p>\n\n\n\n<p>Nous savons \u00e0 quel point le temps est pr\u00e9cieux et nous pensons que chaque week-end peut \u00eatre l&#039;occasion de se ressourcer, d&#039;explorer de nouveaux horizons et de cr\u00e9er des souvenirs.<\/p>\n\n\n\n<p>Nous voulons que vous profitiez au maximum de votre voyage, qu&#039;il s&#039;agisse d&#039;une destination plus proche de chez vous ou d&#039;une aventure dans un autre pays.<\/p>\n\n\n\n<p>C&#039;est pourquoi nous nous effor\u00e7ons de vous fournir des conseils pratiques, des suggestions d&#039;itin\u00e9raires et tout ce que vous devez savoir pour que vous puissiez profiter de votre voyage en toute s\u00e9r\u00e9nit\u00e9.<\/p>\n\n\n\n<h2 class=\"wp-block-heading\">Que proposons-nous ?<\/h2>\n\n\n\n<p>Vous trouverez ici de tout, des conseils sur les destinations id\u00e9ales pour le week-end aux guides complets pour les voyages plus longs.<\/p>\n\n\n\n<p>Nous savons que chaque personne a une fa\u00e7on diff\u00e9rente de voyager, c&#039;est pourquoi nous cherchons \u00e0 cr\u00e9er des contenus diff\u00e9rents qui r\u00e9pondent aux pr\u00e9f\u00e9rences les plus diverses.<\/p>\n\n\n\n<p>Que vous soyez un voyageur seul, un couple en qu\u00eate de romance ou une famille en qu\u00eate de plaisir, nous avons ce qu&#039;il vous faut.<\/p>\n\n\n\n<ul class=\"wp-block-list\">\n<li><strong>Destinations week-end :<\/strong> Des suggestions d&#039;endroits incroyables pr\u00e8s de chez vous, parfaits pour une escapade rapide. D\u00e9couvrez des endroits charmants pour vous d\u00e9tendre, profiter de la nature ou partir \u00e0 l&#039;aventure, sans avoir \u00e0 voyager bien loin.<\/li>\n\n\n\n<li><strong>Itin\u00e9raires personnalis\u00e9s :<\/strong> Nous cr\u00e9ons des itin\u00e9raires sur mesure pour ceux qui souhaitent optimiser leur temps et profiter au maximum de chaque instant. Gr\u00e2ce \u00e0 nos suggestions d&#039;itin\u00e9raires, vous saurez exactement quoi faire, o\u00f9 aller et comment profiter de chaque destination.<\/li>\n\n\n\n<li><strong>Conseils pratiques :<\/strong> En plus des destinations et des itin\u00e9raires, nous vous proposons des conseils essentiels pour faciliter votre voyage, comme les meilleurs moments pour visiter les attractions, comment \u00e9conomiser de l&#039;argent pendant votre voyage et ce que vous ne pouvez pas manquer dans vos bagages.<\/li>\n\n\n\n<li><strong>Inspiration:<\/strong> Des histoires inspirantes d&#039;autres voyageurs, des id\u00e9es d&#039;exp\u00e9riences diff\u00e9rentes et des suggestions de voyages th\u00e9matiques pour ceux qui recherchent quelque chose qui sort de l&#039;ordinaire.<\/li>\n<\/ul>\n\n\n\n<h2 class=\"wp-block-heading\">Notre engagement<\/h2>\n\n\n\n<p>Nous pensons que voyager, c&#039;est bien plus que simplement se d\u00e9placer d&#039;un endroit \u00e0 un autre.<\/p>\n\n\n\n<p>C&#039;est l&#039;occasion de d\u00e9couvrir une nouvelle culture, de rencontrer des personnes diff\u00e9rentes et de vivre le changement.<\/p>\n\n\n\n<p>C&#039;est pourquoi nous nous engageons toujours \u00e0 fournir un contenu de qualit\u00e9 bas\u00e9 sur des recherches et des exp\u00e9riences du monde r\u00e9el afin que vous puissiez voyager en toute confiance et en toute s\u00e9curit\u00e9.<\/p>\n\n\n\n<p>De plus, nous sommes toujours au courant des tendances et des changements dans le monde du voyage.<\/p>\n\n\n\n<p>Que vous soyez amateur de voyages traditionnels ou pr\u00e9f\u00e9rant les voyages alternatifs, nous veillerons \u00e0 ce que vous ayez les meilleures informations \u00e0 port\u00e9e de main.<\/p>\n\n\n\n<h2 class=\"wp-block-heading\"><strong>Voyageons ensemble ?<\/strong><\/h2>\n\n\n\n<p>Bienvenue sur notre site Web. Nous esp\u00e9rons que chaque clic que vous effectuez est le d\u00e9but d\u2019un nouveau voyage.<\/p>\n\n\n\n<p>Explorons le monde ensemble, un week-end et un voyage \u00e0 la fois.<\/p>\n\n\n\n<p>Apr\u00e8s tout, la vie est trop courte pour ne pas la vivre pleinement et nous sommes l\u00e0 pour veiller \u00e0 ce que vous la viviez au mieux de vos capacit\u00e9s.<\/p>","protected":false},"excerpt":{"rendered":"<p>Bienvenue sur notre site Internet, nous transformons chaque week-end en une aventure inoubliable et chaque voyage en une exp\u00e9rience unique. Nous avons la passion d&#039;explorer le monde et de partager ces d\u00e9couvertes avec vous afin que vous puissiez profiter au maximum de vos moments de repos et de loisirs. Notre histoire Notre voyage a commenc\u00e9 avec une passion simple : le d\u00e9sir de\u2026 <\/p>","protected":false},"author":1,"featured_media":0,"parent":0,"menu_order":0,"comment_status":"closed","ping_status":"closed","template":"","meta":{"footnotes":"[]"},"class_list":["post-401","page","type-page","status-publish","hentry","latest_post"],"yoast_head":"<!-- This site is optimized with the Yoast SEO plugin v27.1.1 - https:\/\/yoast.com\/product\/yoast-seo-wordpress\/ -->\n<title>Sobre N\u00f3s - Blog Racks<\/title>\n<meta name=\"description\" content=\"Bem-vindo ao nosso site, transformamos cada fim de semana numa aventura inesquec\u00edvel e cada viagem numa experi\u00eancia \u00fanica.\" \/>\n<meta name=\"robots\" content=\"index, follow, max-snippet:-1, max-image-preview:large, max-video-preview:-1\" \/>\n<link rel=\"canonical\" href=\"https:\/\/blog.racksweekend.com.br\/fr\/sobre-nos\/\" \/>\n<meta property=\"og:locale\" content=\"fr_FR\" \/>\n<meta property=\"og:type\" content=\"article\" \/>\n<meta property=\"og:title\" content=\"Sobre N\u00f3s - Blog Racks\" \/>\n<meta property=\"og:description\" content=\"Bem-vindo ao nosso site, transformamos cada fim de semana numa aventura inesquec\u00edvel e cada viagem numa experi\u00eancia \u00fanica.\" \/>\n<meta property=\"og:url\" content=\"https:\/\/blog.racksweekend.com.br\/fr\/sobre-nos\/\" \/>\n<meta property=\"og:site_name\" content=\"Blog Racks\" \/>\n<meta property=\"article:modified_time\" content=\"2024-08-23T12:48:59+00:00\" \/>\n<meta name=\"twitter:card\" content=\"summary_large_image\" \/>\n<meta name=\"twitter:label1\" content=\"Dur\u00e9e de lecture estim\u00e9e\" \/>\n\t<meta name=\"twitter:data1\" content=\"4 minutes\" \/>\n<script type=\"application\/ld+json\" class=\"yoast-schema-graph\">{\"@context\":\"https:\/\/schema.org\",\"@graph\":[{\"@type\":\"WebPage\",\"@id\":\"https:\/\/blog.racksweekend.com.br\/sobre-nos\/\",\"url\":\"https:\/\/blog.racksweekend.com.br\/sobre-nos\/\",\"name\":\"Sobre N\u00f3s - Blog Racks\",\"isPartOf\":{\"@id\":\"https:\/\/blog.racksweekend.com.br\/en\/#website\"},\"datePublished\":\"2024-08-23T12:48:58+00:00\",\"dateModified\":\"2024-08-23T12:48:59+00:00\",\"description\":\"Bem-vindo ao nosso site, transformamos cada fim de semana numa aventura inesquec\u00edvel e cada viagem numa experi\u00eancia \u00fanica.\",\"breadcrumb\":{\"@id\":\"https:\/\/blog.racksweekend.com.br\/sobre-nos\/#breadcrumb\"},\"inLanguage\":\"fr-FR\",\"potentialAction\":[{\"@type\":\"ReadAction\",\"target\":[\"https:\/\/blog.racksweekend.com.br\/sobre-nos\/\"]}]},{\"@type\":\"BreadcrumbList\",\"@id\":\"https:\/\/blog.racksweekend.com.br\/sobre-nos\/#breadcrumb\",\"itemListElement\":[{\"@type\":\"ListItem\",\"position\":1,\"name\":\"Home\",\"item\":\"https:\/\/blog.racksweekend.com.br\/en\/\"},{\"@type\":\"ListItem\",\"position\":2,\"name\":\"Sobre N\u00f3s\"}]},{\"@type\":\"WebSite\",\"@id\":\"https:\/\/blog.racksweekend.com.br\/en\/#website\",\"url\":\"https:\/\/blog.racksweekend.com.br\/en\/\",\"name\":\"Blog Racks\",\"description\":\"Weekend\",\"publisher\":{\"@id\":\"https:\/\/blog.racksweekend.com.br\/en\/#organization\"},\"potentialAction\":[{\"@type\":\"SearchAction\",\"target\":{\"@type\":\"EntryPoint\",\"urlTemplate\":\"https:\/\/blog.racksweekend.com.br\/en\/?s={search_term_string}\"},\"query-input\":{\"@type\":\"PropertyValueSpecification\",\"valueRequired\":true,\"valueName\":\"search_term_string\"}}],\"inLanguage\":\"fr-FR\"},{\"@type\":\"Organization\",\"@id\":\"https:\/\/blog.racksweekend.com.br\/en\/#organization\",\"name\":\"Blog Racks\",\"url\":\"https:\/\/blog.racksweekend.com.br\/en\/\",\"logo\":{\"@type\":\"ImageObject\",\"inLanguage\":\"fr-FR\",\"@id\":\"https:\/\/blog.racksweekend.com.br\/en\/#\/schema\/logo\/image\/\",\"url\":\"https:\/\/blog.racksweekend.com.br\/wp-content\/uploads\/2024\/02\/cropped-BLOG.png\",\"contentUrl\":\"https:\/\/blog.racksweekend.com.br\/wp-content\/uploads\/2024\/02\/cropped-BLOG.png\",\"width\":1248,\"height\":771,\"caption\":\"Blog Racks\"},\"image\":{\"@id\":\"https:\/\/blog.racksweekend.com.br\/en\/#\/schema\/logo\/image\/\"}}]}<\/script>\n<!-- \/ Yoast SEO plugin. -->","yoast_head_json":{"title":"Sobre N\u00f3s - Blog Racks","description":"Bienvenue sur notre site Internet, nous transformons chaque week-end en une aventure inoubliable et chaque voyage en une exp\u00e9rience unique.","robots":{"index":"index","follow":"follow","max-snippet":"max-snippet:-1","max-image-preview":"max-image-preview:large","max-video-preview":"max-video-preview:-1"},"canonical":"https:\/\/blog.racksweekend.com.br\/fr\/sobre-nos\/","og_locale":"fr_FR","og_type":"article","og_title":"Sobre N\u00f3s - Blog Racks","og_description":"Bem-vindo ao nosso site, transformamos cada fim de semana numa aventura inesquec\u00edvel e cada viagem numa experi\u00eancia \u00fanica.","og_url":"https:\/\/blog.racksweekend.com.br\/fr\/sobre-nos\/","og_site_name":"Blog Racks","article_modified_time":"2024-08-23T12:48:59+00:00","twitter_card":"summary_large_image","twitter_misc":{"Dur\u00e9e de lecture estim\u00e9e":"4 minutes"},"schema":{"@context":"https:\/\/schema.org","@graph":[{"@type":"WebPage","@id":"https:\/\/blog.racksweekend.com.br\/sobre-nos\/","url":"https:\/\/blog.racksweekend.com.br\/sobre-nos\/","name":"Sobre N\u00f3s - Blog Racks","isPartOf":{"@id":"https:\/\/blog.racksweekend.com.br\/en\/#website"},"datePublished":"2024-08-23T12:48:58+00:00","dateModified":"2024-08-23T12:48:59+00:00","description":"Bienvenue sur notre site Internet, nous transformons chaque week-end en une aventure inoubliable et chaque voyage en une exp\u00e9rience unique.","breadcrumb":{"@id":"https:\/\/blog.racksweekend.com.br\/sobre-nos\/#breadcrumb"},"inLanguage":"fr-FR","potentialAction":[{"@type":"ReadAction","target":["https:\/\/blog.racksweekend.com.br\/sobre-nos\/"]}]},{"@type":"BreadcrumbList","@id":"https:\/\/blog.racksweekend.com.br\/sobre-nos\/#breadcrumb","itemListElement":[{"@type":"ListItem","position":1,"name":"Home","item":"https:\/\/blog.racksweekend.com.br\/en\/"},{"@type":"ListItem","position":2,"name":"Sobre N\u00f3s"}]},{"@type":"WebSite","@id":"https:\/\/blog.racksweekend.com.br\/en\/#website","url":"https:\/\/blog.racksweekend.com.br\/en\/","name":"Supports de blogs","description":"Fin de semaine","publisher":{"@id":"https:\/\/blog.racksweekend.com.br\/en\/#organization"},"potentialAction":[{"@type":"SearchAction","target":{"@type":"EntryPoint","urlTemplate":"https:\/\/blog.racksweekend.com.br\/en\/?s={search_term_string}"},"query-input":{"@type":"PropertyValueSpecification","valueRequired":true,"valueName":"search_term_string"}}],"inLanguage":"fr-FR"},{"@type":"Organization","@id":"https:\/\/blog.racksweekend.com.br\/en\/#organization","name":"Supports de blogs","url":"https:\/\/blog.racksweekend.com.br\/en\/","logo":{"@type":"ImageObject","inLanguage":"fr-FR","@id":"https:\/\/blog.racksweekend.com.br\/en\/#\/schema\/logo\/image\/","url":"https:\/\/blog.racksweekend.com.br\/wp-content\/uploads\/2024\/02\/cropped-BLOG.png","contentUrl":"https:\/\/blog.racksweekend.com.br\/wp-content\/uploads\/2024\/02\/cropped-BLOG.png","width":1248,"height":771,"caption":"Blog Racks"},"image":{"@id":"https:\/\/blog.racksweekend.com.br\/en\/#\/schema\/logo\/image\/"}}]}},"_links":{"self":[{"href":"https:\/\/blog.racksweekend.com.br\/fr\/wp-json\/wp\/v2\/pages\/401","targetHints":{"allow":["GET"]}}],"collection":[{"href":"https:\/\/blog.racksweekend.com.br\/fr\/wp-json\/wp\/v2\/pages"}],"about":[{"href":"https:\/\/blog.racksweekend.com.br\/fr\/wp-json\/wp\/v2\/types\/page"}],"author":[{"embeddable":true,"href":"https:\/\/blog.racksweekend.com.br\/fr\/wp-json\/wp\/v2\/users\/1"}],"replies":[{"embeddable":true,"href":"https:\/\/blog.racksweekend.com.br\/fr\/wp-json\/wp\/v2\/comments?post=401"}],"version-history":[{"count":1,"href":"https:\/\/blog.racksweekend.com.br\/fr\/wp-json\/wp\/v2\/pages\/401\/revisions"}],"predecessor-version":[{"id":402,"href":"https:\/\/blog.racksweekend.com.br\/fr\/wp-json\/wp\/v2\/pages\/401\/revisions\/402"}],"wp:attachment":[{"href":"https:\/\/blog.racksweekend.com.br\/fr\/wp-json\/wp\/v2\/media?parent=401"}],"curies":[{"name":"wp","href":"https:\/\/api.w.org\/{rel}","templated":true}]}}