{"id":2,"date":"2023-12-13T13:49:45","date_gmt":"2023-12-13T13:49:45","guid":{"rendered":"http:\/\/blog.racksweekend.com.br\/?page_id=2"},"modified":"2025-04-22T14:26:30","modified_gmt":"2025-04-22T14:26:30","slug":"sample-page","status":"publish","type":"page","link":"https:\/\/blog.racksweekend.com.br\/hr\/sample-page\/","title":{"rendered":"Uvjeti kori\u0161tenja"},"content":{"rendered":"<h2 class=\"wp-block-heading\">1. Uvjeti<\/h2>\n\n\n\n<p>Pristupom web stranici blog racksweekend pristajete na po\u0161tivanje ovih uvjeta kori\u0161tenja, svih va\u017ee\u0107ih zakona i propisa te pristajete da ste odgovorni za po\u0161tivanje svih va\u017ee\u0107ih lokalnih zakona. Ako se ne sla\u017eete s bilo kojim od ovih uvjeta, zabranjeno vam je kori\u0161tenje ili pristup ovoj stranici. Materijali sadr\u017eani na ovoj web stranici za\u0161ti\u0107eni su va\u017ee\u0107im zakonima o autorskim pravima i za\u0161titnim znakovima.<\/p>\n\n\n\n<h2 class=\"wp-block-heading\">2. Kori\u0161tenje licence<\/h2>\n\n\n\n<p>Dopu\u0161teno je privremeno preuzimanje jedne kopije materijala (informacija ili softvera) na web stranici racksweekend bloga samo za osobno, nekomercijalno prolazno gledanje. Ovo je dodjela licence, a ne prijenos vlasni\u0161tva, i prema ovoj licenci ne smijete:<\/p>\n\n\n\n<ol class=\"wp-block-list\">\n<li>mijenjati ili kopirati materijale;<\/li>\n\n\n\n<li>koristiti materijale u bilo koju komercijalnu svrhu ili za javno prikazivanje (komercijalno ili nekomercijalno);<\/li>\n\n\n\n<li>poku\u0161ati dekompilirati ili obrnuti in\u017eenjering bilo kojeg softvera sadr\u017eanog na web stranici racksweekend bloga;<\/li>\n\n\n\n<li>ukloniti sva autorska prava ili druge vlasni\u010dke oznake iz materijala; ili<\/li>\n\n\n\n<li>prenijeti materijale drugoj osobi ili &#039;zrcaliti&#039; materijale na bilo kojem drugom poslu\u017eitelju.<\/li>\n<\/ol>\n\n\n\n<p>Ova \u0107e licenca automatski prestati ako prekr\u0161ite bilo koje od ovih ograni\u010denja i blog racksweekend mo\u017ee je ukinuti u bilo kojem trenutku. Nakon prestanka pregledavanja ovih materijala ili nakon raskida ove licence, morate izbrisati sve preuzete materijale u svom posjedu, bilo u elektroni\u010dkom ili tiskanom obliku.<\/p>\n\n\n\n<h2 class=\"wp-block-heading\">3. Odricanje od odgovornosti<\/h2>\n\n\n\n<ol class=\"wp-block-list\">\n<li>Materijali na web stranici racksweekend bloga dostupni su &quot;kakvi jesu&quot;. blog racksweekend ne daje nikakva jamstva, izri\u010dita ili pre\u0161utna, te se ovime odri\u010de i negira sva druga jamstva, uklju\u010duju\u0107i, bez ograni\u010denja, pre\u0161utna jamstva ili uvjete utr\u017eivosti, prikladnosti za odre\u0111enu svrhu ili nekr\u0161enja intelektualnog vlasni\u0161tva ili drugog kr\u0161enja prava.<\/li>\n\n\n\n<li>Nadalje, racksweekend blog ne jam\u010di niti daje bilo kakve izjave o to\u010dnosti, vjerojatnim rezultatima ili pouzdanosti upotrebe materijala na svojoj web stranici ili na drugi na\u010din koji se odnosi na takve materijale ili na bilo koje stranice povezane s ovom stranicom.<\/li>\n<\/ol>\n\n\n\n<h2 class=\"wp-block-heading\">4. Ograni\u010denja<\/h2>\n\n\n\n<p>Ni u kojem slu\u010daju blog racksweekend ili njegovi dobavlja\u010di ne\u0107e biti odgovorni za bilo kakvu \u0161tetu (uklju\u010duju\u0107i, bez ograni\u010denja, \u0161tetu zbog gubitka podataka ili dobiti, ili zbog prekida poslovanja) proiza\u0161lu iz kori\u0161tenja ili nemogu\u0107nosti kori\u0161tenja materijala na blogu racksweekend, \u010dak i ako je blog racksweekend ili ovla\u0161teni predstavnik blog racksweekend usmeno ili pismeno obavije\u0161ten o mogu\u0107nosti takve \u0161tete. Budu\u0107i da neke jurisdikcije ne dopu\u0161taju ograni\u010denja implicitnih jamstava ili ograni\u010denja odgovornosti za posljedi\u010dne ili slu\u010dajne \u0161tete, ta se ograni\u010denja mo\u017eda ne odnose na vas.<\/p>\n\n\n\n<h2 class=\"wp-block-heading\">5. Preciznost materijala<\/h2>\n\n\n\n<p>Materijali koji se pojavljuju na web stranici Racksweekend mogu sadr\u017eavati tehni\u010dke, tiskarske ili fotografske pogre\u0161ke. blog racksweekend ne jam\u010di da su materijali na njegovoj web stranici to\u010dni, potpuni ili aktualni. racksweekend blog mo\u017ee mijenjati materijale sadr\u017eane na svojoj web stranici u bilo koje vrijeme bez prethodne najave. Me\u0111utim, racksweekend blog se ne obvezuje a\u017eurirati materijale.<\/p>\n\n\n\n<h2 class=\"wp-block-heading\">6. Poveznice<\/h2>\n\n\n\n<p>Racksweekend Blog nije pregledao sva mjesta povezana s njegovim web mjestom i nije odgovoran za sadr\u017eaj bilo koje povezane stranice. Uklju\u010divanje bilo koje veze ne zna\u010di da web mjesto podr\u017eava blog racksweekend. Kori\u0161tenje bilo koje povezane stranice je na vlastitu odgovornost korisnika.<\/p>\n\n\n\n<h3 class=\"wp-block-heading\">Izmjene<\/h3>\n\n\n\n<p>Racksweekend blog mo\u017ee revidirati ove uvjete pru\u017eanja usluge za svoje web mjesto u bilo kojem trenutku bez prethodne najave. Kori\u0161tenjem ove web stranice suglasni ste s trenutnom verzijom ovih uvjeta pru\u017eanja usluge.<\/p>\n\n\n\n<h3 class=\"wp-block-heading\">Mjerodavno pravo<\/h3>\n\n\n\n<p>Ovi uvjeti i odredbe ure\u0111eni su i tuma\u010de se u skladu sa zakonima Racksweekend Bloga i vi se neopozivo podvrgavate isklju\u010divoj nadle\u017enosti sudova u toj dr\u017eavi ili mjestu.<\/p>","protected":false},"excerpt":{"rendered":"<p>1. Termos Ao acessar ao site\u00a0blog racksweekend, concorda em cumprir estes\u00a0termos de uso, todas as leis e regulamentos aplic\u00e1veis \u200b\u200be concorda que \u00e9 respons\u00e1vel pelo cumprimento de todas as leis locais aplic\u00e1veis. Se voc\u00ea n\u00e3o concordar com algum desses termos, est\u00e1 proibido de usar ou acessar este site. Os materiais contidos neste site s\u00e3o protegidos &hellip; <\/p>","protected":false},"author":1,"featured_media":0,"parent":0,"menu_order":0,"comment_status":"closed","ping_status":"open","template":"","meta":{"footnotes":""},"class_list":["post-2","page","type-page","status-publish","hentry","latest_post"],"yoast_head":"<!-- This site is optimized with the Yoast SEO plugin v27.1.1 - https:\/\/yoast.com\/product\/yoast-seo-wordpress\/ -->\n<title>Termos de Uso - Blog Racks<\/title>\n<meta name=\"robots\" content=\"index, follow, max-snippet:-1, max-image-preview:large, max-video-preview:-1\" \/>\n<link rel=\"canonical\" href=\"https:\/\/blog.racksweekend.com.br\/hr\/sample-page\/\" \/>\n<meta property=\"og:locale\" content=\"hr_HR\" \/>\n<meta property=\"og:type\" content=\"article\" \/>\n<meta property=\"og:title\" content=\"Termos de Uso - Blog Racks\" \/>\n<meta property=\"og:description\" content=\"1. Termos Ao acessar ao site\u00a0blog racksweekend, concorda em cumprir estes\u00a0termos de uso, todas as leis e regulamentos aplic\u00e1veis \u200b\u200be concorda que \u00e9 respons\u00e1vel pelo cumprimento de todas as leis locais aplic\u00e1veis. Se voc\u00ea n\u00e3o concordar com algum desses termos, est\u00e1 proibido de usar ou acessar este site. Os materiais contidos neste site s\u00e3o protegidos &hellip;\" \/>\n<meta property=\"og:url\" content=\"https:\/\/blog.racksweekend.com.br\/hr\/sample-page\/\" \/>\n<meta property=\"og:site_name\" content=\"Blog Racks\" \/>\n<meta property=\"article:modified_time\" content=\"2025-04-22T14:26:30+00:00\" \/>\n<meta name=\"twitter:card\" content=\"summary_large_image\" \/>\n<meta name=\"twitter:label1\" content=\"Procijenjeno vrijeme \u010ditanja\" \/>\n\t<meta name=\"twitter:data1\" content=\"4 minute\" \/>\n<script type=\"application\/ld+json\" class=\"yoast-schema-graph\">{\"@context\":\"https:\/\/schema.org\",\"@graph\":[{\"@type\":\"WebPage\",\"@id\":\"https:\/\/blog.racksweekend.com.br\/sample-page\/\",\"url\":\"https:\/\/blog.racksweekend.com.br\/sample-page\/\",\"name\":\"Termos de Uso - Blog Racks\",\"isPartOf\":{\"@id\":\"https:\/\/blog.racksweekend.com.br\/en\/#website\"},\"datePublished\":\"2023-12-13T13:49:45+00:00\",\"dateModified\":\"2025-04-22T14:26:30+00:00\",\"breadcrumb\":{\"@id\":\"https:\/\/blog.racksweekend.com.br\/sample-page\/#breadcrumb\"},\"inLanguage\":\"hr\",\"potentialAction\":[{\"@type\":\"ReadAction\",\"target\":[\"https:\/\/blog.racksweekend.com.br\/sample-page\/\"]}]},{\"@type\":\"BreadcrumbList\",\"@id\":\"https:\/\/blog.racksweekend.com.br\/sample-page\/#breadcrumb\",\"itemListElement\":[{\"@type\":\"ListItem\",\"position\":1,\"name\":\"Home\",\"item\":\"https:\/\/blog.racksweekend.com.br\/en\/\"},{\"@type\":\"ListItem\",\"position\":2,\"name\":\"Termos de Uso\"}]},{\"@type\":\"WebSite\",\"@id\":\"https:\/\/blog.racksweekend.com.br\/en\/#website\",\"url\":\"https:\/\/blog.racksweekend.com.br\/en\/\",\"name\":\"Blog Racks\",\"description\":\"Weekend\",\"publisher\":{\"@id\":\"https:\/\/blog.racksweekend.com.br\/en\/#organization\"},\"potentialAction\":[{\"@type\":\"SearchAction\",\"target\":{\"@type\":\"EntryPoint\",\"urlTemplate\":\"https:\/\/blog.racksweekend.com.br\/en\/?s={search_term_string}\"},\"query-input\":{\"@type\":\"PropertyValueSpecification\",\"valueRequired\":true,\"valueName\":\"search_term_string\"}}],\"inLanguage\":\"hr\"},{\"@type\":\"Organization\",\"@id\":\"https:\/\/blog.racksweekend.com.br\/en\/#organization\",\"name\":\"Blog Racks\",\"url\":\"https:\/\/blog.racksweekend.com.br\/en\/\",\"logo\":{\"@type\":\"ImageObject\",\"inLanguage\":\"hr\",\"@id\":\"https:\/\/blog.racksweekend.com.br\/en\/#\/schema\/logo\/image\/\",\"url\":\"https:\/\/blog.racksweekend.com.br\/wp-content\/uploads\/2024\/02\/cropped-BLOG.png\",\"contentUrl\":\"https:\/\/blog.racksweekend.com.br\/wp-content\/uploads\/2024\/02\/cropped-BLOG.png\",\"width\":1248,\"height\":771,\"caption\":\"Blog Racks\"},\"image\":{\"@id\":\"https:\/\/blog.racksweekend.com.br\/en\/#\/schema\/logo\/image\/\"}}]}<\/script>\n<!-- \/ Yoast SEO plugin. -->","yoast_head_json":{"title":"Termos de Uso - Blog Racks","robots":{"index":"index","follow":"follow","max-snippet":"max-snippet:-1","max-image-preview":"max-image-preview:large","max-video-preview":"max-video-preview:-1"},"canonical":"https:\/\/blog.racksweekend.com.br\/hr\/sample-page\/","og_locale":"hr_HR","og_type":"article","og_title":"Termos de Uso - Blog Racks","og_description":"1. Termos Ao acessar ao site\u00a0blog racksweekend, concorda em cumprir estes\u00a0termos de uso, todas as leis e regulamentos aplic\u00e1veis \u200b\u200be concorda que \u00e9 respons\u00e1vel pelo cumprimento de todas as leis locais aplic\u00e1veis. Se voc\u00ea n\u00e3o concordar com algum desses termos, est\u00e1 proibido de usar ou acessar este site. Os materiais contidos neste site s\u00e3o protegidos &hellip;","og_url":"https:\/\/blog.racksweekend.com.br\/hr\/sample-page\/","og_site_name":"Blog Racks","article_modified_time":"2025-04-22T14:26:30+00:00","twitter_card":"summary_large_image","twitter_misc":{"Procijenjeno vrijeme \u010ditanja":"4 minute"},"schema":{"@context":"https:\/\/schema.org","@graph":[{"@type":"WebPage","@id":"https:\/\/blog.racksweekend.com.br\/sample-page\/","url":"https:\/\/blog.racksweekend.com.br\/sample-page\/","name":"Termos de Uso - Blog Racks","isPartOf":{"@id":"https:\/\/blog.racksweekend.com.br\/en\/#website"},"datePublished":"2023-12-13T13:49:45+00:00","dateModified":"2025-04-22T14:26:30+00:00","breadcrumb":{"@id":"https:\/\/blog.racksweekend.com.br\/sample-page\/#breadcrumb"},"inLanguage":"hr","potentialAction":[{"@type":"ReadAction","target":["https:\/\/blog.racksweekend.com.br\/sample-page\/"]}]},{"@type":"BreadcrumbList","@id":"https:\/\/blog.racksweekend.com.br\/sample-page\/#breadcrumb","itemListElement":[{"@type":"ListItem","position":1,"name":"Home","item":"https:\/\/blog.racksweekend.com.br\/en\/"},{"@type":"ListItem","position":2,"name":"Termos de Uso"}]},{"@type":"WebSite","@id":"https:\/\/blog.racksweekend.com.br\/en\/#website","url":"https:\/\/blog.racksweekend.com.br\/en\/","name":"Stalci za blogove","description":"Vikend","publisher":{"@id":"https:\/\/blog.racksweekend.com.br\/en\/#organization"},"potentialAction":[{"@type":"SearchAction","target":{"@type":"EntryPoint","urlTemplate":"https:\/\/blog.racksweekend.com.br\/en\/?s={search_term_string}"},"query-input":{"@type":"PropertyValueSpecification","valueRequired":true,"valueName":"search_term_string"}}],"inLanguage":"hr"},{"@type":"Organization","@id":"https:\/\/blog.racksweekend.com.br\/en\/#organization","name":"Stalci za blogove","url":"https:\/\/blog.racksweekend.com.br\/en\/","logo":{"@type":"ImageObject","inLanguage":"hr","@id":"https:\/\/blog.racksweekend.com.br\/en\/#\/schema\/logo\/image\/","url":"https:\/\/blog.racksweekend.com.br\/wp-content\/uploads\/2024\/02\/cropped-BLOG.png","contentUrl":"https:\/\/blog.racksweekend.com.br\/wp-content\/uploads\/2024\/02\/cropped-BLOG.png","width":1248,"height":771,"caption":"Blog Racks"},"image":{"@id":"https:\/\/blog.racksweekend.com.br\/en\/#\/schema\/logo\/image\/"}}]}},"_links":{"self":[{"href":"https:\/\/blog.racksweekend.com.br\/hr\/wp-json\/wp\/v2\/pages\/2","targetHints":{"allow":["GET"]}}],"collection":[{"href":"https:\/\/blog.racksweekend.com.br\/hr\/wp-json\/wp\/v2\/pages"}],"about":[{"href":"https:\/\/blog.racksweekend.com.br\/hr\/wp-json\/wp\/v2\/types\/page"}],"author":[{"embeddable":true,"href":"https:\/\/blog.racksweekend.com.br\/hr\/wp-json\/wp\/v2\/users\/1"}],"replies":[{"embeddable":true,"href":"https:\/\/blog.racksweekend.com.br\/hr\/wp-json\/wp\/v2\/comments?post=2"}],"version-history":[{"count":4,"href":"https:\/\/blog.racksweekend.com.br\/hr\/wp-json\/wp\/v2\/pages\/2\/revisions"}],"predecessor-version":[{"id":1469,"href":"https:\/\/blog.racksweekend.com.br\/hr\/wp-json\/wp\/v2\/pages\/2\/revisions\/1469"}],"wp:attachment":[{"href":"https:\/\/blog.racksweekend.com.br\/hr\/wp-json\/wp\/v2\/media?parent=2"}],"curies":[{"name":"radni list","href":"https:\/\/api.w.org\/{rel}","templated":true}]}}