{"id":401,"date":"2024-08-23T12:48:58","date_gmt":"2024-08-23T12:48:58","guid":{"rendered":"https:\/\/blog.racksweekend.com.br\/?page_id=401"},"modified":"2024-08-23T12:48:59","modified_gmt":"2024-08-23T12:48:59","slug":"sobre-nos","status":"publish","type":"page","link":"https:\/\/blog.racksweekend.com.br\/hr\/sobre-nos\/","title":{"rendered":"O nama"},"content":{"rendered":"<p>Dobrodo\u0161li na na\u0161e stranice, svaki vikend pretvaramo u nezaboravnu avanturu, a svako putovanje u jedinstveno iskustvo.<\/p>\n\n\n\n<p>Strastveni smo u istra\u017eivanju svijeta i dijeljenju ovih otkri\u0107a s vama kako biste mogli najbolje iskoristiti svoje trenutke odmora i razonode.<\/p>\n\n\n\n<h2 class=\"wp-block-heading\">Na\u0161a povijest<\/h2>\n\n\n\n<p>Na\u0161e je putovanje zapo\u010delo jednostavnom stra\u0161\u0107u: \u017eeljom da se odvojimo od norme i otkrijemo nova mjesta, kulture i okuse.C<\/p>\n\n\n\n<p>S vremenom smo shvatili da mnogi ljudi dijele tu \u017eelju, ali ne znaju uvijek kako ili gdje prona\u0107i najbolje opcije.<\/p>\n\n\n\n<p>Zato smo odlu\u010dili stvoriti ovaj prostor u kojem mo\u017eete prona\u0107i inspiraciju i informacije za planiranje sljede\u0107eg vikenda ili putovanja iz snova.<\/p>\n\n\n\n<h2 class=\"wp-block-heading\">Na\u0161a misija<\/h2>\n\n\n\n<p>Na\u0161 glavni cilj je pomo\u0107i vam da svoj slobodan dan pretvorite u nevjerojatno iskustvo.<\/p>\n\n\n\n<p>Znamo koliko je vrijeme dragocjeno i vjerujemo da svaki vikend mo\u017ee biti prilika za punjenje, istra\u017eivanje novih horizonata i stvaranje uspomena.<\/p>\n\n\n\n<p>\u017delimo da maksimalno iskoristite svoje putovanje, bilo da se radi o odredi\u0161tu bli\u017eem domu ili o avanturi u drugoj zemlji.<\/p>\n\n\n\n<p>Zato vam nastojimo pru\u017eiti prakti\u010dne savjete, prijedloge plana puta i sve \u0161to trebate znati kako biste mogli bezbri\u017eno u\u017eivati u svom putovanju.<\/p>\n\n\n\n<h2 class=\"wp-block-heading\">\u0160to nudimo?<\/h2>\n\n\n\n<p>Ovdje \u0107ete prona\u0107i sve, od savjeta o idealnim vikend destinacijama do cjelovitih vodi\u010da za du\u017ea putovanja.<\/p>\n\n\n\n<p>Znamo da svaka osoba ima druga\u010diji na\u010din putovanja, stoga nastojimo kreirati razli\u010dite sadr\u017eaje koji zadovoljavaju najrazli\u010ditije preferencije.<\/p>\n\n\n\n<p>Bez obzira jeste li solo putnik, par koji tra\u017ei romantiku ili obitelj koja \u017eeli zabavu, mi smo za vas.<\/p>\n\n\n\n<ul class=\"wp-block-list\">\n<li><strong>Vikend destinacije:<\/strong> Prijedlozi za nevjerojatna mjesta u va\u0161oj blizini, savr\u0161ena za brzi bijeg. Otkrijte \u0161armantna mjesta za opu\u0161tanje, u\u017eivanje u prirodi ili pustolovinu, a da ne morate putovati daleko.<\/li>\n\n\n\n<li><strong>Prilago\u0111eni itinereri:<\/strong> Kreiramo itinerere po mjeri za one koji \u017eele optimizirati svoje vrijeme i maksimalno iskoristiti svaki trenutak. S na\u0161im prijedlozima planova puta znat \u0107ete to\u010dno \u0161to u\u010diniti, kamo i\u0107i i kako u\u017eivati u svakoj destinaciji.<\/li>\n\n\n\n<li><strong>Prakti\u010dni savjeti:<\/strong> Uz odredi\u0161ta i itinerere, nudimo osnovne savjete koji \u0107e vam olak\u0161ati putovanje, kao \u0161to su najbolje vrijeme za posjet atrakcijama, kako u\u0161tedjeti novac tijekom putovanja i \u0161to ne smijete propustiti u svojoj prtljazi.<\/li>\n\n\n\n<li><strong>Inspiracija:<\/strong> Nadahnjuju\u0107e pri\u010de drugih putnika, ideje za razli\u010dita iskustva i prijedlozi tematskih putovanja za one koji tra\u017ee ne\u0161to neobi\u010dno.<\/li>\n<\/ul>\n\n\n\n<h2 class=\"wp-block-heading\">Na\u0161a predanost<\/h2>\n\n\n\n<p>Vjerujemo da je putovanje vi\u0161e od pukog premje\u0161tanja s jednog mjesta na drugo.<\/p>\n\n\n\n<p>To je prilika da upoznate novu kulturu, upoznate razli\u010dite ljude i do\u017eivite promjenu.<\/p>\n\n\n\n<p>Zato smo uvijek predani pru\u017eanju kvalitetnog sadr\u017eaja temeljenog na istra\u017eivanju i iskustvima iz stvarnog svijeta kako biste mogli putovati s povjerenjem i sigurno.<\/p>\n\n\n\n<p>Nadalje, uvijek smo svjesni trendova i promjena u svijetu putovanja.<\/p>\n\n\n\n<p>Bilo da ste ljubitelj tradicionalnih putovanja ili netko tko preferira alternativna putovanja, pobrinut \u0107emo se da imate najbolje informacije na dohvat ruke.<\/p>\n\n\n\n<h2 class=\"wp-block-heading\"><strong>Putujemo zajedno?<\/strong><\/h2>\n\n\n\n<p>Dobrodo\u0161li na na\u0161u web stranicu. Nadamo se da je svaki va\u0161 klik po\u010detak novog putovanja.<\/p>\n\n\n\n<p>Istra\u017eujmo svijet zajedno, jedan vikend i jedno putovanje u isto vrijeme.<\/p>\n\n\n\n<p>Uostalom, \u017eivot je prekratak da ga ne \u017eivimo punim plu\u0107ima, a mi smo tu da osiguramo da ga \u017eivite najbolje \u0161to mo\u017eete.<\/p>","protected":false},"excerpt":{"rendered":"<p>Bem-vindo ao nosso site, transformamos cada fim de semana numa aventura inesquec\u00edvel e cada viagem numa experi\u00eancia \u00fanica. Somos apaixonados por explorar o mundo e partilhar consigo estas descobertas para que possa aproveitar ao m\u00e1ximo os seus momentos de descanso e lazer. Nossa Hist\u00f3ria A nossa viagem come\u00e7ou com uma paix\u00e3o simples: a vontade de &hellip; <\/p>","protected":false},"author":1,"featured_media":0,"parent":0,"menu_order":0,"comment_status":"closed","ping_status":"closed","template":"","meta":{"footnotes":"[]"},"class_list":["post-401","page","type-page","status-publish","hentry","latest_post"],"yoast_head":"<!-- This site is optimized with the Yoast SEO plugin v27.1.1 - https:\/\/yoast.com\/product\/yoast-seo-wordpress\/ -->\n<title>Sobre N\u00f3s - Blog Racks<\/title>\n<meta name=\"description\" content=\"Bem-vindo ao nosso site, transformamos cada fim de semana numa aventura inesquec\u00edvel e cada viagem numa experi\u00eancia \u00fanica.\" \/>\n<meta name=\"robots\" content=\"index, follow, max-snippet:-1, max-image-preview:large, max-video-preview:-1\" \/>\n<link rel=\"canonical\" href=\"https:\/\/blog.racksweekend.com.br\/hr\/sobre-nos\/\" \/>\n<meta property=\"og:locale\" content=\"hr_HR\" \/>\n<meta property=\"og:type\" content=\"article\" \/>\n<meta property=\"og:title\" content=\"Sobre N\u00f3s - Blog Racks\" \/>\n<meta property=\"og:description\" content=\"Bem-vindo ao nosso site, transformamos cada fim de semana numa aventura inesquec\u00edvel e cada viagem numa experi\u00eancia \u00fanica.\" \/>\n<meta property=\"og:url\" content=\"https:\/\/blog.racksweekend.com.br\/hr\/sobre-nos\/\" \/>\n<meta property=\"og:site_name\" content=\"Blog Racks\" \/>\n<meta property=\"article:modified_time\" content=\"2024-08-23T12:48:59+00:00\" \/>\n<meta name=\"twitter:card\" content=\"summary_large_image\" \/>\n<meta name=\"twitter:label1\" content=\"Procijenjeno vrijeme \u010ditanja\" \/>\n\t<meta name=\"twitter:data1\" content=\"4 minute\" \/>\n<script type=\"application\/ld+json\" class=\"yoast-schema-graph\">{\"@context\":\"https:\/\/schema.org\",\"@graph\":[{\"@type\":\"WebPage\",\"@id\":\"https:\/\/blog.racksweekend.com.br\/sobre-nos\/\",\"url\":\"https:\/\/blog.racksweekend.com.br\/sobre-nos\/\",\"name\":\"Sobre N\u00f3s - Blog Racks\",\"isPartOf\":{\"@id\":\"https:\/\/blog.racksweekend.com.br\/en\/#website\"},\"datePublished\":\"2024-08-23T12:48:58+00:00\",\"dateModified\":\"2024-08-23T12:48:59+00:00\",\"description\":\"Bem-vindo ao nosso site, transformamos cada fim de semana numa aventura inesquec\u00edvel e cada viagem numa experi\u00eancia \u00fanica.\",\"breadcrumb\":{\"@id\":\"https:\/\/blog.racksweekend.com.br\/sobre-nos\/#breadcrumb\"},\"inLanguage\":\"hr\",\"potentialAction\":[{\"@type\":\"ReadAction\",\"target\":[\"https:\/\/blog.racksweekend.com.br\/sobre-nos\/\"]}]},{\"@type\":\"BreadcrumbList\",\"@id\":\"https:\/\/blog.racksweekend.com.br\/sobre-nos\/#breadcrumb\",\"itemListElement\":[{\"@type\":\"ListItem\",\"position\":1,\"name\":\"Home\",\"item\":\"https:\/\/blog.racksweekend.com.br\/en\/\"},{\"@type\":\"ListItem\",\"position\":2,\"name\":\"Sobre N\u00f3s\"}]},{\"@type\":\"WebSite\",\"@id\":\"https:\/\/blog.racksweekend.com.br\/en\/#website\",\"url\":\"https:\/\/blog.racksweekend.com.br\/en\/\",\"name\":\"Blog Racks\",\"description\":\"Weekend\",\"publisher\":{\"@id\":\"https:\/\/blog.racksweekend.com.br\/en\/#organization\"},\"potentialAction\":[{\"@type\":\"SearchAction\",\"target\":{\"@type\":\"EntryPoint\",\"urlTemplate\":\"https:\/\/blog.racksweekend.com.br\/en\/?s={search_term_string}\"},\"query-input\":{\"@type\":\"PropertyValueSpecification\",\"valueRequired\":true,\"valueName\":\"search_term_string\"}}],\"inLanguage\":\"hr\"},{\"@type\":\"Organization\",\"@id\":\"https:\/\/blog.racksweekend.com.br\/en\/#organization\",\"name\":\"Blog Racks\",\"url\":\"https:\/\/blog.racksweekend.com.br\/en\/\",\"logo\":{\"@type\":\"ImageObject\",\"inLanguage\":\"hr\",\"@id\":\"https:\/\/blog.racksweekend.com.br\/en\/#\/schema\/logo\/image\/\",\"url\":\"https:\/\/blog.racksweekend.com.br\/wp-content\/uploads\/2024\/02\/cropped-BLOG.png\",\"contentUrl\":\"https:\/\/blog.racksweekend.com.br\/wp-content\/uploads\/2024\/02\/cropped-BLOG.png\",\"width\":1248,\"height\":771,\"caption\":\"Blog Racks\"},\"image\":{\"@id\":\"https:\/\/blog.racksweekend.com.br\/en\/#\/schema\/logo\/image\/\"}}]}<\/script>\n<!-- \/ Yoast SEO plugin. -->","yoast_head_json":{"title":"Sobre N\u00f3s - Blog Racks","description":"Dobrodo\u0161li na na\u0161e stranice, svaki vikend pretvaramo u nezaboravnu avanturu, a svako putovanje u jedinstveno iskustvo.","robots":{"index":"index","follow":"follow","max-snippet":"max-snippet:-1","max-image-preview":"max-image-preview:large","max-video-preview":"max-video-preview:-1"},"canonical":"https:\/\/blog.racksweekend.com.br\/hr\/sobre-nos\/","og_locale":"hr_HR","og_type":"article","og_title":"Sobre N\u00f3s - Blog Racks","og_description":"Bem-vindo ao nosso site, transformamos cada fim de semana numa aventura inesquec\u00edvel e cada viagem numa experi\u00eancia \u00fanica.","og_url":"https:\/\/blog.racksweekend.com.br\/hr\/sobre-nos\/","og_site_name":"Blog Racks","article_modified_time":"2024-08-23T12:48:59+00:00","twitter_card":"summary_large_image","twitter_misc":{"Procijenjeno vrijeme \u010ditanja":"4 minute"},"schema":{"@context":"https:\/\/schema.org","@graph":[{"@type":"WebPage","@id":"https:\/\/blog.racksweekend.com.br\/sobre-nos\/","url":"https:\/\/blog.racksweekend.com.br\/sobre-nos\/","name":"Sobre N\u00f3s - Blog Racks","isPartOf":{"@id":"https:\/\/blog.racksweekend.com.br\/en\/#website"},"datePublished":"2024-08-23T12:48:58+00:00","dateModified":"2024-08-23T12:48:59+00:00","description":"Dobrodo\u0161li na na\u0161e stranice, svaki vikend pretvaramo u nezaboravnu avanturu, a svako putovanje u jedinstveno iskustvo.","breadcrumb":{"@id":"https:\/\/blog.racksweekend.com.br\/sobre-nos\/#breadcrumb"},"inLanguage":"hr","potentialAction":[{"@type":"ReadAction","target":["https:\/\/blog.racksweekend.com.br\/sobre-nos\/"]}]},{"@type":"BreadcrumbList","@id":"https:\/\/blog.racksweekend.com.br\/sobre-nos\/#breadcrumb","itemListElement":[{"@type":"ListItem","position":1,"name":"Home","item":"https:\/\/blog.racksweekend.com.br\/en\/"},{"@type":"ListItem","position":2,"name":"Sobre N\u00f3s"}]},{"@type":"WebSite","@id":"https:\/\/blog.racksweekend.com.br\/en\/#website","url":"https:\/\/blog.racksweekend.com.br\/en\/","name":"Stalci za blogove","description":"Vikend","publisher":{"@id":"https:\/\/blog.racksweekend.com.br\/en\/#organization"},"potentialAction":[{"@type":"SearchAction","target":{"@type":"EntryPoint","urlTemplate":"https:\/\/blog.racksweekend.com.br\/en\/?s={search_term_string}"},"query-input":{"@type":"PropertyValueSpecification","valueRequired":true,"valueName":"search_term_string"}}],"inLanguage":"hr"},{"@type":"Organization","@id":"https:\/\/blog.racksweekend.com.br\/en\/#organization","name":"Stalci za blogove","url":"https:\/\/blog.racksweekend.com.br\/en\/","logo":{"@type":"ImageObject","inLanguage":"hr","@id":"https:\/\/blog.racksweekend.com.br\/en\/#\/schema\/logo\/image\/","url":"https:\/\/blog.racksweekend.com.br\/wp-content\/uploads\/2024\/02\/cropped-BLOG.png","contentUrl":"https:\/\/blog.racksweekend.com.br\/wp-content\/uploads\/2024\/02\/cropped-BLOG.png","width":1248,"height":771,"caption":"Blog Racks"},"image":{"@id":"https:\/\/blog.racksweekend.com.br\/en\/#\/schema\/logo\/image\/"}}]}},"_links":{"self":[{"href":"https:\/\/blog.racksweekend.com.br\/hr\/wp-json\/wp\/v2\/pages\/401","targetHints":{"allow":["GET"]}}],"collection":[{"href":"https:\/\/blog.racksweekend.com.br\/hr\/wp-json\/wp\/v2\/pages"}],"about":[{"href":"https:\/\/blog.racksweekend.com.br\/hr\/wp-json\/wp\/v2\/types\/page"}],"author":[{"embeddable":true,"href":"https:\/\/blog.racksweekend.com.br\/hr\/wp-json\/wp\/v2\/users\/1"}],"replies":[{"embeddable":true,"href":"https:\/\/blog.racksweekend.com.br\/hr\/wp-json\/wp\/v2\/comments?post=401"}],"version-history":[{"count":1,"href":"https:\/\/blog.racksweekend.com.br\/hr\/wp-json\/wp\/v2\/pages\/401\/revisions"}],"predecessor-version":[{"id":402,"href":"https:\/\/blog.racksweekend.com.br\/hr\/wp-json\/wp\/v2\/pages\/401\/revisions\/402"}],"wp:attachment":[{"href":"https:\/\/blog.racksweekend.com.br\/hr\/wp-json\/wp\/v2\/media?parent=401"}],"curies":[{"name":"radni list","href":"https:\/\/api.w.org\/{rel}","templated":true}]}}