{"id":2,"date":"2023-12-13T13:49:45","date_gmt":"2023-12-13T13:49:45","guid":{"rendered":"http:\/\/blog.racksweekend.com.br\/?page_id=2"},"modified":"2025-04-22T14:26:30","modified_gmt":"2025-04-22T14:26:30","slug":"sample-page","status":"publish","type":"page","link":"https:\/\/blog.racksweekend.com.br\/it\/sample-page\/","title":{"rendered":"Termini di utilizzo"},"content":{"rendered":"<h2 class=\"wp-block-heading\">1. Termini<\/h2>\n\n\n\n<p>Accedendo al sito web del blog racksweekend, l&#039;utente accetta di rispettare i presenti termini di utilizzo, tutte le leggi e i regolamenti applicabili e di essere responsabile del rispetto di tutte le leggi locali applicabili. In caso di mancata accettazione di uno qualsiasi di questi termini, l&#039;utilizzo o l&#039;accesso a questo sito \u00e8 vietato. I materiali contenuti in questo sito web sono protetti dalle leggi vigenti in materia di copyright e marchi.<\/p>\n\n\n\n<h2 class=\"wp-block-heading\">2. Utilizzo della licenza<\/h2>\n\n\n\n<p>\u00c8 concesso il permesso di scaricare temporaneamente una copia dei materiali (informazioni o software) sul sito web del blog racksweekend solo per la visualizzazione transitoria personale e non commerciale. Questa \u00e8 la concessione di una licenza, non un trasferimento di titolo, e con questa licenza non puoi:<\/p>\n\n\n\n<ol class=\"wp-block-list\">\n<li>modificare o copiare i materiali;<\/li>\n\n\n\n<li>utilizzare i materiali per qualsiasi scopo commerciale o per esposizione pubblica (commerciale o non commerciale);<\/li>\n\n\n\n<li>tentare di decompilare o decodificare qualsiasi software contenuto nel sito web del blog racksweekend;<\/li>\n\n\n\n<li>rimuovere qualsiasi copyright o altra notazione proprietaria dai materiali; O<\/li>\n\n\n\n<li>trasferire i materiali a un&#039;altra persona o eseguire il &quot;mirroring&quot; dei materiali su qualsiasi altro server.<\/li>\n<\/ol>\n\n\n\n<p>Questa licenza terminer\u00e0 automaticamente in caso di violazione di una qualsiasi di queste restrizioni e potrebbe essere terminata da blog racksweekend in qualsiasi momento. Al termine della visualizzazione di questi materiali o al termine della presente licenza, \u00e8 necessario eliminare qualsiasi materiale scaricato in proprio possesso sia in formato elettronico che stampato.<\/p>\n\n\n\n<h2 class=\"wp-block-heading\">3. Dichiarazione di non responsabilit\u00e0<\/h2>\n\n\n\n<ol class=\"wp-block-list\">\n<li>I materiali sul sito web del blog racksweekend sono forniti &quot;cos\u00ec come sono&quot;. blog racksweekend non fornisce alcuna garanzia, espressa o implicita, e con la presente esclude e nega tutte le altre garanzie, incluse, senza limitazioni, garanzie implicite o condizioni di commerciabilit\u00e0, idoneit\u00e0 per uno scopo particolare o non violazione della propriet\u00e0 intellettuale o altra violazione dei diritti.<\/li>\n\n\n\n<li>Inoltre, racksweekend blog non garantisce n\u00e9 rilascia alcuna dichiarazione riguardante l&#039;accuratezza, i probabili risultati o l&#039;affidabilit\u00e0 dell&#039;uso dei materiali sul proprio sito Web o altrimenti relativi a tali materiali o su qualsiasi sito collegato a questo sito.<\/li>\n<\/ol>\n\n\n\n<h2 class=\"wp-block-heading\">4. Limitazioni<\/h2>\n\n\n\n<p>In nessun caso blog racksweekend o i suoi fornitori saranno responsabili per eventuali danni (inclusi, senza limitazione, danni per perdita di dati o profitti o dovuti a interruzione dell&#039;attivit\u00e0) derivanti dall&#039;uso o dall&#039;impossibilit\u00e0 di utilizzare i materiali su blog racksweekend, anche se blog racksweekend o un rappresentante autorizzato di blog racksweekend \u00e8 stato informato oralmente o per iscritto della possibilit\u00e0 di tale danno. Poich\u00e9 alcune giurisdizioni non consentono limitazioni sulle garanzie implicite o limitazioni di responsabilit\u00e0 per danni consequenziali o incidentali, tali limitazioni potrebbero non applicarsi all&#039;utente.<\/p>\n\n\n\n<h2 class=\"wp-block-heading\">5. Precisione dei materiali<\/h2>\n\n\n\n<p>I materiali visualizzati sul sito Web di Racksweekend potrebbero includere errori tecnici, tipografici o fotografici. blog racksweekend non garantisce che i materiali presenti sul proprio sito Web siano accurati, completi o aggiornati. blog racksweekend pu\u00f2 apportare modifiche ai materiali contenuti nel proprio sito Web in qualsiasi momento senza preavviso. Tuttavia, il blog racksweekend non si impegna ad aggiornare i materiali.<\/p>\n\n\n\n<h2 class=\"wp-block-heading\">6. Collegamenti<\/h2>\n\n\n\n<p>Racksweekend Blog non ha esaminato tutti i siti collegati al suo sito Web e non \u00e8 responsabile del contenuto di alcun sito collegato. L&#039;inclusione di qualsiasi collegamento non implica l&#039;approvazione del sito da parte di blog racksweekend. L&#039;utilizzo di qualsiasi sito collegato \u00e8 a rischio e pericolo dell&#039;utente.<\/p>\n\n\n\n<h3 class=\"wp-block-heading\">Modifiche<\/h3>\n\n\n\n<p>Il blog racksweekend pu\u00f2 modificare i presenti termini di servizio per il proprio sito Web in qualsiasi momento senza preavviso. Utilizzando questo sito Web, accetti di essere vincolato dalla versione corrente di questi termini di servizio.<\/p>\n\n\n\n<h3 class=\"wp-block-heading\">Legge applicabile<\/h3>\n\n\n\n<p>I presenti termini e condizioni sono regolati e interpretati in conformit\u00e0 con le leggi di Racksweekend Blog e l&#039;utente si sottopone irrevocabilmente alla giurisdizione esclusiva dei tribunali di tale Stato o luogo.<\/p>","protected":false},"excerpt":{"rendered":"<p>1. Termos Ao acessar ao site\u00a0blog racksweekend, concorda em cumprir estes\u00a0termos de uso, todas as leis e regulamentos aplic\u00e1veis \u200b\u200be concorda que \u00e9 respons\u00e1vel pelo cumprimento de todas as leis locais aplic\u00e1veis. Se voc\u00ea n\u00e3o concordar com algum desses termos, est\u00e1 proibido de usar ou acessar este site. Os materiais contidos neste site s\u00e3o protegidos &hellip; <\/p>","protected":false},"author":1,"featured_media":0,"parent":0,"menu_order":0,"comment_status":"closed","ping_status":"open","template":"","meta":{"footnotes":""},"class_list":["post-2","page","type-page","status-publish","hentry","latest_post"],"yoast_head":"<!-- This site is optimized with the Yoast SEO plugin v27.1.1 - https:\/\/yoast.com\/product\/yoast-seo-wordpress\/ -->\n<title>Termos de Uso - Blog Racks<\/title>\n<meta name=\"robots\" content=\"index, follow, max-snippet:-1, max-image-preview:large, max-video-preview:-1\" \/>\n<link rel=\"canonical\" href=\"https:\/\/blog.racksweekend.com.br\/it\/sample-page\/\" \/>\n<meta property=\"og:locale\" content=\"it_IT\" \/>\n<meta property=\"og:type\" content=\"article\" \/>\n<meta property=\"og:title\" content=\"Termos de Uso - Blog Racks\" \/>\n<meta property=\"og:description\" content=\"1. Termos Ao acessar ao site\u00a0blog racksweekend, concorda em cumprir estes\u00a0termos de uso, todas as leis e regulamentos aplic\u00e1veis \u200b\u200be concorda que \u00e9 respons\u00e1vel pelo cumprimento de todas as leis locais aplic\u00e1veis. Se voc\u00ea n\u00e3o concordar com algum desses termos, est\u00e1 proibido de usar ou acessar este site. Os materiais contidos neste site s\u00e3o protegidos &hellip;\" \/>\n<meta property=\"og:url\" content=\"https:\/\/blog.racksweekend.com.br\/it\/sample-page\/\" \/>\n<meta property=\"og:site_name\" content=\"Blog Racks\" \/>\n<meta property=\"article:modified_time\" content=\"2025-04-22T14:26:30+00:00\" \/>\n<meta name=\"twitter:card\" content=\"summary_large_image\" \/>\n<meta name=\"twitter:label1\" content=\"Tempo di lettura stimato\" \/>\n\t<meta name=\"twitter:data1\" content=\"4 minuti\" \/>\n<script type=\"application\/ld+json\" class=\"yoast-schema-graph\">{\"@context\":\"https:\/\/schema.org\",\"@graph\":[{\"@type\":\"WebPage\",\"@id\":\"https:\/\/blog.racksweekend.com.br\/sample-page\/\",\"url\":\"https:\/\/blog.racksweekend.com.br\/sample-page\/\",\"name\":\"Termos de Uso - Blog Racks\",\"isPartOf\":{\"@id\":\"https:\/\/blog.racksweekend.com.br\/en\/#website\"},\"datePublished\":\"2023-12-13T13:49:45+00:00\",\"dateModified\":\"2025-04-22T14:26:30+00:00\",\"breadcrumb\":{\"@id\":\"https:\/\/blog.racksweekend.com.br\/sample-page\/#breadcrumb\"},\"inLanguage\":\"it-IT\",\"potentialAction\":[{\"@type\":\"ReadAction\",\"target\":[\"https:\/\/blog.racksweekend.com.br\/sample-page\/\"]}]},{\"@type\":\"BreadcrumbList\",\"@id\":\"https:\/\/blog.racksweekend.com.br\/sample-page\/#breadcrumb\",\"itemListElement\":[{\"@type\":\"ListItem\",\"position\":1,\"name\":\"Home\",\"item\":\"https:\/\/blog.racksweekend.com.br\/en\/\"},{\"@type\":\"ListItem\",\"position\":2,\"name\":\"Termos de Uso\"}]},{\"@type\":\"WebSite\",\"@id\":\"https:\/\/blog.racksweekend.com.br\/en\/#website\",\"url\":\"https:\/\/blog.racksweekend.com.br\/en\/\",\"name\":\"Blog Racks\",\"description\":\"Weekend\",\"publisher\":{\"@id\":\"https:\/\/blog.racksweekend.com.br\/en\/#organization\"},\"potentialAction\":[{\"@type\":\"SearchAction\",\"target\":{\"@type\":\"EntryPoint\",\"urlTemplate\":\"https:\/\/blog.racksweekend.com.br\/en\/?s={search_term_string}\"},\"query-input\":{\"@type\":\"PropertyValueSpecification\",\"valueRequired\":true,\"valueName\":\"search_term_string\"}}],\"inLanguage\":\"it-IT\"},{\"@type\":\"Organization\",\"@id\":\"https:\/\/blog.racksweekend.com.br\/en\/#organization\",\"name\":\"Blog Racks\",\"url\":\"https:\/\/blog.racksweekend.com.br\/en\/\",\"logo\":{\"@type\":\"ImageObject\",\"inLanguage\":\"it-IT\",\"@id\":\"https:\/\/blog.racksweekend.com.br\/en\/#\/schema\/logo\/image\/\",\"url\":\"https:\/\/blog.racksweekend.com.br\/wp-content\/uploads\/2024\/02\/cropped-BLOG.png\",\"contentUrl\":\"https:\/\/blog.racksweekend.com.br\/wp-content\/uploads\/2024\/02\/cropped-BLOG.png\",\"width\":1248,\"height\":771,\"caption\":\"Blog Racks\"},\"image\":{\"@id\":\"https:\/\/blog.racksweekend.com.br\/en\/#\/schema\/logo\/image\/\"}}]}<\/script>\n<!-- \/ Yoast SEO plugin. -->","yoast_head_json":{"title":"Termos de Uso - Blog Racks","robots":{"index":"index","follow":"follow","max-snippet":"max-snippet:-1","max-image-preview":"max-image-preview:large","max-video-preview":"max-video-preview:-1"},"canonical":"https:\/\/blog.racksweekend.com.br\/it\/sample-page\/","og_locale":"it_IT","og_type":"article","og_title":"Termos de Uso - Blog Racks","og_description":"1. Termos Ao acessar ao site\u00a0blog racksweekend, concorda em cumprir estes\u00a0termos de uso, todas as leis e regulamentos aplic\u00e1veis \u200b\u200be concorda que \u00e9 respons\u00e1vel pelo cumprimento de todas as leis locais aplic\u00e1veis. Se voc\u00ea n\u00e3o concordar com algum desses termos, est\u00e1 proibido de usar ou acessar este site. Os materiais contidos neste site s\u00e3o protegidos &hellip;","og_url":"https:\/\/blog.racksweekend.com.br\/it\/sample-page\/","og_site_name":"Blog Racks","article_modified_time":"2025-04-22T14:26:30+00:00","twitter_card":"summary_large_image","twitter_misc":{"Tempo di lettura stimato":"4 minuti"},"schema":{"@context":"https:\/\/schema.org","@graph":[{"@type":"WebPage","@id":"https:\/\/blog.racksweekend.com.br\/sample-page\/","url":"https:\/\/blog.racksweekend.com.br\/sample-page\/","name":"Termos de Uso - Blog Racks","isPartOf":{"@id":"https:\/\/blog.racksweekend.com.br\/en\/#website"},"datePublished":"2023-12-13T13:49:45+00:00","dateModified":"2025-04-22T14:26:30+00:00","breadcrumb":{"@id":"https:\/\/blog.racksweekend.com.br\/sample-page\/#breadcrumb"},"inLanguage":"it-IT","potentialAction":[{"@type":"ReadAction","target":["https:\/\/blog.racksweekend.com.br\/sample-page\/"]}]},{"@type":"BreadcrumbList","@id":"https:\/\/blog.racksweekend.com.br\/sample-page\/#breadcrumb","itemListElement":[{"@type":"ListItem","position":1,"name":"Home","item":"https:\/\/blog.racksweekend.com.br\/en\/"},{"@type":"ListItem","position":2,"name":"Termos de Uso"}]},{"@type":"WebSite","@id":"https:\/\/blog.racksweekend.com.br\/en\/#website","url":"https:\/\/blog.racksweekend.com.br\/en\/","name":"Rack per blog","description":"Fine settimana","publisher":{"@id":"https:\/\/blog.racksweekend.com.br\/en\/#organization"},"potentialAction":[{"@type":"SearchAction","target":{"@type":"EntryPoint","urlTemplate":"https:\/\/blog.racksweekend.com.br\/en\/?s={search_term_string}"},"query-input":{"@type":"PropertyValueSpecification","valueRequired":true,"valueName":"search_term_string"}}],"inLanguage":"it-IT"},{"@type":"Organization","@id":"https:\/\/blog.racksweekend.com.br\/en\/#organization","name":"Rack per blog","url":"https:\/\/blog.racksweekend.com.br\/en\/","logo":{"@type":"ImageObject","inLanguage":"it-IT","@id":"https:\/\/blog.racksweekend.com.br\/en\/#\/schema\/logo\/image\/","url":"https:\/\/blog.racksweekend.com.br\/wp-content\/uploads\/2024\/02\/cropped-BLOG.png","contentUrl":"https:\/\/blog.racksweekend.com.br\/wp-content\/uploads\/2024\/02\/cropped-BLOG.png","width":1248,"height":771,"caption":"Blog Racks"},"image":{"@id":"https:\/\/blog.racksweekend.com.br\/en\/#\/schema\/logo\/image\/"}}]}},"_links":{"self":[{"href":"https:\/\/blog.racksweekend.com.br\/it\/wp-json\/wp\/v2\/pages\/2","targetHints":{"allow":["GET"]}}],"collection":[{"href":"https:\/\/blog.racksweekend.com.br\/it\/wp-json\/wp\/v2\/pages"}],"about":[{"href":"https:\/\/blog.racksweekend.com.br\/it\/wp-json\/wp\/v2\/types\/page"}],"author":[{"embeddable":true,"href":"https:\/\/blog.racksweekend.com.br\/it\/wp-json\/wp\/v2\/users\/1"}],"replies":[{"embeddable":true,"href":"https:\/\/blog.racksweekend.com.br\/it\/wp-json\/wp\/v2\/comments?post=2"}],"version-history":[{"count":4,"href":"https:\/\/blog.racksweekend.com.br\/it\/wp-json\/wp\/v2\/pages\/2\/revisions"}],"predecessor-version":[{"id":1469,"href":"https:\/\/blog.racksweekend.com.br\/it\/wp-json\/wp\/v2\/pages\/2\/revisions\/1469"}],"wp:attachment":[{"href":"https:\/\/blog.racksweekend.com.br\/it\/wp-json\/wp\/v2\/media?parent=2"}],"curies":[{"name":"parola chiave","href":"https:\/\/api.w.org\/{rel}","templated":true}]}}