{"id":2,"date":"2023-12-13T13:49:45","date_gmt":"2023-12-13T13:49:45","guid":{"rendered":"http:\/\/blog.racksweekend.com.br\/?page_id=2"},"modified":"2025-04-22T14:26:30","modified_gmt":"2025-04-22T14:26:30","slug":"sample-page","status":"publish","type":"page","link":"https:\/\/blog.racksweekend.com.br\/sq\/sample-page\/","title":{"rendered":"Kushtet e P\u00ebrdorimit"},"content":{"rendered":"<h2 class=\"wp-block-heading\">1. Kushtet<\/h2>\n\n\n\n<p>Duke hyr\u00eb n\u00eb blogun e faqes s\u00eb internetit racksweekend, ju pranoni t\u00eb zbatoni k\u00ebto kushte p\u00ebrdorimi, t\u00eb gjitha ligjet dhe rregulloret n\u00eb fuqi, dhe pranoni se jeni p\u00ebrgjegj\u00ebs p\u00ebr pajtueshm\u00ebrin\u00eb me t\u00eb gjitha ligjet lokale n\u00eb fuqi. N\u00ebse nuk jeni dakord me ndonj\u00eb nga k\u00ebto kushte, ju ndalohet t\u00eb p\u00ebrdorni ose t\u00eb hyni n\u00eb k\u00ebt\u00eb faqe interneti. Materialet e p\u00ebrfshira n\u00eb k\u00ebt\u00eb faqe interneti mbrohen nga ligji p\u00ebrkat\u00ebs i t\u00eb drejtave t\u00eb autorit dhe markave tregtare.<\/p>\n\n\n\n<h2 class=\"wp-block-heading\">2. P\u00ebrdorni Licenc\u00ebn<\/h2>\n\n\n\n<p>Jepet leja p\u00ebr t\u00eb shkarkuar p\u00ebrkoh\u00ebsisht nj\u00eb kopje t\u00eb materialeve (informacion ose softuer) n\u00eb faqen e internetit t\u00eb blogut racksweekend vet\u00ebm p\u00ebr shikim t\u00eb p\u00ebrkohsh\u00ebm personal, jo-komercial. Ky \u00ebsht\u00eb dh\u00ebnia e nj\u00eb licence, jo nj\u00eb transferim i pron\u00ebsis\u00eb, dhe sipas k\u00ebsaj licence ju nuk mund t\u00eb:<\/p>\n\n\n\n<ol class=\"wp-block-list\">\n<li>modifikoni ose kopjoni materialet;<\/li>\n\n\n\n<li>t\u00eb p\u00ebrdor\u00eb materialet p\u00ebr \u00e7do q\u00ebllim komercial ose p\u00ebr \u00e7do shfaqje publike (komerciale ose jokomerciale);<\/li>\n\n\n\n<li>t\u00eb p\u00ebrpiqeni t\u00eb dekompiloni ose t\u00eb b\u00ebni inxhinieri t\u00eb kund\u00ebrt \u00e7do program q\u00eb p\u00ebrmbahet n\u00eb blogun ose faqen e internetit racksweekend;<\/li>\n\n\n\n<li>hiqni \u00e7do t\u00eb drejt\u00eb autori ose sh\u00ebnime t\u00eb tjera pron\u00ebsore nga materialet; ose<\/li>\n\n\n\n<li>transferoni materialet te nj\u00eb person tjet\u00ebr ose &#039;pasqyroni&#039; materialet n\u00eb ndonj\u00eb server tjet\u00ebr.<\/li>\n<\/ol>\n\n\n\n<p>Kjo licenc\u00eb do t\u00eb p\u00ebrfundoj\u00eb automatikisht n\u00ebse shkelni ndonj\u00eb nga k\u00ebto kufizime dhe mund t\u00eb p\u00ebrfundoj\u00eb nga blogu racksweekend n\u00eb \u00e7do koh\u00eb. Pas nd\u00ebrprerjes s\u00eb shikimit t\u00eb k\u00ebtyre materialeve ose pas p\u00ebrfundimit t\u00eb k\u00ebsaj licence, ju duhet t\u00eb shkat\u00ebrroni \u00e7do material t\u00eb shkarkuar q\u00eb keni n\u00eb posedim, qoft\u00eb n\u00eb format elektronik apo t\u00eb shtypur.<\/p>\n\n\n\n<h2 class=\"wp-block-heading\">3. Mohim p\u00ebrgjegj\u00ebsie<\/h2>\n\n\n\n<ol class=\"wp-block-list\">\n<li>Materialet n\u00eb blogun racksweekend t\u00eb faqes s\u00eb internetit ofrohen &#039;si\u00e7 jan\u00eb&#039;. Blogu racksweekend nuk jep asnj\u00eb garanci, t\u00eb shprehur apo t\u00eb n\u00ebnkuptuar, dhe me an\u00eb t\u00eb k\u00ebsaj mohon dhe mohon t\u00eb gjitha garancit\u00eb e tjera, duke p\u00ebrfshir\u00eb pa kufizim, garancit\u00eb ose kushtet e n\u00ebnkuptuara t\u00eb tregtueshm\u00ebris\u00eb, p\u00ebrshtatshm\u00ebris\u00eb p\u00ebr nj\u00eb q\u00ebllim t\u00eb caktuar, ose mosshkeljes s\u00eb pron\u00ebsis\u00eb intelektuale ose shkeljeve t\u00eb tjera t\u00eb t\u00eb drejtave.<\/li>\n\n\n\n<li>P\u00ebr m\u00eb tep\u00ebr, blogu racksweekend nuk garanton ose nuk b\u00ebn asnj\u00eb deklarat\u00eb n\u00eb lidhje me sakt\u00ebsin\u00eb, rezultatet e mundshme ose besueshm\u00ebrin\u00eb e p\u00ebrdorimit t\u00eb materialeve n\u00eb faqen e tij t\u00eb internetit ose n\u00eb lidhje me materiale t\u00eb tilla ose n\u00eb ndonj\u00eb faqe t\u00eb lidhur me k\u00ebt\u00eb faqe.<\/li>\n<\/ol>\n\n\n\n<h2 class=\"wp-block-heading\">4. Kufizime<\/h2>\n\n\n\n<p>N\u00eb asnj\u00eb rast blogu racksweekend ose furnizuesit e tij nuk do t\u00eb jen\u00eb p\u00ebrgjegj\u00ebs p\u00ebr ndonj\u00eb d\u00ebm (duke p\u00ebrfshir\u00eb, pa kufizim, d\u00ebmet p\u00ebr humbjen e t\u00eb dh\u00ebnave ose fitimit, ose p\u00ebr shkak t\u00eb nd\u00ebrprerjes s\u00eb biznesit) q\u00eb rrjedhin nga p\u00ebrdorimi ose pamund\u00ebsia p\u00ebr t\u00eb p\u00ebrdorur materialet n\u00eb blogun racksweekend, edhe n\u00ebse blogu racksweekend ose nj\u00eb p\u00ebrfaq\u00ebsues i autorizuar i blogut racksweekend \u00ebsht\u00eb njoftuar me goj\u00eb ose me shkrim p\u00ebr mund\u00ebsin\u00eb e nj\u00eb d\u00ebmi t\u00eb till\u00eb. Meqen\u00ebse disa juridiksione nuk lejojn\u00eb kufizime n\u00eb garancit\u00eb e n\u00ebnkuptuara, ose kufizime t\u00eb p\u00ebrgjegj\u00ebsis\u00eb p\u00ebr d\u00ebme pasuese ose t\u00eb rast\u00ebsishme, k\u00ebto kufizime mund t\u00eb mos zbatohen p\u00ebr ju.<\/p>\n\n\n\n<h2 class=\"wp-block-heading\">5. Sakt\u00ebsia e materialeve<\/h2>\n\n\n\n<p>Materialet e shfaqura n\u00eb faqen e internetit t\u00eb blogut racksweekend mund t\u00eb p\u00ebrfshijn\u00eb gabime teknike, tipografike ose fotografike. Blogu racksweekend nuk garanton q\u00eb ndonj\u00eb material n\u00eb faqen e tij t\u00eb internetit \u00ebsht\u00eb i sakt\u00eb, i plot\u00eb ose i azhurnuar. Blogu racksweekend mund t\u00eb b\u00ebj\u00eb ndryshime n\u00eb materialet e p\u00ebrfshira n\u00eb faqen e tij t\u00eb internetit n\u00eb \u00e7do koh\u00eb pa paralajm\u00ebrim. Megjithat\u00eb, blogu racksweekend nuk merr p\u00ebrsip\u00ebr t\u00eb p\u00ebrdit\u00ebsoj\u00eb materialet.<\/p>\n\n\n\n<h2 class=\"wp-block-heading\">6. Lidhje<\/h2>\n\n\n\n<p>Blogu racksweekend nuk i ka shqyrtuar t\u00eb gjitha faqet e lidhura me faqen e tij t\u00eb internetit dhe nuk \u00ebsht\u00eb p\u00ebrgjegj\u00ebs p\u00ebr p\u00ebrmbajtjen e asnj\u00eb faqeje t\u00eb till\u00eb t\u00eb lidhur. P\u00ebrfshirja e ndonj\u00eb lidhjeje nuk n\u00ebnkupton miratim nga blogu racksweekend i faqes. P\u00ebrdorimi i \u00e7do faqeje t\u00eb till\u00eb t\u00eb lidhur \u00ebsht\u00eb n\u00eb rrezikun e vet\u00eb p\u00ebrdoruesit.<\/p>\n\n\n\n<h3 class=\"wp-block-heading\">Modifikime<\/h3>\n\n\n\n<p>Blogu Racksweekend mund t\u00eb ndryshoj\u00eb k\u00ebto kushte sh\u00ebrbimi p\u00ebr faqen e tij t\u00eb internetit n\u00eb \u00e7do koh\u00eb pa paralajm\u00ebrim. Duke p\u00ebrdorur k\u00ebt\u00eb faqe interneti, ju pranoni t\u00eb jeni t\u00eb lidhur nga versioni aktual i k\u00ebtyre kushteve t\u00eb sh\u00ebrbimit.<\/p>\n\n\n\n<h3 class=\"wp-block-heading\">Ligji i zbatuesh\u00ebm<\/h3>\n\n\n\n<p>K\u00ebto terma dhe kushte rregullohen dhe interpretohen n\u00eb p\u00ebrputhje me ligjet e blogut racksweekend dhe ju i n\u00ebnshtroheni n\u00eb m\u00ebnyr\u00eb t\u00eb pakthyeshme juridiksionit ekskluziv t\u00eb gjykatave n\u00eb at\u00eb Shtet ose vendndodhje.<\/p>","protected":false},"excerpt":{"rendered":"<p>1. Termos Ao acessar ao site\u00a0blog racksweekend, concorda em cumprir estes\u00a0termos de uso, todas as leis e regulamentos aplic\u00e1veis \u200b\u200be concorda que \u00e9 respons\u00e1vel pelo cumprimento de todas as leis locais aplic\u00e1veis. Se voc\u00ea n\u00e3o concordar com algum desses termos, est\u00e1 proibido de usar ou acessar este site. Os materiais contidos neste site s\u00e3o protegidos &hellip; <\/p>","protected":false},"author":1,"featured_media":0,"parent":0,"menu_order":0,"comment_status":"closed","ping_status":"open","template":"","meta":{"footnotes":""},"class_list":["post-2","page","type-page","status-publish","hentry","latest_post"],"yoast_head":"<!-- This site is optimized with the Yoast SEO plugin v27.1.1 - https:\/\/yoast.com\/product\/yoast-seo-wordpress\/ -->\n<title>Termos de Uso - Blog Racks<\/title>\n<meta name=\"robots\" content=\"index, follow, max-snippet:-1, max-image-preview:large, max-video-preview:-1\" \/>\n<link rel=\"canonical\" href=\"https:\/\/blog.racksweekend.com.br\/sq\/sample-page\/\" \/>\n<meta property=\"og:locale\" content=\"sq_AL\" \/>\n<meta property=\"og:type\" content=\"article\" \/>\n<meta property=\"og:title\" content=\"Termos de Uso - Blog Racks\" \/>\n<meta property=\"og:description\" content=\"1. Termos Ao acessar ao site\u00a0blog racksweekend, concorda em cumprir estes\u00a0termos de uso, todas as leis e regulamentos aplic\u00e1veis \u200b\u200be concorda que \u00e9 respons\u00e1vel pelo cumprimento de todas as leis locais aplic\u00e1veis. Se voc\u00ea n\u00e3o concordar com algum desses termos, est\u00e1 proibido de usar ou acessar este site. Os materiais contidos neste site s\u00e3o protegidos &hellip;\" \/>\n<meta property=\"og:url\" content=\"https:\/\/blog.racksweekend.com.br\/sq\/sample-page\/\" \/>\n<meta property=\"og:site_name\" content=\"Blog Racks\" \/>\n<meta property=\"article:modified_time\" content=\"2025-04-22T14:26:30+00:00\" \/>\n<meta name=\"twitter:card\" content=\"summary_large_image\" \/>\n<meta name=\"twitter:label1\" content=\"Est. reading time\" \/>\n\t<meta name=\"twitter:data1\" content=\"4 minuta\" \/>\n<script type=\"application\/ld+json\" class=\"yoast-schema-graph\">{\"@context\":\"https:\/\/schema.org\",\"@graph\":[{\"@type\":\"WebPage\",\"@id\":\"https:\/\/blog.racksweekend.com.br\/sample-page\/\",\"url\":\"https:\/\/blog.racksweekend.com.br\/sample-page\/\",\"name\":\"Termos de Uso - Blog Racks\",\"isPartOf\":{\"@id\":\"https:\/\/blog.racksweekend.com.br\/en\/#website\"},\"datePublished\":\"2023-12-13T13:49:45+00:00\",\"dateModified\":\"2025-04-22T14:26:30+00:00\",\"breadcrumb\":{\"@id\":\"https:\/\/blog.racksweekend.com.br\/sample-page\/#breadcrumb\"},\"inLanguage\":\"sq\",\"potentialAction\":[{\"@type\":\"ReadAction\",\"target\":[\"https:\/\/blog.racksweekend.com.br\/sample-page\/\"]}]},{\"@type\":\"BreadcrumbList\",\"@id\":\"https:\/\/blog.racksweekend.com.br\/sample-page\/#breadcrumb\",\"itemListElement\":[{\"@type\":\"ListItem\",\"position\":1,\"name\":\"Home\",\"item\":\"https:\/\/blog.racksweekend.com.br\/en\/\"},{\"@type\":\"ListItem\",\"position\":2,\"name\":\"Termos de Uso\"}]},{\"@type\":\"WebSite\",\"@id\":\"https:\/\/blog.racksweekend.com.br\/en\/#website\",\"url\":\"https:\/\/blog.racksweekend.com.br\/en\/\",\"name\":\"Blog Racks\",\"description\":\"Weekend\",\"publisher\":{\"@id\":\"https:\/\/blog.racksweekend.com.br\/en\/#organization\"},\"potentialAction\":[{\"@type\":\"SearchAction\",\"target\":{\"@type\":\"EntryPoint\",\"urlTemplate\":\"https:\/\/blog.racksweekend.com.br\/en\/?s={search_term_string}\"},\"query-input\":{\"@type\":\"PropertyValueSpecification\",\"valueRequired\":true,\"valueName\":\"search_term_string\"}}],\"inLanguage\":\"sq\"},{\"@type\":\"Organization\",\"@id\":\"https:\/\/blog.racksweekend.com.br\/en\/#organization\",\"name\":\"Blog Racks\",\"url\":\"https:\/\/blog.racksweekend.com.br\/en\/\",\"logo\":{\"@type\":\"ImageObject\",\"inLanguage\":\"sq\",\"@id\":\"https:\/\/blog.racksweekend.com.br\/en\/#\/schema\/logo\/image\/\",\"url\":\"https:\/\/blog.racksweekend.com.br\/wp-content\/uploads\/2024\/02\/cropped-BLOG.png\",\"contentUrl\":\"https:\/\/blog.racksweekend.com.br\/wp-content\/uploads\/2024\/02\/cropped-BLOG.png\",\"width\":1248,\"height\":771,\"caption\":\"Blog Racks\"},\"image\":{\"@id\":\"https:\/\/blog.racksweekend.com.br\/en\/#\/schema\/logo\/image\/\"}}]}<\/script>\n<!-- \/ Yoast SEO plugin. -->","yoast_head_json":{"title":"Termos de Uso - Blog Racks","robots":{"index":"index","follow":"follow","max-snippet":"max-snippet:-1","max-image-preview":"max-image-preview:large","max-video-preview":"max-video-preview:-1"},"canonical":"https:\/\/blog.racksweekend.com.br\/sq\/sample-page\/","og_locale":"sq_AL","og_type":"article","og_title":"Termos de Uso - Blog Racks","og_description":"1. Termos Ao acessar ao site\u00a0blog racksweekend, concorda em cumprir estes\u00a0termos de uso, todas as leis e regulamentos aplic\u00e1veis \u200b\u200be concorda que \u00e9 respons\u00e1vel pelo cumprimento de todas as leis locais aplic\u00e1veis. Se voc\u00ea n\u00e3o concordar com algum desses termos, est\u00e1 proibido de usar ou acessar este site. Os materiais contidos neste site s\u00e3o protegidos &hellip;","og_url":"https:\/\/blog.racksweekend.com.br\/sq\/sample-page\/","og_site_name":"Blog Racks","article_modified_time":"2025-04-22T14:26:30+00:00","twitter_card":"summary_large_image","twitter_misc":{"Est. reading time":"4 minuta"},"schema":{"@context":"https:\/\/schema.org","@graph":[{"@type":"WebPage","@id":"https:\/\/blog.racksweekend.com.br\/sample-page\/","url":"https:\/\/blog.racksweekend.com.br\/sample-page\/","name":"Termos de Uso - Blog Racks","isPartOf":{"@id":"https:\/\/blog.racksweekend.com.br\/en\/#website"},"datePublished":"2023-12-13T13:49:45+00:00","dateModified":"2025-04-22T14:26:30+00:00","breadcrumb":{"@id":"https:\/\/blog.racksweekend.com.br\/sample-page\/#breadcrumb"},"inLanguage":"sq","potentialAction":[{"@type":"ReadAction","target":["https:\/\/blog.racksweekend.com.br\/sample-page\/"]}]},{"@type":"BreadcrumbList","@id":"https:\/\/blog.racksweekend.com.br\/sample-page\/#breadcrumb","itemListElement":[{"@type":"ListItem","position":1,"name":"Home","item":"https:\/\/blog.racksweekend.com.br\/en\/"},{"@type":"ListItem","position":2,"name":"Termos de Uso"}]},{"@type":"WebSite","@id":"https:\/\/blog.racksweekend.com.br\/en\/#website","url":"https:\/\/blog.racksweekend.com.br\/en\/","name":"Raftet e blogut","description":"Fundjav\u00eb","publisher":{"@id":"https:\/\/blog.racksweekend.com.br\/en\/#organization"},"potentialAction":[{"@type":"SearchAction","target":{"@type":"EntryPoint","urlTemplate":"https:\/\/blog.racksweekend.com.br\/en\/?s={search_term_string}"},"query-input":{"@type":"PropertyValueSpecification","valueRequired":true,"valueName":"search_term_string"}}],"inLanguage":"sq"},{"@type":"Organization","@id":"https:\/\/blog.racksweekend.com.br\/en\/#organization","name":"Raftet e blogut","url":"https:\/\/blog.racksweekend.com.br\/en\/","logo":{"@type":"ImageObject","inLanguage":"sq","@id":"https:\/\/blog.racksweekend.com.br\/en\/#\/schema\/logo\/image\/","url":"https:\/\/blog.racksweekend.com.br\/wp-content\/uploads\/2024\/02\/cropped-BLOG.png","contentUrl":"https:\/\/blog.racksweekend.com.br\/wp-content\/uploads\/2024\/02\/cropped-BLOG.png","width":1248,"height":771,"caption":"Blog Racks"},"image":{"@id":"https:\/\/blog.racksweekend.com.br\/en\/#\/schema\/logo\/image\/"}}]}},"_links":{"self":[{"href":"https:\/\/blog.racksweekend.com.br\/sq\/wp-json\/wp\/v2\/pages\/2","targetHints":{"allow":["GET"]}}],"collection":[{"href":"https:\/\/blog.racksweekend.com.br\/sq\/wp-json\/wp\/v2\/pages"}],"about":[{"href":"https:\/\/blog.racksweekend.com.br\/sq\/wp-json\/wp\/v2\/types\/page"}],"author":[{"embeddable":true,"href":"https:\/\/blog.racksweekend.com.br\/sq\/wp-json\/wp\/v2\/users\/1"}],"replies":[{"embeddable":true,"href":"https:\/\/blog.racksweekend.com.br\/sq\/wp-json\/wp\/v2\/comments?post=2"}],"version-history":[{"count":4,"href":"https:\/\/blog.racksweekend.com.br\/sq\/wp-json\/wp\/v2\/pages\/2\/revisions"}],"predecessor-version":[{"id":1469,"href":"https:\/\/blog.racksweekend.com.br\/sq\/wp-json\/wp\/v2\/pages\/2\/revisions\/1469"}],"wp:attachment":[{"href":"https:\/\/blog.racksweekend.com.br\/sq\/wp-json\/wp\/v2\/media?parent=2"}],"curies":[{"name":"wp","href":"https:\/\/api.w.org\/{rel}","templated":true}]}}