{"id":3,"date":"2023-12-13T13:49:45","date_gmt":"2023-12-13T13:49:45","guid":{"rendered":"http:\/\/blog.racksweekend.com.br\/?page_id=3"},"modified":"2024-08-23T14:34:09","modified_gmt":"2024-08-23T14:34:09","slug":"privacy-policy","status":"publish","type":"page","link":"https:\/\/blog.racksweekend.com.br\/sq\/privacy-policy\/","title":{"rendered":"Politika e Privat\u00ebsis\u00eb"},"content":{"rendered":"<p>Privat\u00ebsia juaj \u00ebsht\u00eb e r\u00ebnd\u00ebsishme p\u00ebr ne. \u00cbsht\u00eb politik\u00eb e blogut racksweekend q\u00eb t\u00eb respektoj\u00eb privat\u00ebsin\u00eb tuaj n\u00eb lidhje me \u00e7do informacion q\u00eb mund t\u00eb mbledhim nga ju n\u00eb faqen e internetit t\u00eb blogut racksweekend dhe n\u00eb faqet e tjera q\u00eb zot\u00ebrojm\u00eb dhe operojm\u00eb.<\/p>\n\n\n\n<p>Ne k\u00ebrkojm\u00eb informacione personale vet\u00ebm kur na nevojiten v\u00ebrtet p\u00ebr t&#039;ju ofruar nj\u00eb sh\u00ebrbim. Ne i mbledhim ato me mjete t\u00eb drejta dhe ligjore, me dijenin\u00eb dhe p\u00eblqimin tuaj. Gjithashtu ju njoftojm\u00eb pse po i mbledhim ato dhe si do t\u00eb p\u00ebrdoren.<\/p>\n\n\n\n<p>Ne i ruajm\u00eb informacionet e mbledhura vet\u00ebm p\u00ebr aq koh\u00eb sa \u00ebsht\u00eb e nevojshme p\u00ebr t&#039;ju ofruar sh\u00ebrbimin e k\u00ebrkuar. T\u00eb dh\u00ebnat q\u00eb ruajm\u00eb, i mbrojm\u00eb brenda mjeteve t\u00eb pranueshme komerciale p\u00ebr t\u00eb parandaluar humbjen dhe vjedhjen, si dhe aksesin, zbulimin, kopjimin, p\u00ebrdorimin ose modifikimin e paautorizuar.<\/p>\n\n\n\n<p>Ne nuk i ndajm\u00eb informacionet personale t\u00eb identifikueshme publikisht ose me pal\u00eb t\u00eb treta, p\u00ebrve\u00e7 rasteve kur k\u00ebrkohet me ligj. Uebsajti yn\u00eb mund t\u00eb p\u00ebrmbaj\u00eb lidhje me uebsajte t\u00eb jashtme q\u00eb nuk operohen prej nesh.<\/p>\n\n\n\n<p>Ju lutemi t\u00eb keni parasysh se ne nuk kemi kontroll mbi p\u00ebrmbajtjen dhe praktikat e k\u00ebtyre faqeve dhe nuk mund t\u00eb pranojm\u00eb p\u00ebrgjegj\u00ebsi p\u00ebr politikat e tyre p\u00ebrkat\u00ebse t\u00eb privat\u00ebsis\u00eb. Ju jeni t\u00eb lir\u00eb t\u00eb refuzoni k\u00ebrkes\u00ebn ton\u00eb p\u00ebr informacionin tuaj personal, me mir\u00ebkuptimin se ne mund t\u00eb mos jemi n\u00eb gjendje t&#039;ju ofrojm\u00eb disa nga sh\u00ebrbimet q\u00eb d\u00ebshironi.<\/p>\n\n\n\n<p>P\u00ebrdorimi juaj i vazhduesh\u00ebm i faqes son\u00eb t\u00eb internetit do t\u00eb konsiderohet pranim i praktikave tona t\u00eb privat\u00ebsis\u00eb dhe informacionit personal. N\u00ebse keni ndonj\u00eb pyetje n\u00eb lidhje me m\u00ebnyr\u00ebn se si i trajtojm\u00eb t\u00eb dh\u00ebnat e p\u00ebrdoruesit dhe informacionin personal, ju lutemi na kontaktoni.<\/p>\n\n\n\n<h2 class=\"wp-block-heading\">Siguria e faqes s\u00eb internetit t\u00eb blogut Racksweeken<\/h2>\n\n\n\n<p>Uebsajti \u00ebsht\u00eb i besuesh\u00ebm dhe i sigurt p\u00ebr p\u00ebrdoruesin, si\u00e7 raportohet nga Site Check. Faqja verifikon informacionin e uebsajtit p\u00ebr t\u00eb identifikuar problemet e mundshme t\u00eb siguris\u00eb.<\/p>\n\n\n\n<h2 class=\"wp-block-heading\">Politika e cookie-ve blog racksweekend<\/h2>\n\n\n\n<h3 class=\"wp-block-heading\">\u00c7far\u00eb jan\u00eb kukit\u00eb?<\/h3>\n\n\n\n<p>Si\u00e7 \u00ebsht\u00eb praktik\u00eb e zakonshme me pothuajse t\u00eb gjitha faqet e internetit profesionale, kjo faqe p\u00ebrdor &quot;cookies&quot;, t\u00eb cilat jan\u00eb skedar\u00eb t\u00eb vegj\u00ebl q\u00eb shkarkohen n\u00eb kompjuterin tuaj, p\u00ebr t\u00eb p\u00ebrmir\u00ebsuar p\u00ebrvoj\u00ebn tuaj. Kjo faqe p\u00ebrshkruan se \u00e7far\u00eb informacioni mbledhin ato, si i p\u00ebrdorim ne dhe pse ndonj\u00ebher\u00eb na duhet t&#039;i ruajm\u00eb k\u00ebto &quot;cookies&quot;.<\/p>\n\n\n\n<p>Gjithashtu, do t\u00eb ndajm\u00eb se si mund ta parandaloni ruajtjen e k\u00ebtyre cookie-ve, megjithat\u00eb kjo mund t\u00eb ul\u00eb ose &#039;prish\u00eb&#039; element\u00eb t\u00eb caktuar t\u00eb funksionalitetit t\u00eb faqes.<\/p>\n\n\n\n<h3 class=\"wp-block-heading\">Si i p\u00ebrdorim cookies?<\/h3>\n\n\n\n<p>Ne p\u00ebrdorim cookie-t p\u00ebr nj\u00eb s\u00ebr\u00eb arsyesh, t\u00eb cilat detajohen m\u00eb posht\u00eb. Fatkeq\u00ebsisht, n\u00eb shumic\u00ebn e rasteve, nuk ka opsione standarde t\u00eb industris\u00eb p\u00ebr \u00e7aktivizimin e cookie-ve pa \u00e7aktivizuar plot\u00ebsisht funksionalitetin dhe ve\u00e7orit\u00eb q\u00eb ato i shtojn\u00eb k\u00ebsaj faqeje interneti.<\/p>\n\n\n\n<p>Rekomandohet q\u00eb t\u2019i lini t\u00eb aktivizuara t\u00eb gjitha \u201ccookies\u201d n\u00ebse nuk jeni t\u00eb sigurt n\u00ebse keni nevoj\u00eb p\u00ebr to apo jo, n\u00eb rast se ato p\u00ebrdoren p\u00ebr t\u00eb ofruar nj\u00eb sh\u00ebrbim q\u00eb p\u00ebrdorni.<\/p>\n\n\n\n<p>\u00c7aktivizimi i Cookies Mund ta parandaloni vendosjen e cookie-ve duke rregulluar cil\u00ebsimet e shfletuesit tuaj (shihni Ndihm\u00ebn e shfletuesit tuaj p\u00ebr m\u00ebnyr\u00ebn se si ta b\u00ebni k\u00ebt\u00eb). Kini parasysh se \u00e7aktivizimi i cookie-ve do t\u00eb ndikoj\u00eb n\u00eb funksionalitetin e k\u00ebsaj dhe shum\u00eb faqeve t\u00eb tjera t\u00eb internetit q\u00eb vizitoni.<\/p>\n\n\n\n<p>\u00c7aktivizimi i cookie-ve zakonisht do t\u00eb rezultoj\u00eb n\u00eb \u00e7aktivizimin e disa funksioneve dhe ve\u00e7orive t\u00eb k\u00ebsaj faqeje interneti. Prandaj, rekomandohet q\u00eb t\u00eb mos i \u00e7aktivizoni cookie-t.<\/p>\n\n\n\n<p>Kukit\u00eb q\u00eb vendosim Kukit\u00eb q\u00eb lidhen me llogarin\u00eb N\u00ebse krijoni nj\u00eb llogari me ne, at\u00ebher\u00eb ne do t\u00eb p\u00ebrdorim kukit\u00eb p\u00ebr menaxhimin e procesit t\u00eb regjistrimit dhe administrimin e p\u00ebrgjithsh\u00ebm.<\/p>\n\n\n\n<p>K\u00ebto cookie zakonisht fshihen kur t\u00eb dilni, megjithat\u00eb n\u00eb disa raste ato mund t\u00eb mbeten m\u00eb pas p\u00ebr t\u00eb kujtuar preferencat tuaja t\u00eb faqes kur t\u00eb dilni.<\/p>\n\n\n\n<p>Kukit\u00eb q\u00eb lidhen me hyrjen Ne p\u00ebrdorim kukit\u00eb kur jeni t\u00eb ky\u00e7ur n\u00eb m\u00ebnyr\u00eb q\u00eb ta mbajm\u00eb mend k\u00ebt\u00eb fakt. Kjo ju pengon t\u00eb ky\u00e7eni sa her\u00eb q\u00eb vizitoni nj\u00eb faqe t\u00eb re.<\/p>\n\n\n\n<p>K\u00ebto cookie zakonisht hiqen ose fshihen kur dilni nga llogaria p\u00ebr t&#039;u siguruar q\u00eb t\u00eb keni akses vet\u00ebm n\u00eb ve\u00e7orit\u00eb dhe zonat e kufizuara kur t\u00eb identifikoheni.<\/p>\n\n\n\n<p>Kukit\u00eb q\u00eb lidhen me buletinet informative me email Kjo faqe ofron sh\u00ebrbime abonimi n\u00eb buletin ose email dhe kukit\u00eb mund t\u00eb p\u00ebrdoren p\u00ebr t\u00eb kujtuar n\u00ebse jeni regjistruar tashm\u00eb dhe n\u00ebse duhen shfaqur njoftime t\u00eb caktuara t\u00eb cilat mund t\u00eb jen\u00eb t\u00eb vlefshme vet\u00ebm p\u00ebr p\u00ebrdoruesit e abonuar\/t\u00eb paabonuar.<\/p>\n\n\n\n<p>Kukit\u00eb q\u00eb lidhen me p\u00ebrpunimin e porosive Kjo faqe ofron mund\u00ebsi tregtie elektronike ose pagese dhe disa kuki jan\u00eb thelb\u00ebsore p\u00ebr t\u00eb siguruar q\u00eb porosia juaj t\u00eb mbahet mend midis faqeve n\u00eb m\u00ebnyr\u00eb q\u00eb ne ta p\u00ebrpunojm\u00eb at\u00eb si\u00e7 duhet.<\/p>\n\n\n\n<p>Kukit\u00eb q\u00eb lidhen me anketat Ne ofrojm\u00eb periodikisht anketa dhe pyet\u00ebsor\u00eb p\u00ebr t\u00eb ofruar njohuri interesante, mjete t\u00eb dobishme ose p\u00ebr t\u00eb kuptuar m\u00eb sakt\u00eb baz\u00ebn ton\u00eb t\u00eb p\u00ebrdoruesve.<\/p>\n\n\n\n<p>K\u00ebto anketa mund t\u00eb p\u00ebrdorin cookie-t p\u00ebr t\u00eb kujtuar se kush ka marr\u00eb pjes\u00eb tashm\u00eb n\u00eb nj\u00eb anket\u00eb ose p\u00ebr t\u00eb ofruar rezultate t\u00eb sakta pasi t\u00eb ndryshoni faqet.<\/p>\n\n\n\n<p>Kukit\u00eb q\u00eb lidhen me formular\u00ebt Kur d\u00ebrgoni t\u00eb dh\u00ebna p\u00ebrmes nj\u00eb formulari si ato q\u00eb gjenden n\u00eb faqet e kontaktit ose formular\u00ebt e komenteve, kukit\u00eb mund t\u00eb vendosen p\u00ebr t\u00eb mbajtur mend t\u00eb dh\u00ebnat tuaja t\u00eb p\u00ebrdoruesit p\u00ebr korrespondenc\u00ebn e ardhshme.<\/p>\n\n\n\n<p>Kukit\u00eb e Preferencave t\u00eb Faqes P\u00ebr t&#039;ju ofruar nj\u00eb p\u00ebrvoj\u00eb t\u00eb shk\u00eblqyer n\u00eb k\u00ebt\u00eb faqe interneti, ne ofrojm\u00eb funksionalitetin p\u00ebr t\u00eb vendosur preferencat tuaja p\u00ebr m\u00ebnyr\u00ebn se si funksionon kjo faqe kur e p\u00ebrdorni at\u00eb.<\/p>\n\n\n\n<p>P\u00ebr t\u00eb mbajtur mend preferencat tuaja, duhet t\u00eb vendosim cookie-t n\u00eb m\u00ebnyr\u00eb q\u00eb ky informacion t\u00eb mund t\u00eb thirret sa her\u00eb q\u00eb bashk\u00ebveproni me nj\u00eb faqe q\u00eb ndikohet nga preferencat tuaja.<\/p>\n\n\n\n<h3 class=\"wp-block-heading\">Kukit\u00eb e pal\u00ebve t\u00eb treta<\/h3>\n\n\n\n<p>N\u00eb disa raste t\u00eb ve\u00e7anta, ne p\u00ebrdorim edhe cookie-t e ofruara nga pal\u00eb t\u00eb treta t\u00eb besuara. Seksioni i m\u00ebposht\u00ebm detajon se cilat cookie-t e pal\u00ebve t\u00eb treta mund t\u00eb hasni p\u00ebrmes k\u00ebsaj faqeje interneti.<\/p>\n\n\n\n<p>Kjo faqe p\u00ebrdor Google Analytics, e cila \u00ebsht\u00eb nj\u00eb nga zgjidhjet m\u00eb t\u00eb p\u00ebrhapura dhe t\u00eb besueshme t\u00eb analizave n\u00eb internet p\u00ebr t\u00eb na ndihmuar t\u00eb kuptojm\u00eb se si e p\u00ebrdorni faqen dhe m\u00ebnyrat se si mund ta p\u00ebrmir\u00ebsojm\u00eb p\u00ebrvoj\u00ebn tuaj.<\/p>\n\n\n\n<p>K\u00ebto cookie mund t\u00eb gjurmojn\u00eb gj\u00ebra t\u00eb tilla si koh\u00ebzgjatja q\u00eb kaloni n\u00eb faqe dhe faqet q\u00eb vizitoni, n\u00eb m\u00ebnyr\u00eb q\u00eb t\u00eb mund t\u00eb vazhdojm\u00eb t\u00eb prodhojm\u00eb p\u00ebrmbajtje t\u00ebrheq\u00ebse.<\/p>\n\n\n\n<p>P\u00ebr m\u00eb shum\u00eb informacion rreth cookie-ve t\u00eb Google Analytics, shihni faqen zyrtare t\u00eb Google Analytics. Analitika e pal\u00ebve t\u00eb treta p\u00ebrdoret p\u00ebr t\u00eb ndjekur dhe matur p\u00ebrdorimin e k\u00ebsaj faqeje interneti n\u00eb m\u00ebnyr\u00eb q\u00eb t\u00eb mund t\u00eb vazhdojm\u00eb t\u00eb prodhojm\u00eb p\u00ebrmbajtje t\u00ebrheq\u00ebse.<\/p>\n\n\n\n<p>K\u00ebto cookie mund t\u00eb gjurmojn\u00eb gj\u00ebra t\u00eb tilla si koh\u00ebzgjatja q\u00eb kaloni n\u00eb faqe ose faqet q\u00eb vizitoni, gj\u00eb q\u00eb na ndihmon t\u00eb kuptojm\u00eb se si mund ta p\u00ebrmir\u00ebsojm\u00eb faqen p\u00ebr ju. Ne testojm\u00eb periodikisht ve\u00e7ori t\u00eb reja dhe b\u00ebjm\u00eb ndryshime t\u00eb vogla n\u00eb m\u00ebnyr\u00ebn se si duket faqja.<\/p>\n\n\n\n<p>Kur jemi ende duke testuar ve\u00e7ori t\u00eb reja, k\u00ebto cookie mund t\u00eb p\u00ebrdoren p\u00ebr t\u00eb siguruar q\u00eb ju t\u00eb merrni nj\u00eb p\u00ebrvoj\u00eb t\u00eb q\u00ebndrueshme nd\u00ebrsa jeni n\u00eb faqe, duke u siguruar q\u00eb ne t\u00eb kuptojm\u00eb se cilat optimizime i vler\u00ebsojn\u00eb m\u00eb shum\u00eb p\u00ebrdoruesit tan\u00eb.<\/p>\n\n\n\n<p>Nd\u00ebrsa shesim produkte, \u00ebsht\u00eb e r\u00ebnd\u00ebsishme p\u00ebr ne t\u00eb kuptojm\u00eb statistikat rreth asaj se sa nga vizitor\u00ebt e faqes son\u00eb b\u00ebjn\u00eb n\u00eb t\u00eb v\u00ebrtet\u00eb nj\u00eb blerje, dhe si t\u00eb tilla, ky \u00ebsht\u00eb lloji i t\u00eb dh\u00ebnave q\u00eb k\u00ebto cookie do t\u00eb gjurmojn\u00eb. Kjo \u00ebsht\u00eb e r\u00ebnd\u00ebsishme p\u00ebr ju pasi do t\u00eb thot\u00eb q\u00eb ne mund t\u00eb b\u00ebjm\u00eb parashikime t\u00eb sakta biznesi q\u00eb na lejojn\u00eb t\u00eb monitorojm\u00eb kostot e reklamave dhe t\u00eb produkteve tona p\u00ebr t\u00eb siguruar \u00e7mimin m\u00eb t\u00eb mir\u00eb t\u00eb mundsh\u00ebm.<\/p>\n\n\n\n<h3 class=\"wp-block-heading\">Angazhimi i P\u00ebrdoruesit<\/h3>\n\n\n\n<p>P\u00ebrdoruesi merr p\u00ebrsip\u00ebr t\u00eb p\u00ebrdor\u00eb n\u00eb m\u00ebnyr\u00eb t\u00eb p\u00ebrshtatshme p\u00ebrmbajtjen dhe informacionin q\u00eb blogu racksweekend ofron n\u00eb faqen e internetit dhe, si shembull, por pa u kufizuar n\u00eb:<\/p>\n\n\n\n<ul class=\"wp-block-list\">\n<li>A) T\u00eb mos p\u00ebrfshihet n\u00eb aktivitete q\u00eb jan\u00eb t\u00eb paligjshme ose n\u00eb kund\u00ebrshtim me mir\u00ebbesimin dhe rendin publik;<\/li>\n\n\n\n<li>B) Mos p\u00ebrhapni propagand\u00eb ose p\u00ebrmbajtje me natyr\u00eb raciste, ksenofobike, ose sht\u00ebpi bastesh, loj\u00ebra fati, \u00e7do lloj pornografie t\u00eb paligjshme, n\u00eb mb\u00ebshtetje t\u00eb terrorizmit ose kund\u00ebr t\u00eb drejtave t\u00eb njeriut;<\/li>\n\n\n\n<li>C) T\u00eb mos shkaktohen d\u00ebme n\u00eb sistemet fizike (hardware) dhe logjike (software) t\u00eb blogut racksweekend, furnizuesve t\u00eb tij ose pal\u00ebve t\u00eb treta, t\u00eb mos futen ose p\u00ebrhapen viruse kompjuterike ose ndonj\u00eb sistem tjet\u00ebr hardware ose software q\u00eb \u00ebsht\u00eb i aft\u00eb t\u00eb shkaktoj\u00eb d\u00ebmin e lartp\u00ebrmendur.<\/li>\n<\/ul>\n\n\n\n<p>Bllokimi i cookie-ve: P\u00ebrdoruesit mund t\u00eb bllokojn\u00eb dhe\/ose \u00e7aktivizojn\u00eb cookie-t nga \u00e7do faqe interneti, p\u00ebrfshir\u00eb edhe ton\u00ebn, n\u00eb \u00e7do koh\u00eb. P\u00ebr ta b\u00ebr\u00eb k\u00ebt\u00eb, hyni n\u00eb cil\u00ebsimet e shfletuesit tuaj. Shihni udh\u00ebzuesit e ndihm\u00ebs p\u00ebr shfletuesit kryesor\u00eb m\u00eb posht\u00eb: Google Chrome Firefox Microsoft Edge Opera Safari.<\/p>\n\n\n\n<p>Shpresoj q\u00eb kjo ju ka sqaruar gj\u00ebrat dhe, si\u00e7 u p\u00ebrmend m\u00eb par\u00eb, n\u00ebse ka di\u00e7ka p\u00ebr t\u00eb cil\u00ebn nuk jeni t\u00eb sigurt n\u00ebse ju nevojitet apo jo, zakonisht \u00ebsht\u00eb m\u00eb e sigurt t&#039;i lini t\u00eb aktivizuara &quot;cookies&quot; n\u00eb rast se ato nd\u00ebrveprojn\u00eb me nj\u00eb nga ve\u00e7orit\u00eb q\u00eb p\u00ebrdorni n\u00eb faqen ton\u00eb.<\/p>\n\n\n\n<p>Kjo politik\u00eb \u00ebsht\u00eb n\u00eb fuqi q\u00eb nga <strong>Gusht\/2024.<\/strong><\/p>","protected":false},"excerpt":{"rendered":"<p>A sua privacidade \u00e9 importante para n\u00f3s. \u00c9 pol\u00edtica do blog racksweekend respeitar a sua privacidade em rela\u00e7\u00e3o a qualquer informa\u00e7\u00e3o sua que possamos coletar no site blog racksweekend, e outros sites que possu\u00edmos e operamos. Solicitamos informa\u00e7\u00f5es pessoais apenas quando realmente precisamos delas para lhe fornecer um servi\u00e7o. Fazemo-lo por meios justos e legais, &hellip; <\/p>","protected":false},"author":1,"featured_media":0,"parent":0,"menu_order":0,"comment_status":"closed","ping_status":"open","template":"","meta":{"footnotes":""},"class_list":["post-3","page","type-page","status-publish","hentry","latest_post"],"yoast_head":"<!-- This site is optimized with the Yoast SEO plugin v27.1.1 - https:\/\/yoast.com\/product\/yoast-seo-wordpress\/ -->\n<title>Pol\u00edtica de Privacidade - Blog Racks<\/title>\n<meta name=\"robots\" content=\"index, follow, max-snippet:-1, max-image-preview:large, max-video-preview:-1\" \/>\n<link rel=\"canonical\" href=\"https:\/\/blog.racksweekend.com.br\/sq\/privacy-policy\/\" \/>\n<meta property=\"og:locale\" content=\"sq_AL\" \/>\n<meta property=\"og:type\" content=\"article\" \/>\n<meta property=\"og:title\" content=\"Pol\u00edtica de Privacidade - Blog Racks\" \/>\n<meta property=\"og:description\" content=\"A sua privacidade \u00e9 importante para n\u00f3s. \u00c9 pol\u00edtica do blog racksweekend respeitar a sua privacidade em rela\u00e7\u00e3o a qualquer informa\u00e7\u00e3o sua que possamos coletar no site blog racksweekend, e outros sites que possu\u00edmos e operamos. Solicitamos informa\u00e7\u00f5es pessoais apenas quando realmente precisamos delas para lhe fornecer um servi\u00e7o. Fazemo-lo por meios justos e legais, &hellip;\" \/>\n<meta property=\"og:url\" content=\"https:\/\/blog.racksweekend.com.br\/sq\/privacy-policy\/\" \/>\n<meta property=\"og:site_name\" content=\"Blog Racks\" \/>\n<meta property=\"article:modified_time\" content=\"2024-08-23T14:34:09+00:00\" \/>\n<meta name=\"twitter:card\" content=\"summary_large_image\" \/>\n<meta name=\"twitter:label1\" content=\"Est. reading time\" \/>\n\t<meta name=\"twitter:data1\" content=\"8 minuta\" \/>\n<script type=\"application\/ld+json\" class=\"yoast-schema-graph\">{\"@context\":\"https:\/\/schema.org\",\"@graph\":[{\"@type\":\"WebPage\",\"@id\":\"https:\/\/blog.racksweekend.com.br\/privacy-policy\/\",\"url\":\"https:\/\/blog.racksweekend.com.br\/privacy-policy\/\",\"name\":\"Pol\u00edtica de Privacidade - Blog Racks\",\"isPartOf\":{\"@id\":\"https:\/\/blog.racksweekend.com.br\/en\/#website\"},\"datePublished\":\"2023-12-13T13:49:45+00:00\",\"dateModified\":\"2024-08-23T14:34:09+00:00\",\"breadcrumb\":{\"@id\":\"https:\/\/blog.racksweekend.com.br\/privacy-policy\/#breadcrumb\"},\"inLanguage\":\"sq\",\"potentialAction\":[{\"@type\":\"ReadAction\",\"target\":[\"https:\/\/blog.racksweekend.com.br\/privacy-policy\/\"]}]},{\"@type\":\"BreadcrumbList\",\"@id\":\"https:\/\/blog.racksweekend.com.br\/privacy-policy\/#breadcrumb\",\"itemListElement\":[{\"@type\":\"ListItem\",\"position\":1,\"name\":\"Home\",\"item\":\"https:\/\/blog.racksweekend.com.br\/en\/\"},{\"@type\":\"ListItem\",\"position\":2,\"name\":\"Pol\u00edtica de Privacidade\"}]},{\"@type\":\"WebSite\",\"@id\":\"https:\/\/blog.racksweekend.com.br\/en\/#website\",\"url\":\"https:\/\/blog.racksweekend.com.br\/en\/\",\"name\":\"Blog Racks\",\"description\":\"Weekend\",\"publisher\":{\"@id\":\"https:\/\/blog.racksweekend.com.br\/en\/#organization\"},\"potentialAction\":[{\"@type\":\"SearchAction\",\"target\":{\"@type\":\"EntryPoint\",\"urlTemplate\":\"https:\/\/blog.racksweekend.com.br\/en\/?s={search_term_string}\"},\"query-input\":{\"@type\":\"PropertyValueSpecification\",\"valueRequired\":true,\"valueName\":\"search_term_string\"}}],\"inLanguage\":\"sq\"},{\"@type\":\"Organization\",\"@id\":\"https:\/\/blog.racksweekend.com.br\/en\/#organization\",\"name\":\"Blog Racks\",\"url\":\"https:\/\/blog.racksweekend.com.br\/en\/\",\"logo\":{\"@type\":\"ImageObject\",\"inLanguage\":\"sq\",\"@id\":\"https:\/\/blog.racksweekend.com.br\/en\/#\/schema\/logo\/image\/\",\"url\":\"https:\/\/blog.racksweekend.com.br\/wp-content\/uploads\/2024\/02\/cropped-BLOG.png\",\"contentUrl\":\"https:\/\/blog.racksweekend.com.br\/wp-content\/uploads\/2024\/02\/cropped-BLOG.png\",\"width\":1248,\"height\":771,\"caption\":\"Blog Racks\"},\"image\":{\"@id\":\"https:\/\/blog.racksweekend.com.br\/en\/#\/schema\/logo\/image\/\"}}]}<\/script>\n<!-- \/ Yoast SEO plugin. -->","yoast_head_json":{"title":"Pol\u00edtica de Privacidade - Blog Racks","robots":{"index":"index","follow":"follow","max-snippet":"max-snippet:-1","max-image-preview":"max-image-preview:large","max-video-preview":"max-video-preview:-1"},"canonical":"https:\/\/blog.racksweekend.com.br\/sq\/privacy-policy\/","og_locale":"sq_AL","og_type":"article","og_title":"Pol\u00edtica de Privacidade - Blog Racks","og_description":"A sua privacidade \u00e9 importante para n\u00f3s. \u00c9 pol\u00edtica do blog racksweekend respeitar a sua privacidade em rela\u00e7\u00e3o a qualquer informa\u00e7\u00e3o sua que possamos coletar no site blog racksweekend, e outros sites que possu\u00edmos e operamos. Solicitamos informa\u00e7\u00f5es pessoais apenas quando realmente precisamos delas para lhe fornecer um servi\u00e7o. Fazemo-lo por meios justos e legais, &hellip;","og_url":"https:\/\/blog.racksweekend.com.br\/sq\/privacy-policy\/","og_site_name":"Blog Racks","article_modified_time":"2024-08-23T14:34:09+00:00","twitter_card":"summary_large_image","twitter_misc":{"Est. reading time":"8 minuta"},"schema":{"@context":"https:\/\/schema.org","@graph":[{"@type":"WebPage","@id":"https:\/\/blog.racksweekend.com.br\/privacy-policy\/","url":"https:\/\/blog.racksweekend.com.br\/privacy-policy\/","name":"Pol\u00edtica de Privacidade - Blog Racks","isPartOf":{"@id":"https:\/\/blog.racksweekend.com.br\/en\/#website"},"datePublished":"2023-12-13T13:49:45+00:00","dateModified":"2024-08-23T14:34:09+00:00","breadcrumb":{"@id":"https:\/\/blog.racksweekend.com.br\/privacy-policy\/#breadcrumb"},"inLanguage":"sq","potentialAction":[{"@type":"ReadAction","target":["https:\/\/blog.racksweekend.com.br\/privacy-policy\/"]}]},{"@type":"BreadcrumbList","@id":"https:\/\/blog.racksweekend.com.br\/privacy-policy\/#breadcrumb","itemListElement":[{"@type":"ListItem","position":1,"name":"Home","item":"https:\/\/blog.racksweekend.com.br\/en\/"},{"@type":"ListItem","position":2,"name":"Pol\u00edtica de Privacidade"}]},{"@type":"WebSite","@id":"https:\/\/blog.racksweekend.com.br\/en\/#website","url":"https:\/\/blog.racksweekend.com.br\/en\/","name":"Raftet e blogut","description":"Fundjav\u00eb","publisher":{"@id":"https:\/\/blog.racksweekend.com.br\/en\/#organization"},"potentialAction":[{"@type":"SearchAction","target":{"@type":"EntryPoint","urlTemplate":"https:\/\/blog.racksweekend.com.br\/en\/?s={search_term_string}"},"query-input":{"@type":"PropertyValueSpecification","valueRequired":true,"valueName":"search_term_string"}}],"inLanguage":"sq"},{"@type":"Organization","@id":"https:\/\/blog.racksweekend.com.br\/en\/#organization","name":"Raftet e blogut","url":"https:\/\/blog.racksweekend.com.br\/en\/","logo":{"@type":"ImageObject","inLanguage":"sq","@id":"https:\/\/blog.racksweekend.com.br\/en\/#\/schema\/logo\/image\/","url":"https:\/\/blog.racksweekend.com.br\/wp-content\/uploads\/2024\/02\/cropped-BLOG.png","contentUrl":"https:\/\/blog.racksweekend.com.br\/wp-content\/uploads\/2024\/02\/cropped-BLOG.png","width":1248,"height":771,"caption":"Blog Racks"},"image":{"@id":"https:\/\/blog.racksweekend.com.br\/en\/#\/schema\/logo\/image\/"}}]}},"_links":{"self":[{"href":"https:\/\/blog.racksweekend.com.br\/sq\/wp-json\/wp\/v2\/pages\/3","targetHints":{"allow":["GET"]}}],"collection":[{"href":"https:\/\/blog.racksweekend.com.br\/sq\/wp-json\/wp\/v2\/pages"}],"about":[{"href":"https:\/\/blog.racksweekend.com.br\/sq\/wp-json\/wp\/v2\/types\/page"}],"author":[{"embeddable":true,"href":"https:\/\/blog.racksweekend.com.br\/sq\/wp-json\/wp\/v2\/users\/1"}],"replies":[{"embeddable":true,"href":"https:\/\/blog.racksweekend.com.br\/sq\/wp-json\/wp\/v2\/comments?post=3"}],"version-history":[{"count":5,"href":"https:\/\/blog.racksweekend.com.br\/sq\/wp-json\/wp\/v2\/pages\/3\/revisions"}],"predecessor-version":[{"id":408,"href":"https:\/\/blog.racksweekend.com.br\/sq\/wp-json\/wp\/v2\/pages\/3\/revisions\/408"}],"wp:attachment":[{"href":"https:\/\/blog.racksweekend.com.br\/sq\/wp-json\/wp\/v2\/media?parent=3"}],"curies":[{"name":"wp","href":"https:\/\/api.w.org\/{rel}","templated":true}]}}