{"id":401,"date":"2024-08-23T12:48:58","date_gmt":"2024-08-23T12:48:58","guid":{"rendered":"https:\/\/blog.racksweekend.com.br\/?page_id=401"},"modified":"2024-08-23T12:48:59","modified_gmt":"2024-08-23T12:48:59","slug":"sobre-nos","status":"publish","type":"page","link":"https:\/\/blog.racksweekend.com.br\/tr\/sobre-nos\/","title":{"rendered":"Hakk\u0131m\u0131zda"},"content":{"rendered":"<p>Web sitemize ho\u015f geldiniz, her hafta sonunu unutulmaz bir maceraya, her seyahati e\u015fsiz bir deneyime d\u00f6n\u00fc\u015ft\u00fcr\u00fcyoruz.<\/p>\n\n\n\n<p>Dinlenme ve e\u011flence anlar\u0131n\u0131z\u0131 en iyi \u015fekilde de\u011ferlendirebilmeniz i\u00e7in d\u00fcnyay\u0131 ke\u015ffetme ve bu ke\u015fifleri sizinle payla\u015fma konusunda tutkuluyuz.<\/p>\n\n\n\n<h2 class=\"wp-block-heading\">Tarihimiz<\/h2>\n\n\n\n<p>Yolculu\u011fumuz basit bir tutkuyla ba\u015flad\u0131: al\u0131\u015f\u0131lm\u0131\u015f\u0131n d\u0131\u015f\u0131na \u00e7\u0131k\u0131p yeni yerler, k\u00fclt\u00fcrler ve tatlar ke\u015ffetme arzusu.<\/p>\n\n\n\n<p>Zamanla bir\u00e7ok insan\u0131n bu arzuyu payla\u015ft\u0131\u011f\u0131n\u0131 ancak en iyi se\u00e7enekleri nas\u0131l ve nerede bulaca\u011f\u0131n\u0131 her zaman bilmediklerini fark ettik.<\/p>\n\n\n\n<p>Bu nedenle, bir sonraki hafta sonunuzu veya hayalinizdeki seyahati planlamak i\u00e7in ilham ve bilgi bulabilece\u011finiz bu alan\u0131 yaratmaya karar verdik.<\/p>\n\n\n\n<h2 class=\"wp-block-heading\">Misyonumuz<\/h2>\n\n\n\n<p>Ana hedefimiz, g\u00fcn\u00fcn\u00fcz\u00fc muhte\u015fem bir deneyime d\u00f6n\u00fc\u015ft\u00fcrmenize yard\u0131mc\u0131 olmakt\u0131r.<\/p>\n\n\n\n<p>Zaman\u0131n ne kadar de\u011ferli oldu\u011funu biliyoruz ve her hafta sonunun yeniden \u015farj olmak, yeni ufuklar ke\u015ffetmek ve an\u0131lar yaratmak i\u00e7in bir f\u0131rsat olabilece\u011fine inan\u0131yoruz.<\/p>\n\n\n\n<p>\u0130ster evinize daha yak\u0131n bir destinasyon, ister ba\u015fka bir \u00fclkedeki bir macera olsun, seyahatinizden en iyi \u015fekilde yararlanman\u0131z\u0131 istiyoruz.<\/p>\n\n\n\n<p>Bu nedenle seyahatinizin keyfini g\u00f6n\u00fcl rahatl\u0131\u011f\u0131yla \u00e7\u0131karabilmeniz i\u00e7in size pratik tavsiyeler, seyahat plan\u0131 \u00f6nerileri ve bilmeniz gereken her \u015feyi sunmaya \u00e7al\u0131\u015f\u0131yoruz.<\/p>\n\n\n\n<h2 class=\"wp-block-heading\">Ne sunuyoruz?<\/h2>\n\n\n\n<p>Burada ideal hafta sonu destinasyonlar\u0131na ili\u015fkin ipu\u00e7lar\u0131ndan daha uzun yolculuklar i\u00e7in eksiksiz k\u0131lavuzlara kadar her \u015feyi bulacaks\u0131n\u0131z.<\/p>\n\n\n\n<p>Her insan\u0131n farkl\u0131 bir seyahat \u015fekline sahip oldu\u011funu biliyoruz, bu nedenle \u00e7ok \u00e7e\u015fitli tercihleri kar\u015f\u0131layan farkl\u0131 i\u00e7erikler yaratmaya \u00e7al\u0131\u015f\u0131yoruz.<\/p>\n\n\n\n<p>\u0130ster yaln\u0131z bir gezgin, ister romantizm arayan bir \u00e7ift, ister e\u011flence arayan bir aile olun, yan\u0131n\u0131zday\u0131z.<\/p>\n\n\n\n<ul class=\"wp-block-list\">\n<li><strong>Hafta sonu destinasyonlar\u0131:<\/strong> H\u0131zl\u0131 bir ka\u00e7amak i\u00e7in m\u00fckemmel olan, yak\u0131n\u0131n\u0131zdaki inan\u0131lmaz yerlere ili\u015fkin \u00f6neriler. Uzaklara gitmenize gerek kalmadan dinlenmek, do\u011fan\u0131n tad\u0131n\u0131 \u00e7\u0131karmak veya maceraya at\u0131lmak i\u00e7in b\u00fcy\u00fcleyici yerleri ke\u015ffedin.<\/li>\n\n\n\n<li><strong>\u00d6zelle\u015ftirilmi\u015f g\u00fczergahlar:<\/strong> Zaman\u0131n\u0131 optimize etmek ve her an\u0131 en iyi \u015fekilde de\u011ferlendirmek isteyenler i\u00e7in ki\u015fiye \u00f6zel g\u00fczergahlar olu\u015fturuyoruz. Seyahat plan\u0131 \u00f6nerilerimizle tam olarak ne yapaca\u011f\u0131n\u0131z\u0131, nereye gidece\u011finizi ve her var\u0131\u015f noktas\u0131n\u0131n tad\u0131n\u0131 nas\u0131l \u00e7\u0131karaca\u011f\u0131n\u0131z\u0131 bileceksiniz.<\/li>\n\n\n\n<li><strong>Pratik ipu\u00e7lar\u0131:<\/strong> Destinasyonlara ve seyahat planlar\u0131na ek olarak, gezinizi kolayla\u015ft\u0131rmak i\u00e7in turistik yerleri ziyaret etmek i\u00e7in en iyi zamanlar, seyahatiniz s\u0131ras\u0131nda nas\u0131l tasarruf edebilece\u011finiz ve bagaj\u0131n\u0131zda neleri ka\u00e7\u0131ramayaca\u011f\u0131n\u0131z gibi \u00f6nemli ipu\u00e7lar\u0131 sunuyoruz.<\/li>\n\n\n\n<li><strong>Esin:<\/strong> Di\u011fer gezginlerden ilham verici hikayeler, farkl\u0131 deneyimler i\u00e7in fikirler ve s\u0131ra d\u0131\u015f\u0131 bir \u015feyler arayanlar i\u00e7in temal\u0131 gezi \u00f6nerileri.<\/li>\n<\/ul>\n\n\n\n<h2 class=\"wp-block-heading\">Taahh\u00fcd\u00fcm\u00fcz<\/h2>\n\n\n\n<p>Seyahat etmenin bir yerden ba\u015fka bir yere gitmekten daha fazlas\u0131 oldu\u011funa inan\u0131yoruz.<\/p>\n\n\n\n<p>Yeni bir k\u00fclt\u00fcr\u00fc tan\u0131mak, farkl\u0131 insanlarla tan\u0131\u015fmak ve de\u011fi\u015fimi deneyimlemek i\u00e7in bir f\u0131rsatt\u0131r.<\/p>\n\n\n\n<p>Bu nedenle, g\u00fcvenle ve emniyetle seyahat edebilmeniz i\u00e7in her zaman ara\u015ft\u0131rmaya ve ger\u00e7ek d\u00fcnya deneyimlerine dayal\u0131 kaliteli i\u00e7erik sa\u011flamaya kendimizi adad\u0131k.<\/p>\n\n\n\n<p>Ayr\u0131ca seyahat d\u00fcnyas\u0131ndaki trend ve de\u011fi\u015fimlerden de her zaman haberdar\u0131z.<\/p>\n\n\n\n<p>\u0130ster geleneksel seyahatin hayran\u0131 olun ister alternatif seyahati tercih eden biri olun, en iyi bilgilerin parmaklar\u0131n\u0131z\u0131n ucunda olmas\u0131n\u0131 sa\u011flayaca\u011f\u0131z.<\/p>\n\n\n\n<h2 class=\"wp-block-heading\"><strong>Birlikte Seyahat Edelim mi?<\/strong><\/h2>\n\n\n\n<p>Web sitemize ho\u015f geldiniz. Yapt\u0131\u011f\u0131n\u0131z her t\u0131klaman\u0131n yeni bir yolculu\u011fun ba\u015flang\u0131c\u0131 olmas\u0131n\u0131 umuyoruz.<\/p>\n\n\n\n<p>Gelin d\u00fcnyay\u0131 birlikte ke\u015ffedelim, bir hafta sonu ve bir seferde bir gezi.<\/p>\n\n\n\n<p>Sonu\u00e7ta hayat, onu dolu dolu ya\u015famamak i\u00e7in \u00e7ok k\u0131sa ve biz onu en iyi \u015fekilde ya\u015faman\u0131z\u0131 sa\u011flamak i\u00e7in buraday\u0131z.<\/p>","protected":false},"excerpt":{"rendered":"<p>Web sitemize ho\u015f geldiniz, her hafta sonunu unutulmaz bir maceraya, her geziyi e\u015fsiz bir deneyime d\u00f6n\u00fc\u015ft\u00fcr\u00fcyoruz. Dinlenme ve e\u011flence anlar\u0131n\u0131z\u0131 en iyi \u015fekilde de\u011ferlendirebilmeniz i\u00e7in d\u00fcnyay\u0131 ke\u015ffetme ve bu ke\u015fifleri sizinle payla\u015fma konusunda tutkuluyuz. Tarihimiz Yolculu\u011fumuz basit bir tutkuyla ba\u015flad\u0131: arzu... <\/p>","protected":false},"author":1,"featured_media":0,"parent":0,"menu_order":0,"comment_status":"closed","ping_status":"closed","template":"","meta":{"footnotes":"[]"},"class_list":["post-401","page","type-page","status-publish","hentry","latest_post"],"yoast_head":"<!-- This site is optimized with the Yoast SEO plugin v27.1.1 - https:\/\/yoast.com\/product\/yoast-seo-wordpress\/ -->\n<title>Sobre N\u00f3s - Blog Racks<\/title>\n<meta name=\"description\" content=\"Bem-vindo ao nosso site, transformamos cada fim de semana numa aventura inesquec\u00edvel e cada viagem numa experi\u00eancia \u00fanica.\" \/>\n<meta name=\"robots\" content=\"index, follow, max-snippet:-1, max-image-preview:large, max-video-preview:-1\" \/>\n<link rel=\"canonical\" href=\"https:\/\/blog.racksweekend.com.br\/tr\/sobre-nos\/\" \/>\n<meta property=\"og:locale\" content=\"tr_TR\" \/>\n<meta property=\"og:type\" content=\"article\" \/>\n<meta property=\"og:title\" content=\"Sobre N\u00f3s - Blog Racks\" \/>\n<meta property=\"og:description\" content=\"Bem-vindo ao nosso site, transformamos cada fim de semana numa aventura inesquec\u00edvel e cada viagem numa experi\u00eancia \u00fanica.\" \/>\n<meta property=\"og:url\" content=\"https:\/\/blog.racksweekend.com.br\/tr\/sobre-nos\/\" \/>\n<meta property=\"og:site_name\" content=\"Blog Racks\" \/>\n<meta property=\"article:modified_time\" content=\"2024-08-23T12:48:59+00:00\" \/>\n<meta name=\"twitter:card\" content=\"summary_large_image\" \/>\n<meta name=\"twitter:label1\" content=\"Tahmini okuma s\u00fcresi\" \/>\n\t<meta name=\"twitter:data1\" content=\"4 dakika\" \/>\n<script type=\"application\/ld+json\" class=\"yoast-schema-graph\">{\"@context\":\"https:\/\/schema.org\",\"@graph\":[{\"@type\":\"WebPage\",\"@id\":\"https:\/\/blog.racksweekend.com.br\/sobre-nos\/\",\"url\":\"https:\/\/blog.racksweekend.com.br\/sobre-nos\/\",\"name\":\"Sobre N\u00f3s - Blog Racks\",\"isPartOf\":{\"@id\":\"https:\/\/blog.racksweekend.com.br\/en\/#website\"},\"datePublished\":\"2024-08-23T12:48:58+00:00\",\"dateModified\":\"2024-08-23T12:48:59+00:00\",\"description\":\"Bem-vindo ao nosso site, transformamos cada fim de semana numa aventura inesquec\u00edvel e cada viagem numa experi\u00eancia \u00fanica.\",\"breadcrumb\":{\"@id\":\"https:\/\/blog.racksweekend.com.br\/sobre-nos\/#breadcrumb\"},\"inLanguage\":\"tr\",\"potentialAction\":[{\"@type\":\"ReadAction\",\"target\":[\"https:\/\/blog.racksweekend.com.br\/sobre-nos\/\"]}]},{\"@type\":\"BreadcrumbList\",\"@id\":\"https:\/\/blog.racksweekend.com.br\/sobre-nos\/#breadcrumb\",\"itemListElement\":[{\"@type\":\"ListItem\",\"position\":1,\"name\":\"Home\",\"item\":\"https:\/\/blog.racksweekend.com.br\/en\/\"},{\"@type\":\"ListItem\",\"position\":2,\"name\":\"Sobre N\u00f3s\"}]},{\"@type\":\"WebSite\",\"@id\":\"https:\/\/blog.racksweekend.com.br\/en\/#website\",\"url\":\"https:\/\/blog.racksweekend.com.br\/en\/\",\"name\":\"Blog Racks\",\"description\":\"Weekend\",\"publisher\":{\"@id\":\"https:\/\/blog.racksweekend.com.br\/en\/#organization\"},\"potentialAction\":[{\"@type\":\"SearchAction\",\"target\":{\"@type\":\"EntryPoint\",\"urlTemplate\":\"https:\/\/blog.racksweekend.com.br\/en\/?s={search_term_string}\"},\"query-input\":{\"@type\":\"PropertyValueSpecification\",\"valueRequired\":true,\"valueName\":\"search_term_string\"}}],\"inLanguage\":\"tr\"},{\"@type\":\"Organization\",\"@id\":\"https:\/\/blog.racksweekend.com.br\/en\/#organization\",\"name\":\"Blog Racks\",\"url\":\"https:\/\/blog.racksweekend.com.br\/en\/\",\"logo\":{\"@type\":\"ImageObject\",\"inLanguage\":\"tr\",\"@id\":\"https:\/\/blog.racksweekend.com.br\/en\/#\/schema\/logo\/image\/\",\"url\":\"https:\/\/blog.racksweekend.com.br\/wp-content\/uploads\/2024\/02\/cropped-BLOG.png\",\"contentUrl\":\"https:\/\/blog.racksweekend.com.br\/wp-content\/uploads\/2024\/02\/cropped-BLOG.png\",\"width\":1248,\"height\":771,\"caption\":\"Blog Racks\"},\"image\":{\"@id\":\"https:\/\/blog.racksweekend.com.br\/en\/#\/schema\/logo\/image\/\"}}]}<\/script>\n<!-- \/ Yoast SEO plugin. -->","yoast_head_json":{"title":"Sobre N\u00f3s - Blog Racks","description":"Web sitemize ho\u015f geldiniz, her hafta sonunu unutulmaz bir maceraya, her seyahati e\u015fsiz bir deneyime d\u00f6n\u00fc\u015ft\u00fcr\u00fcyoruz.","robots":{"index":"index","follow":"follow","max-snippet":"max-snippet:-1","max-image-preview":"max-image-preview:large","max-video-preview":"max-video-preview:-1"},"canonical":"https:\/\/blog.racksweekend.com.br\/tr\/sobre-nos\/","og_locale":"tr_TR","og_type":"article","og_title":"Sobre N\u00f3s - Blog Racks","og_description":"Bem-vindo ao nosso site, transformamos cada fim de semana numa aventura inesquec\u00edvel e cada viagem numa experi\u00eancia \u00fanica.","og_url":"https:\/\/blog.racksweekend.com.br\/tr\/sobre-nos\/","og_site_name":"Blog Racks","article_modified_time":"2024-08-23T12:48:59+00:00","twitter_card":"summary_large_image","twitter_misc":{"Tahmini okuma s\u00fcresi":"4 dakika"},"schema":{"@context":"https:\/\/schema.org","@graph":[{"@type":"WebPage","@id":"https:\/\/blog.racksweekend.com.br\/sobre-nos\/","url":"https:\/\/blog.racksweekend.com.br\/sobre-nos\/","name":"Sobre N\u00f3s - Blog Racks","isPartOf":{"@id":"https:\/\/blog.racksweekend.com.br\/en\/#website"},"datePublished":"2024-08-23T12:48:58+00:00","dateModified":"2024-08-23T12:48:59+00:00","description":"Web sitemize ho\u015f geldiniz, her hafta sonunu unutulmaz bir maceraya, her seyahati e\u015fsiz bir deneyime d\u00f6n\u00fc\u015ft\u00fcr\u00fcyoruz.","breadcrumb":{"@id":"https:\/\/blog.racksweekend.com.br\/sobre-nos\/#breadcrumb"},"inLanguage":"tr","potentialAction":[{"@type":"ReadAction","target":["https:\/\/blog.racksweekend.com.br\/sobre-nos\/"]}]},{"@type":"BreadcrumbList","@id":"https:\/\/blog.racksweekend.com.br\/sobre-nos\/#breadcrumb","itemListElement":[{"@type":"ListItem","position":1,"name":"Home","item":"https:\/\/blog.racksweekend.com.br\/en\/"},{"@type":"ListItem","position":2,"name":"Sobre N\u00f3s"}]},{"@type":"WebSite","@id":"https:\/\/blog.racksweekend.com.br\/en\/#website","url":"https:\/\/blog.racksweekend.com.br\/en\/","name":"Blog Raflar\u0131","description":"Hafta sonu","publisher":{"@id":"https:\/\/blog.racksweekend.com.br\/en\/#organization"},"potentialAction":[{"@type":"SearchAction","target":{"@type":"EntryPoint","urlTemplate":"https:\/\/blog.racksweekend.com.br\/en\/?s={search_term_string}"},"query-input":{"@type":"PropertyValueSpecification","valueRequired":true,"valueName":"search_term_string"}}],"inLanguage":"tr"},{"@type":"Organization","@id":"https:\/\/blog.racksweekend.com.br\/en\/#organization","name":"Blog Raflar\u0131","url":"https:\/\/blog.racksweekend.com.br\/en\/","logo":{"@type":"ImageObject","inLanguage":"tr","@id":"https:\/\/blog.racksweekend.com.br\/en\/#\/schema\/logo\/image\/","url":"https:\/\/blog.racksweekend.com.br\/wp-content\/uploads\/2024\/02\/cropped-BLOG.png","contentUrl":"https:\/\/blog.racksweekend.com.br\/wp-content\/uploads\/2024\/02\/cropped-BLOG.png","width":1248,"height":771,"caption":"Blog Racks"},"image":{"@id":"https:\/\/blog.racksweekend.com.br\/en\/#\/schema\/logo\/image\/"}}]}},"_links":{"self":[{"href":"https:\/\/blog.racksweekend.com.br\/tr\/wp-json\/wp\/v2\/pages\/401","targetHints":{"allow":["GET"]}}],"collection":[{"href":"https:\/\/blog.racksweekend.com.br\/tr\/wp-json\/wp\/v2\/pages"}],"about":[{"href":"https:\/\/blog.racksweekend.com.br\/tr\/wp-json\/wp\/v2\/types\/page"}],"author":[{"embeddable":true,"href":"https:\/\/blog.racksweekend.com.br\/tr\/wp-json\/wp\/v2\/users\/1"}],"replies":[{"embeddable":true,"href":"https:\/\/blog.racksweekend.com.br\/tr\/wp-json\/wp\/v2\/comments?post=401"}],"version-history":[{"count":1,"href":"https:\/\/blog.racksweekend.com.br\/tr\/wp-json\/wp\/v2\/pages\/401\/revisions"}],"predecessor-version":[{"id":402,"href":"https:\/\/blog.racksweekend.com.br\/tr\/wp-json\/wp\/v2\/pages\/401\/revisions\/402"}],"wp:attachment":[{"href":"https:\/\/blog.racksweekend.com.br\/tr\/wp-json\/wp\/v2\/media?parent=401"}],"curies":[{"name":"wp","href":"https:\/\/api.w.org\/{rel}","templated":true}]}}